{"id":2386,"date":"2025-03-21T10:05:18","date_gmt":"2025-03-21T09:05:18","guid":{"rendered":"https:\/\/easy-shipping-online.com\/otisk\/"},"modified":"2025-07-22T12:19:22","modified_gmt":"2025-07-22T10:19:22","slug":"otisk","status":"publish","type":"page","link":"https:\/\/easy-shipping-online.com\/cs\/otisk\/","title":{"rendered":"Otisk"},"content":{"rendered":"\t\t<div data-elementor-type=\"wp-page\" data-elementor-id=\"2386\" class=\"elementor elementor-2386 elementor-1762\" data-elementor-post-type=\"page\">\n\t\t\t\t<div class=\"elementor-element elementor-element-c2bcd43 e-flex e-con-boxed e-con e-parent\" data-id=\"c2bcd43\" data-element_type=\"container\" data-e-type=\"container\" data-settings=\"{&quot;background_background&quot;:&quot;gradient&quot;}\">\n\t\t\t\t\t<div class=\"e-con-inner\">\n\t\t\t\t<div class=\"elementor-element elementor-element-62727b1 animated-fast elementor-invisible elementor-widget elementor-widget-heading\" data-id=\"62727b1\" data-element_type=\"widget\" data-e-type=\"widget\" data-settings=\"{&quot;_animation&quot;:&quot;fadeInUp&quot;}\" data-widget_type=\"heading.default\">\n\t\t\t\t<div class=\"elementor-widget-container\">\n\t\t\t\t\t<h1 class=\"elementor-heading-title elementor-size-default\">Otisk<\/h1>\t\t\t\t<\/div>\n\t\t\t\t<\/div>\n\t\t\t\t\t<\/div>\n\t\t\t\t<\/div>\n\t\t<div class=\"elementor-element elementor-element-e7a1273 e-flex e-con-boxed e-con e-parent\" data-id=\"e7a1273\" data-element_type=\"container\" data-e-type=\"container\">\n\t\t\t\t\t<div class=\"e-con-inner\">\n\t\t\t\t<div class=\"elementor-element elementor-element-dbf5822 elementor-widget elementor-widget-text-editor\" data-id=\"dbf5822\" data-element_type=\"widget\" data-e-type=\"widget\" data-widget_type=\"text-editor.default\">\n\t\t\t\t<div class=\"elementor-widget-container\">\n\t\t\t\t\t\t\t\t\t<h4><strong>Informace podle \u00a7 5 TMG<\/strong><\/h4><p>Easy-Shipping-Online GmbH<br>Winzerweg 3<br>79291 Merdingen<\/p><p><strong>Zastoupen\u00e1:<\/strong><\/p><p data-prosemirror-content-type=\"node\" data-prosemirror-node-name=\"paragraph\" data-prosemirror-node-block=\"true\" data-pm-slice=\"1 1 []\">Carsten Caliendo, Stefan Caliendo<\/p><p>UST ID: DE449550791<\/p><p>Obchodn\u00ed rejst\u0159\u00edk: HRB 731866<br>Rejst\u0159\u00edkov\u00fd soud Freiburg<\/p><p><strong>Kontaktujte n\u00e1s<\/strong><\/p><p>E-mail: info@easy-shipping-online.com<\/p><p><strong>\u0158e\u0161en\u00ed spor\u016f v EU<\/strong><\/p><p>Evropsk\u00e1 komise poskytuje platformu pro online \u0159e\u0161en\u00ed spor\u016f (OS):<br>https:\/\/ec.europa.eu\/consumers\/odr\/.<br>Na\u0161i e-mailovou adresu najdete ve v\u00fd\u0161e uveden\u00e9m pr\u00e1vn\u00edm upozorn\u011bn\u00ed.<\/p><p><strong>\u0158e\u0161en\u00ed spot\u0159ebitelsk\u00fdch spor\u016f\/univerz\u00e1ln\u00ed rozhod\u010d\u00ed centrum<\/strong><\/p><p>Nejsme ochotni ani povinni \u00fa\u010dastnit se \u0159\u00edzen\u00ed o \u0159e\u0161en\u00ed spor\u016f p\u0159ed spot\u0159ebitelskou rozhod\u010d\u00ed komis\u00ed.<\/p><h3>Odpov\u011bdnost za obsah<\/h3><p>Jako poskytovatel slu\u017eeb jsme v souladu s \u00a7 7 odst. 1 TMG (n\u011bmeck\u00fd z\u00e1kon o telem\u00e9di\u00edch) a obecn\u00fdmi pr\u00e1vn\u00edmi p\u0159edpisy odpov\u011bdn\u00ed za vlastn\u00ed obsah t\u011bchto str\u00e1nek. Podle \u00a7\u00a7 8 a\u017e 10 TMG v\u0161ak nejsme jako poskytovatel slu\u017eeb povinni sledovat p\u0159en\u00e1\u0161en\u00e9 nebo ukl\u00e1dan\u00e9 informace t\u0159et\u00edch stran ani vy\u0161et\u0159ovat okolnosti, kter\u00e9 nazna\u010duj\u00ed nez\u00e1konnou \u010dinnost. Povinnosti odstranit nebo zablokovat pou\u017e\u00edv\u00e1n\u00ed informac\u00ed v souladu s obecn\u00fdmi pr\u00e1vn\u00edmi p\u0159edpisy t\u00edm nejsou dot\u010deny. Odpov\u011bdnost v tomto ohledu je v\u0161ak mo\u017en\u00e1 a\u017e od okam\u017eiku, kdy se o konkr\u00e9tn\u00edm poru\u0161en\u00ed dozv\u00edte. Jakmile se o takov\u00e9m poru\u0161en\u00ed dozv\u00edme, okam\u017eit\u011b tento obsah odstran\u00edme.     <\/p><h3>Odpov\u011bdnost za odkazy<\/h3><p>Na\u0161e webov\u00e9 str\u00e1nky obsahuj\u00ed odkazy na extern\u00ed webov\u00e9 str\u00e1nky t\u0159et\u00edch stran, na jejich\u017e obsah nem\u00e1me \u017e\u00e1dn\u00fd vliv. Proto nem\u016f\u017eeme p\u0159evz\u00edt \u017e\u00e1dnou odpov\u011bdnost za tento obsah t\u0159et\u00edch stran. Za obsah odkazovan\u00fdch str\u00e1nek je v\u017edy odpov\u011bdn\u00fd p\u0159\u00edslu\u0161n\u00fd poskytovatel nebo provozovatel str\u00e1nek. Odkazovan\u00e9 str\u00e1nky byly v dob\u011b odkazov\u00e1n\u00ed zkontrolov\u00e1ny z hlediska mo\u017en\u00e9ho poru\u0161en\u00ed pr\u00e1vn\u00edch p\u0159edpis\u016f. Nez\u00e1konn\u00fd obsah nebyl v dob\u011b odkazov\u00e1n\u00ed rozpozn\u00e1n. Trval\u00e1 kontrola obsahu odkazovan\u00fdch str\u00e1nek v\u0161ak nen\u00ed bez konkr\u00e9tn\u00edch d\u016fkaz\u016f o protipr\u00e1vn\u00edm jedn\u00e1n\u00ed \u00fa\u010deln\u00e1. Pokud se dozv\u00edme o jak\u00e9mkoli poru\u0161en\u00ed pr\u00e1vn\u00edch p\u0159edpis\u016f, okam\u017eit\u011b takov\u00e9 odkazy odstran\u00edme.      <\/p><h3>Autorsk\u00e1 pr\u00e1va<\/h3><p>Obsah a d\u00edla vytvo\u0159en\u00e1 provozovateli str\u00e1nek na t\u011bchto str\u00e1nk\u00e1ch podl\u00e9haj\u00ed n\u011bmeck\u00e9mu autorsk\u00e9mu pr\u00e1vu. Kop\u00edrov\u00e1n\u00ed, zpracov\u00e1n\u00ed, \u0161\u00ed\u0159en\u00ed a jak\u00fdkoli zp\u016fsob vyu\u017eit\u00ed nad r\u00e1mec autorsk\u00e9ho pr\u00e1va vy\u017eaduje p\u00edsemn\u00fd souhlas p\u0159\u00edslu\u0161n\u00e9ho autora nebo tv\u016frce. Stahov\u00e1n\u00ed a kop\u00edrov\u00e1n\u00ed t\u011bchto str\u00e1nek je povoleno pouze pro soukrom\u00e9, nekomer\u010dn\u00ed pou\u017eit\u00ed. Pokud obsah t\u011bchto str\u00e1nek nebyl vytvo\u0159en provozovatelem, jsou autorsk\u00e1 pr\u00e1va t\u0159et\u00edch stran respektov\u00e1na. Zejm\u00e9na obsah t\u0159et\u00edch stran je takto ozna\u010den. Pokud se p\u0159esto dozv\u00edte o poru\u0161en\u00ed autorsk\u00fdch pr\u00e1v, informujte n\u00e1s o tom. Pokud se o poru\u0161en\u00ed dozv\u00edme, takov\u00fd obsah neprodlen\u011b odstran\u00edme.      <\/p>\t\t\t\t\t\t\t\t<\/div>\n\t\t\t\t<\/div>\n\t\t\t\t\t<\/div>\n\t\t\t\t<\/div>\n\t\t\t\t<\/div>\n\t\t","protected":false},"excerpt":{"rendered":"<p>Otisk Informace podle \u00a7 5 TMG Easy-Shipping-Online GmbHWinzerweg 379291 Merdingen Zastoupen\u00e1: Carsten Caliendo, Stefan Caliendo UST ID: DE449550791 Obchodn\u00ed rejst\u0159\u00edk: HRB 731866Rejst\u0159\u00edkov\u00fd soud Freiburg Kontaktujte n\u00e1s E-mail: info@easy-shipping-online.com \u0158e\u0161en\u00ed spor\u016f v EU Evropsk\u00e1 komise poskytuje platformu pro online \u0159e\u0161en\u00ed spor\u016f (OS):https:\/\/ec.europa.eu\/consumers\/odr\/.Na\u0161i e-mailovou adresu najdete ve v\u00fd\u0161e uveden\u00e9m pr\u00e1vn\u00edm upozorn\u011bn\u00ed. \u0158e\u0161en\u00ed spot\u0159ebitelsk\u00fdch spor\u016f\/univerz\u00e1ln\u00ed rozhod\u010d\u00ed centrum Nejsme [&hellip;]<\/p>\n","protected":false},"author":1,"featured_media":0,"parent":0,"menu_order":0,"comment_status":"closed","ping_status":"closed","template":"","meta":{"footnotes":""},"class_list":["post-2386","page","type-page","status-publish","hentry"],"yoast_head":"<!-- This site is optimized with the Yoast SEO plugin v27.0 - https:\/\/yoast.com\/product\/yoast-seo-wordpress\/ -->\n<title>Otisk - Easy-Shipping-Online<\/title>\n<meta name=\"description\" content=\"Tir\u00e1\u017e spole\u010dnosti Easy-Shipping-Online GmbH - Informace podle \u00a7 5 TMG: Adresa, kontaktn\u00ed \u00fadaje a pr\u00e1vn\u00ed z\u00e1stupci na prvn\u00ed pohled.\" \/>\n<meta name=\"robots\" content=\"index, follow, max-snippet:-1, max-image-preview:large, max-video-preview:-1\" \/>\n<link rel=\"canonical\" href=\"https:\/\/easy-shipping-online.com\/cs\/otisk\/\" \/>\n<meta property=\"og:locale\" content=\"cs_CZ\" \/>\n<meta property=\"og:type\" content=\"article\" \/>\n<meta property=\"og:title\" content=\"Otisk - Easy-Shipping-Online\" \/>\n<meta property=\"og:description\" content=\"Tir\u00e1\u017e spole\u010dnosti Easy-Shipping-Online GmbH - Informace podle \u00a7 5 TMG: Adresa, kontaktn\u00ed \u00fadaje a pr\u00e1vn\u00ed z\u00e1stupci na prvn\u00ed pohled.\" \/>\n<meta property=\"og:url\" content=\"https:\/\/easy-shipping-online.com\/cs\/otisk\/\" \/>\n<meta property=\"og:site_name\" content=\"Easy-Shipping-Online\" \/>\n<meta property=\"article:modified_time\" content=\"2025-07-22T10:19:22+00:00\" \/>\n<meta name=\"twitter:card\" content=\"summary_large_image\" \/>\n<meta name=\"twitter:label1\" content=\"Odhadovan\u00e1 doba \u010dten\u00ed\" \/>\n\t<meta name=\"twitter:data1\" content=\"2 minuty\" \/>\n<script type=\"application\/ld+json\" class=\"yoast-schema-graph\">{\"@context\":\"https:\/\/schema.org\",\"@graph\":[{\"@type\":\"WebPage\",\"@id\":\"https:\/\/easy-shipping-online.com\/cs\/otisk\/\",\"url\":\"https:\/\/easy-shipping-online.com\/cs\/otisk\/\",\"name\":\"Otisk - Easy-Shipping-Online\",\"isPartOf\":{\"@id\":\"https:\/\/easy-shipping-online.com\/cs\/#website\"},\"datePublished\":\"2025-03-21T09:05:18+00:00\",\"dateModified\":\"2025-07-22T10:19:22+00:00\",\"description\":\"Tir\u00e1\u017e spole\u010dnosti Easy-Shipping-Online GmbH - Informace podle \u00a7 5 TMG: Adresa, kontaktn\u00ed \u00fadaje a pr\u00e1vn\u00ed z\u00e1stupci na prvn\u00ed pohled.\",\"breadcrumb\":{\"@id\":\"https:\/\/easy-shipping-online.com\/cs\/otisk\/#breadcrumb\"},\"inLanguage\":\"cs\",\"potentialAction\":[{\"@type\":\"ReadAction\",\"target\":[\"https:\/\/easy-shipping-online.com\/cs\/otisk\/\"]}]},{\"@type\":\"BreadcrumbList\",\"@id\":\"https:\/\/easy-shipping-online.com\/cs\/otisk\/#breadcrumb\",\"itemListElement\":[{\"@type\":\"ListItem\",\"position\":1,\"name\":\"Startseite\",\"item\":\"https:\/\/easy-shipping-online.com\/cs\/\"},{\"@type\":\"ListItem\",\"position\":2,\"name\":\"Otisk\"}]},{\"@type\":\"WebSite\",\"@id\":\"https:\/\/easy-shipping-online.com\/cs\/#website\",\"url\":\"https:\/\/easy-shipping-online.com\/cs\/\",\"name\":\"Easy-Shipping-Online\",\"description\":\"Auftragsmanagement f\u00fcr Transportdienstleister\",\"publisher\":{\"@id\":\"https:\/\/easy-shipping-online.com\/cs\/#organization\"},\"potentialAction\":[{\"@type\":\"SearchAction\",\"target\":{\"@type\":\"EntryPoint\",\"urlTemplate\":\"https:\/\/easy-shipping-online.com\/cs\/?s={search_term_string}\"},\"query-input\":{\"@type\":\"PropertyValueSpecification\",\"valueRequired\":true,\"valueName\":\"search_term_string\"}}],\"inLanguage\":\"cs\"},{\"@type\":\"Organization\",\"@id\":\"https:\/\/easy-shipping-online.com\/cs\/#organization\",\"name\":\"Easy-Shipping-Online GmbH\",\"url\":\"https:\/\/easy-shipping-online.com\/cs\/\",\"logo\":{\"@type\":\"ImageObject\",\"inLanguage\":\"cs\",\"@id\":\"https:\/\/easy-shipping-online.com\/cs\/#\/schema\/logo\/image\/\",\"url\":\"https:\/\/easy-shipping-online.com\/wp-content\/uploads\/2025\/01\/eso_logo_subline.svg\",\"contentUrl\":\"https:\/\/easy-shipping-online.com\/wp-content\/uploads\/2025\/01\/eso_logo_subline.svg\",\"width\":584,\"height\":235,\"caption\":\"Easy-Shipping-Online GmbH\"},\"image\":{\"@id\":\"https:\/\/easy-shipping-online.com\/cs\/#\/schema\/logo\/image\/\"}}]}<\/script>\n<!-- \/ Yoast SEO plugin. -->","yoast_head_json":{"title":"Otisk - Easy-Shipping-Online","description":"Tir\u00e1\u017e spole\u010dnosti Easy-Shipping-Online GmbH - Informace podle \u00a7 5 TMG: Adresa, kontaktn\u00ed \u00fadaje a pr\u00e1vn\u00ed z\u00e1stupci na prvn\u00ed pohled.","robots":{"index":"index","follow":"follow","max-snippet":"max-snippet:-1","max-image-preview":"max-image-preview:large","max-video-preview":"max-video-preview:-1"},"canonical":"https:\/\/easy-shipping-online.com\/cs\/otisk\/","og_locale":"cs_CZ","og_type":"article","og_title":"Otisk - Easy-Shipping-Online","og_description":"Tir\u00e1\u017e spole\u010dnosti Easy-Shipping-Online GmbH - Informace podle \u00a7 5 TMG: Adresa, kontaktn\u00ed \u00fadaje a pr\u00e1vn\u00ed z\u00e1stupci na prvn\u00ed pohled.","og_url":"https:\/\/easy-shipping-online.com\/cs\/otisk\/","og_site_name":"Easy-Shipping-Online","article_modified_time":"2025-07-22T10:19:22+00:00","twitter_card":"summary_large_image","twitter_misc":{"Odhadovan\u00e1 doba \u010dten\u00ed":"2 minuty"},"schema":{"@context":"https:\/\/schema.org","@graph":[{"@type":"WebPage","@id":"https:\/\/easy-shipping-online.com\/cs\/otisk\/","url":"https:\/\/easy-shipping-online.com\/cs\/otisk\/","name":"Otisk - Easy-Shipping-Online","isPartOf":{"@id":"https:\/\/easy-shipping-online.com\/cs\/#website"},"datePublished":"2025-03-21T09:05:18+00:00","dateModified":"2025-07-22T10:19:22+00:00","description":"Tir\u00e1\u017e spole\u010dnosti Easy-Shipping-Online GmbH - Informace podle \u00a7 5 TMG: Adresa, kontaktn\u00ed \u00fadaje a pr\u00e1vn\u00ed z\u00e1stupci na prvn\u00ed pohled.","breadcrumb":{"@id":"https:\/\/easy-shipping-online.com\/cs\/otisk\/#breadcrumb"},"inLanguage":"cs","potentialAction":[{"@type":"ReadAction","target":["https:\/\/easy-shipping-online.com\/cs\/otisk\/"]}]},{"@type":"BreadcrumbList","@id":"https:\/\/easy-shipping-online.com\/cs\/otisk\/#breadcrumb","itemListElement":[{"@type":"ListItem","position":1,"name":"Startseite","item":"https:\/\/easy-shipping-online.com\/cs\/"},{"@type":"ListItem","position":2,"name":"Otisk"}]},{"@type":"WebSite","@id":"https:\/\/easy-shipping-online.com\/cs\/#website","url":"https:\/\/easy-shipping-online.com\/cs\/","name":"Easy-Shipping-Online","description":"Auftragsmanagement f\u00fcr Transportdienstleister","publisher":{"@id":"https:\/\/easy-shipping-online.com\/cs\/#organization"},"potentialAction":[{"@type":"SearchAction","target":{"@type":"EntryPoint","urlTemplate":"https:\/\/easy-shipping-online.com\/cs\/?s={search_term_string}"},"query-input":{"@type":"PropertyValueSpecification","valueRequired":true,"valueName":"search_term_string"}}],"inLanguage":"cs"},{"@type":"Organization","@id":"https:\/\/easy-shipping-online.com\/cs\/#organization","name":"Easy-Shipping-Online GmbH","url":"https:\/\/easy-shipping-online.com\/cs\/","logo":{"@type":"ImageObject","inLanguage":"cs","@id":"https:\/\/easy-shipping-online.com\/cs\/#\/schema\/logo\/image\/","url":"https:\/\/easy-shipping-online.com\/wp-content\/uploads\/2025\/01\/eso_logo_subline.svg","contentUrl":"https:\/\/easy-shipping-online.com\/wp-content\/uploads\/2025\/01\/eso_logo_subline.svg","width":584,"height":235,"caption":"Easy-Shipping-Online GmbH"},"image":{"@id":"https:\/\/easy-shipping-online.com\/cs\/#\/schema\/logo\/image\/"}}]}},"_links":{"self":[{"href":"https:\/\/easy-shipping-online.com\/cs\/wp-json\/wp\/v2\/pages\/2386","targetHints":{"allow":["GET"]}}],"collection":[{"href":"https:\/\/easy-shipping-online.com\/cs\/wp-json\/wp\/v2\/pages"}],"about":[{"href":"https:\/\/easy-shipping-online.com\/cs\/wp-json\/wp\/v2\/types\/page"}],"author":[{"embeddable":true,"href":"https:\/\/easy-shipping-online.com\/cs\/wp-json\/wp\/v2\/users\/1"}],"replies":[{"embeddable":true,"href":"https:\/\/easy-shipping-online.com\/cs\/wp-json\/wp\/v2\/comments?post=2386"}],"version-history":[{"count":5,"href":"https:\/\/easy-shipping-online.com\/cs\/wp-json\/wp\/v2\/pages\/2386\/revisions"}],"predecessor-version":[{"id":4035,"href":"https:\/\/easy-shipping-online.com\/cs\/wp-json\/wp\/v2\/pages\/2386\/revisions\/4035"}],"wp:attachment":[{"href":"https:\/\/easy-shipping-online.com\/cs\/wp-json\/wp\/v2\/media?parent=2386"}],"curies":[{"name":"wp","href":"https:\/\/api.w.org\/{rel}","templated":true}]}}