{"id":3985,"date":"2025-07-14T16:05:01","date_gmt":"2025-07-14T14:05:01","guid":{"rendered":"https:\/\/easy-shipping-online.com\/gtc\/"},"modified":"2025-07-22T12:22:15","modified_gmt":"2025-07-22T10:22:15","slug":"gtc","status":"publish","type":"page","link":"https:\/\/easy-shipping-online.com\/cs\/gtc\/","title":{"rendered":"GTC"},"content":{"rendered":"\t\t<div data-elementor-type=\"wp-page\" data-elementor-id=\"3985\" class=\"elementor elementor-3985 elementor-3948\" data-elementor-post-type=\"page\">\n\t\t\t\t<div class=\"elementor-element elementor-element-c2bcd43 e-flex e-con-boxed e-con e-parent\" data-id=\"c2bcd43\" data-element_type=\"container\" data-e-type=\"container\" data-settings=\"{&quot;background_background&quot;:&quot;gradient&quot;}\">\n\t\t\t\t\t<div class=\"e-con-inner\">\n\t\t\t\t<div class=\"elementor-element elementor-element-62727b1 animated-fast elementor-invisible elementor-widget elementor-widget-heading\" data-id=\"62727b1\" data-element_type=\"widget\" data-e-type=\"widget\" data-settings=\"{&quot;_animation&quot;:&quot;fadeInUp&quot;}\" data-widget_type=\"heading.default\">\n\t\t\t\t<div class=\"elementor-widget-container\">\n\t\t\t\t\t<h1 class=\"elementor-heading-title elementor-size-default\">GTC<\/h1>\t\t\t\t<\/div>\n\t\t\t\t<\/div>\n\t\t\t\t\t<\/div>\n\t\t\t\t<\/div>\n\t\t<div class=\"elementor-element elementor-element-e7a1273 e-flex e-con-boxed e-con e-parent\" data-id=\"e7a1273\" data-element_type=\"container\" data-e-type=\"container\">\n\t\t\t\t\t<div class=\"e-con-inner\">\n\t\t\t\t<div class=\"elementor-element elementor-element-dbf5822 elementor-widget elementor-widget-text-editor\" data-id=\"dbf5822\" data-element_type=\"widget\" data-e-type=\"widget\" data-widget_type=\"text-editor.default\">\n\t\t\t\t<div class=\"elementor-widget-container\">\n\t\t\t\t\t\t\t\t\t<h4 style=\"font-weight: 400;\"><strong>V\u0161eobecn\u00e9 obchodn\u00ed podm\u00ednky (AGB)<\/strong><\/h4><p style=\"font-weight: 400;\">za pou\u017e\u00edv\u00e1n\u00ed p\u0159edplacen\u00e9ho internetov\u00e9ho zas\u00edlac\u00edho softwaru spole\u010dnosti Easy-Shipping-Online GmbH.<\/p><div><div>Verze 3.0 od 17\/06\/2025<\/div><div> <\/div><\/div><h3>\u00a7 1 Oblast p\u016fsobnosti<\/h3><p>Tyto v\u0161eobecn\u00e9 obchodn\u00ed podm\u00ednky (VOP) se vztahuj\u00ed na pou\u017e\u00edv\u00e1n\u00ed p\u0159edplacen\u00e9ho softwaru pro internetov\u00e9 zas\u00edl\u00e1n\u00ed (d\u00e1le jen &#8222;software&#8220;) spole\u010dnosti Easy-Shipping-Online GmbH, zastoupen\u00e9 Carstenem Caliendem a Stefanem Caliendem, Winzerweg 3, 79291 Merdingen (d\u00e1le jen &#8222;poskytovatel&#8220;) a z\u00e1kazn\u00edky (d\u00e1le jen &#8222;z\u00e1kazn\u00edci&#8220; nebo &#8222;u\u017eivatel\u00e9&#8220;).<\/p><p>Software byl vyvinut speci\u00e1ln\u011b pro zpracov\u00e1n\u00ed p\u0159epravn\u00edch zak\u00e1zek a je ur\u010den v\u00fdhradn\u011b pro podnikatele podle \u00a7 14 ob\u010dansk\u00e9ho z\u00e1kon\u00edku (BGB), jako jsou firmy, spedit\u00e9\u0159i a poskytovatel\u00e9 p\u0159epravn\u00edch slu\u017eeb. Soukrom\u00e9 osoby podle \u00a7 13 BGB jsou z pou\u017e\u00edv\u00e1n\u00ed vylou\u010deny. <\/p><p>V\u0161eobecn\u00e9 obchodn\u00ed podm\u00ednky z\u00e1kazn\u00edka nejsou akceptov\u00e1ny, i kdy\u017e jejich platnost nen\u00ed v\u00fdslovn\u011b pop\u0159ena.<\/p><h3>\u00a7 2 Popis slu\u017eby<\/h3><p>Poskytovatel poskytuje u\u017eivateli software, kter\u00fd lze pou\u017e\u00edvat v souladu se zvolen\u00fdmi p\u0159edplacen\u00fdmi tarify. Software umo\u017e\u0148uje u\u017eivateli prov\u00e1d\u011bt, spravovat a vytv\u00e1\u0159et obchodn\u00ed dokumenty, jako jsou nab\u00eddky, faktury a objedn\u00e1vky p\u0159epravy. <\/p><p>P\u0159esn\u00e9 funkce a vlastnosti softwaru jsou podrobn\u011b uvedeny na webov\u00fdch str\u00e1nk\u00e1ch poskytovatele a v popisu p\u0159\u00edslu\u0161n\u00e9ho produktu. U\u017eivatel je povinen se p\u0159ed uzav\u0159en\u00edm smlouvy o poskytnut\u00fdch informac\u00edch informovat. <\/p><p>Poskytovatel zaru\u010duje funk\u010dnost softwaru v souladu s uveden\u00fdmi specifikacemi. K pou\u017e\u00edv\u00e1n\u00ed softwaru je nutn\u00e9 p\u0159ipojen\u00ed k internetu, jeho\u017e dostupnost a kvalita je mimo oblast odpov\u011bdnosti poskytovatele. <\/p><p>Poskytovatel poskytuje u\u017eivateli pravideln\u00e9 aktualizace a vylep\u0161en\u00ed softwaru po dobu trv\u00e1n\u00ed smlouvy. U\u017eivatel je povinen tyto aktualizace instalovat, aby bylo zaji\u0161t\u011bno \u0159\u00e1dn\u00e9 fungov\u00e1n\u00ed softwaru. <\/p><p>Poskytovatel nab\u00edz\u00ed u\u017eivatel\u016fm technickou podporu, kter\u00e1 je k dispozici v b\u011b\u017en\u00e9 pracovn\u00ed dob\u011b. Podpora zahrnuje pomoc p\u0159i \u0159e\u0161en\u00ed technick\u00fdch probl\u00e9m\u016f a ot\u00e1zek t\u00fdkaj\u00edc\u00edch se provozu softwaru. <\/p><p>Poskytovatel garantuje pr\u016fm\u011brnou ro\u010dn\u00ed dostupnost softwaru 98 %. Tato dostupnost nezahrnuje obdob\u00ed, kdy je software nedostupn\u00fd z d\u016fvodu \u00fadr\u017eby, aktualizac\u00ed nebo vy\u0161\u0161\u00ed moci. Poskytovatel bude u\u017eivatele v\u010das informovat o pl\u00e1novan\u00fdch \u00fadr\u017ebov\u00fdch prac\u00edch.  <\/p><p>Poskytovatel nezaru\u010duje kompatibilitu softwaru s koncov\u00fdmi za\u0159\u00edzen\u00edmi, opera\u010dn\u00edmi syst\u00e9my nebo jin\u00fdmi softwarov\u00fdmi programy pou\u017e\u00edvan\u00fdmi u\u017eivatelem. P\u0159ed pou\u017eit\u00edm softwaru je u\u017eivatel povinen se ujistit, \u017ee jeho technick\u00e9 po\u017eadavky umo\u017e\u0148uj\u00ed pou\u017eit\u00ed softwaru. <\/p><p>Poskytovatel si vyhrazuje pr\u00e1vo na dal\u0161\u00ed v\u00fdvoj softwaru a na zm\u011bny funkc\u00ed a v\u00fdkonov\u00fdch vlastnost\u00ed, pokud tyto zm\u011bny v\u00fdznamn\u011b nezhor\u0161\u00ed smluvn\u011b dohodnut\u00e9 hlavn\u00ed slu\u017eby. U\u017eivatel bude o t\u011bchto zm\u011bn\u00e1ch v\u010das informov\u00e1n. <\/p><p>Poskytovatel je opr\u00e1vn\u011bn do\u010dasn\u011b nebo trvale p\u0159eru\u0161it poskytov\u00e1n\u00ed softwaru nebo jeho \u010d\u00e1st\u00ed, pokud to bude nutn\u00e9 ze z\u00e1va\u017en\u00fdch d\u016fvod\u016f. V takov\u00e9m p\u0159\u00edpad\u011b bude u\u017eivatel v\u010das informov\u00e1n a v p\u0159\u00edpad\u011b pot\u0159eby mu bude nab\u00eddnuto alternativn\u00ed \u0159e\u0161en\u00ed. <\/p><p>Rozsah smlouvy se \u0159\u00edd\u00ed p\u0159edplacen\u00fdm tarifem, kter\u00fd si u\u017eivatel zvolil. U\u017eivatel nem\u00e1 n\u00e1rok na \u017e\u00e1dn\u00e9 dal\u0161\u00ed slu\u017eby, kter\u00e9 nejsou v\u00fdslovn\u011b uvedeny ve smlouv\u011b nebo v popisu produktu. Zm\u011bny rozsahu slu\u017eeb mus\u00ed b\u00fdt provedeny p\u00edsemn\u011b a vy\u017eaduj\u00ed v\u00fdslovn\u00fd souhlas obou smluvn\u00edch stran.  <\/p><h3>\u00a7 3 Uzav\u0159en\u00ed smlouvy<\/h3><p>Poskytovatel poskytuje informace o nab\u00edzen\u00e9m softwaru a r\u016fzn\u00fdch p\u0159edplacen\u00fdch tarifech na sv\u00fdch internetov\u00fdch str\u00e1nk\u00e1ch nebo prost\u0159ednictv\u00edm jin\u00fdch komunika\u010dn\u00edch kan\u00e1l\u016f. Tyto informace jsou nez\u00e1vazn\u00e9 a nep\u0159edstavuj\u00ed pr\u00e1vn\u011b z\u00e1vaznou nab\u00eddku. <\/p><p>Z\u00e1kazn\u00edk m\u016f\u017ee podat z\u00e1vaznou nab\u00eddku na uzav\u0159en\u00ed smlouvy v\u00fdb\u011brem po\u017eadovan\u00e9ho p\u0159edplacen\u00e9ho tarifu a vypln\u011bn\u00edm p\u0159\u00edslu\u0161n\u00e9ho online objedn\u00e1vkov\u00e9ho formul\u00e1\u0159e. U\u017eivatel mus\u00ed uv\u00e9st sv\u00e9 osobn\u00ed \u00fadaje a po\u017eadovan\u00fd zp\u016fsob platby. <\/p><p>Po odesl\u00e1n\u00ed online objedn\u00e1vkov\u00e9ho formul\u00e1\u0159e a \u00fasp\u011b\u0161n\u00e9 platb\u011b p\u0159edem obdr\u017e\u00ed z\u00e1kazn\u00edk e-mailem automatick\u00e9 potvrzen\u00ed objedn\u00e1vky. Toto potvrzen\u00ed objedn\u00e1vky p\u0159edstavuje p\u0159ijet\u00ed nab\u00eddky ze strany poskytovatele. <\/p><p>Z\u00e1kazn\u00edk je povinen zkontrolovat platebn\u00ed \u00fadaje uveden\u00e9 v objedn\u00e1vce a zaplatit poplatek za pou\u017e\u00edv\u00e1n\u00ed p\u0159edem ve stanoven\u00e9 lh\u016ft\u011b.<\/p><p>Smlouva je uzav\u0159ena po obdr\u017een\u00ed potvrzen\u00ed objedn\u00e1vky z\u00e1kazn\u00edkem.<\/p><p>Poskytovatel si vyhrazuje pr\u00e1vo odm\u00edtnout nab\u00eddku z\u00e1kazn\u00edka bez ud\u00e1n\u00ed d\u016fvodu. V takov\u00e9m p\u0159\u00edpad\u011b bude z\u00e1kazn\u00edk informov\u00e1n a nebudou mu \u00fa\u010dtov\u00e1ny \u017e\u00e1dn\u00e9 n\u00e1klady. <\/p><p>Smlouva se uzav\u00edr\u00e1 v n\u011bm\u010din\u011b. Poskytovatel je opr\u00e1vn\u011bn nab\u00eddnout uzav\u0159en\u00ed smlouvy i v jin\u00fdch jazyc\u00edch, p\u0159i\u010dem\u017e v takov\u00e9m p\u0159\u00edpad\u011b m\u00e1 v p\u0159\u00edpad\u011b pochybnost\u00ed p\u0159ednost n\u011bmeck\u00e1 verze smlouvy. <\/p><h3>\u00a7 4 Tarify a u\u017eivatel\u00e9<\/h3><p>Poskytovatel nab\u00edz\u00ed pou\u017e\u00edv\u00e1n\u00ed softwaru v r\u016fzn\u00fdch p\u0159edplacen\u00fdch tarifech. Tarify jsou odstup\u0148ov\u00e1ny n\u00e1sledovn\u011b: <\/p><ul><li><strong>Flex<\/strong>: 29,00 Euro, pou\u017e\u00edv\u00e1n\u00ed softwaru po dobu 1 m\u011bs\u00edce<\/li><li><strong>Smart<\/strong>: 87,00 Euro, pou\u017e\u00edv\u00e1n\u00ed softwaru po dobu 3 m\u011bs\u00edc\u016f<\/li><li><strong>Partner<\/strong>: 348,00 Euro, pou\u017e\u00edv\u00e1n\u00ed softwaru po dobu 12 m\u011bs\u00edc\u016f<\/li><\/ul><p>Ka\u017ed\u00fd tarif zahrnuje pou\u017e\u00edv\u00e1n\u00ed softwaru a\u017e 3 u\u017eivateli. Dal\u0161\u00ed u\u017eivatel\u00e9 (za 6,90 EUR za u\u017eivatele) mohou b\u00fdt p\u0159id\u00e1ni p\u0159i uzav\u0159en\u00ed nov\u00e9ho tarifu a jsou v\u00e1z\u00e1ni na dobu platnosti tohoto tarifu. <\/p><p>Z\u00e1kazn\u00edk si m\u016f\u017ee zvolit po\u010det u\u017eivatel\u016f pro ka\u017ed\u00fd nov\u00fd tarif. Zb\u00fdvaj\u00edc\u00ed kredit z p\u0159edchoz\u00edho tarifu vypr\u0161\u00ed p\u0159i sjedn\u00e1n\u00ed nov\u00e9ho tarifu. <\/p><p>Poplatky za dal\u0161\u00ed u\u017eivatele je t\u0159eba zaplatit p\u0159edem spolu s tarifn\u00edmi poplatky. Dal\u0161\u00ed u\u017eivatel\u00e9 jsou aktivov\u00e1ni po obdr\u017een\u00ed platby a mohou software pou\u017e\u00edvat okam\u017eit\u011b. <\/p><p>Ka\u017ed\u00fd p\u0159idan\u00fd u\u017eivatel mus\u00ed p\u0159i registraci p\u0159ijmout podm\u00ednky poskytovatele a ustanoven\u00ed o ochran\u011b \u00fadaj\u016f.<\/p><p>O zm\u011bn\u00e1ch cen bude u\u017eivatel informov\u00e1n s dostate\u010dn\u00fdm p\u0159edstihem p\u0159ed jejich vstupem v platnost. U\u017eivatel m\u016f\u017ee smlouvu zru\u0161it p\u0159ed nabyt\u00edm jej\u00ed \u00fa\u010dinnosti, jinak se nov\u00e9 ceny pova\u017euj\u00ed za p\u0159ijat\u00e9. <\/p><h3>\u00a7 5 Doba platnosti a zru\u0161en\u00ed<\/h3><p>Term\u00edn z\u00e1vis\u00ed na zvolen\u00e9m p\u0159edplacen\u00e9m tarifu:<\/p><ul><li><strong>Flexibilita<\/strong>: 1 m\u011bs\u00edc<\/li><li><strong>Smart<\/strong>: 3 m\u011bs\u00edce<\/li><li><strong>Partner<\/strong>: 12 m\u011bs\u00edc\u016f<\/li><\/ul><p>Smlouva za\u010d\u00edn\u00e1 platit po obdr\u017een\u00ed platby a kon\u010d\u00ed automaticky na konci rezervovan\u00e9ho obdob\u00ed.<\/p><p>P\u0159ed\u010dasn\u00e9 zru\u0161en\u00ed rezervace ze strany u\u017eivatele nen\u00ed mo\u017en\u00e9; poplatek mus\u00ed b\u00fdt v ka\u017ed\u00e9m p\u0159\u00edpad\u011b uhrazen v pln\u00e9 v\u00fd\u0161i.<\/p><p>Obnoven\u00ed prob\u00edh\u00e1 prost\u0159ednictv\u00edm obnoven\u00e9 platby. Automatick\u00e9 obnoven\u00ed neexistuje. <\/p><p>Poskytovatel m\u016f\u017ee smlouvu vypov\u011bd\u011bt bez v\u00fdpov\u011bdn\u00ed doby z opr\u00e1vn\u011bn\u00e9ho d\u016fvodu (nap\u0159. v p\u0159\u00edpad\u011b opo\u017ed\u011bn\u00e9 platby nebo zneu\u017eit\u00ed). Ji\u017e zaplacen\u00e9 poplatky se nevracej\u00ed. <\/p><p>Po ukon\u010den\u00ed nesm\u00ed b\u00fdt software okam\u017eit\u011b pou\u017e\u00edv\u00e1n. Pokud nebyla provedena \u017e\u00e1dn\u00e1 nov\u00e1 rezervace, budou data po roce trvale vymaz\u00e1na. <\/p><p>Zm\u011bny podm\u00ednek nebo zru\u0161en\u00ed smlouvy mus\u00ed b\u00fdt provedeny p\u00edsemn\u011b a vy\u017eaduj\u00ed souhlas obou stran.<\/p><h3>\u00a7 6 Platebn\u00ed podm\u00ednky<\/h3><p>U\u017eivatelsk\u00e9 poplatky se plat\u00ed prost\u0159ednictv\u00edm poskytovatele plateb Mollie. Mollie nab\u00edz\u00ed mimo jin\u00e9 tyto platebn\u00ed metody: <\/p><ul><li>Kreditn\u00ed karta<\/li><li>PayPal<\/li><li>P\u0159\u00edm\u00e9 inkaso SEPA<\/li><li>Apple Pay<\/li><\/ul><p>Poplatek mus\u00ed b\u00fdt uhrazen v pln\u00e9 v\u00fd\u0161i p\u0159edem p\u0159ed pou\u017eit\u00edm. Za nespr\u00e1vn\u00e9 platebn\u00ed \u00fadaje odpov\u00edd\u00e1 u\u017eivatel. V p\u0159\u00edpad\u011b opo\u017ed\u011bn\u00e9 platby m\u016f\u017ee poskytovatel zablokovat software, ani\u017e by do\u0161lo ke zru\u0161en\u00ed platebn\u00ed povinnosti.  <\/p><p>V\u0161echny ceny jsou netto plus z\u00e1konn\u00e1 DPH. Dodavatel vystav\u00ed fakturu po zaplacen\u00ed. <\/p><p>Technick\u00e9 poruchy u poskytovatel\u016f platebn\u00edch slu\u017eeb jsou mimo oblast odpov\u011bdnosti poskytovatele; u\u017eivatel je pak povinen pou\u017e\u00edt alternativn\u00ed platebn\u00ed metody.<\/p><h3>\u00a7 7 Pou\u017eit\u00ed softwaru<\/h3><p>U\u017eivatel je povinen pou\u017e\u00edvat software v souladu se z\u00e1konn\u00fdmi ustanoven\u00edmi a smluvn\u00edmi ujedn\u00e1n\u00edmi. Zneu\u017eit\u00ed, nap\u0159. vytv\u00e1\u0159en\u00ed fale\u0161n\u00fdch dokument\u016f, je zak\u00e1z\u00e1no. <\/p><p>U\u017eivatel nesm\u00ed software p\u0159ed\u00e1vat ani pronaj\u00edmat t\u0159et\u00edm stran\u00e1m, pokud to nen\u00ed v\u00fdslovn\u011b smluvn\u011b dohodnuto.<\/p><p>U\u017eivatel\u00e9 mus\u00ed udr\u017eovat sv\u00e9 p\u0159\u00edstupov\u00e9 \u00fadaje v tajnosti a jsou zodpov\u011bdn\u00ed za z\u00e1lohov\u00e1n\u00ed vlastn\u00edch dat.<\/p><p>Z\u00e1sahy do softwaru jsou zak\u00e1z\u00e1ny a mohou v\u00e9st k jeho zablokov\u00e1n\u00ed. Poskytovatel monitoruje pou\u017e\u00edv\u00e1n\u00ed, aby zajistil dodr\u017eov\u00e1n\u00ed podm\u00ednek. <\/p><p>Akce, kter\u00e9 ohro\u017euj\u00ed bezpe\u010dnost, zejm\u00e9na \u0161\u00ed\u0159en\u00ed \u0161kodliv\u00e9ho softwaru, jsou zak\u00e1z\u00e1ny. P\u0159eru\u0161en\u00ed \u00fadr\u017eby bude v\u010das ozn\u00e1meno. <\/p><h3>\u00a7 8 Odpov\u011bdnost<\/h3><p>Poskytovatel odpov\u00edd\u00e1 za \u00famysl a hrubou nedbalost v souladu se z\u00e1konn\u00fdmi ustanoven\u00edmi. V p\u0159\u00edpad\u011b lehk\u00e9 nedbalosti je odpov\u011bdnost omezena na p\u0159edv\u00eddatelnou \u0161kodu typickou pro danou smlouvu. <\/p><p>Jak\u00e1koli dal\u0161\u00ed odpov\u011bdnost je vylou\u010dena. To plat\u00ed i pro zprost\u0159edkovatele. <\/p><p>V p\u0159\u00edpad\u011b ztr\u00e1ty dat odpov\u00edd\u00e1 poskytovatel pouze za \u0161kody, kter\u00e9 by vznikly, i kdyby u\u017eivatel data \u0159\u00e1dn\u011b z\u00e1lohoval. U\u017eivatel mus\u00ed prov\u00e1d\u011bt pravideln\u00e9 z\u00e1lohov\u00e1n\u00ed. <\/p><p>Poskytovatel nenese \u017e\u00e1dnou odpov\u011bdnost za spr\u00e1vnost dokument\u016f vytvo\u0159en\u00fdch pomoc\u00ed softwaru.<\/p><h3>\u00a7 9 Ochrana \u00fadaj\u016f<\/h3><p>Poskytovatel shroma\u017e\u010fuje, zpracov\u00e1v\u00e1 a pou\u017e\u00edv\u00e1 osobn\u00ed \u00fadaje u\u017eivatele v\u00fdhradn\u011b v r\u00e1mci z\u00e1konn\u00fdch ustanoven\u00ed.<\/p><p>\u00dapln\u00e1 ustanoven\u00ed o ochran\u011b \u00fadaj\u016f jsou k dispozici na webov\u00fdch str\u00e1nk\u00e1ch poskytovatele.<\/p><p>U\u017eivatel souhlas\u00ed se zpracov\u00e1n\u00edm \u00fadaj\u016f, pokud je to nezbytn\u00e9 pro pou\u017e\u00edv\u00e1n\u00ed softwaru.<\/p><h3>\u00a7 10 Z\u00e1v\u011bre\u010dn\u00e1 ustanoven\u00ed<\/h3><p>S vylou\u010den\u00edm \u00damluvy OSN o smlouv\u00e1ch o mezin\u00e1rodn\u00ed koupi zbo\u017e\u00ed se pou\u017eije n\u011bmeck\u00e9 pr\u00e1vo.<\/p><p>M\u00edstem p\u0159\u00edslu\u0161nosti je s\u00eddlo poskytovatele.<\/p><p>V p\u0159\u00edpad\u011b neplatnosti jednotliv\u00fdch ustanoven\u00ed z\u016fst\u00e1v\u00e1 platnost ostatn\u00edch ustanoven\u00ed nedot\u010dena.<\/p><p>Zm\u011bny nebo dopl\u0148ky mus\u00ed b\u00fdt provedeny p\u00edsemn\u011b.<\/p>\t\t\t\t\t\t\t\t<\/div>\n\t\t\t\t<\/div>\n\t\t\t\t\t<\/div>\n\t\t\t\t<\/div>\n\t\t\t\t<\/div>\n\t\t","protected":false},"excerpt":{"rendered":"<p>GTC V\u0161eobecn\u00e9 obchodn\u00ed podm\u00ednky (AGB) za pou\u017e\u00edv\u00e1n\u00ed p\u0159edplacen\u00e9ho internetov\u00e9ho zas\u00edlac\u00edho softwaru spole\u010dnosti Easy-Shipping-Online GmbH. Verze 3.0 od 17\/06\/2025 \u00a7 1 Oblast p\u016fsobnosti Tyto v\u0161eobecn\u00e9 obchodn\u00ed podm\u00ednky (VOP) se vztahuj\u00ed na pou\u017e\u00edv\u00e1n\u00ed p\u0159edplacen\u00e9ho softwaru pro internetov\u00e9 zas\u00edl\u00e1n\u00ed (d\u00e1le jen &#8222;software&#8220;) spole\u010dnosti Easy-Shipping-Online GmbH, zastoupen\u00e9 Carstenem Caliendem a Stefanem Caliendem, Winzerweg 3, 79291 Merdingen (d\u00e1le jen &#8222;poskytovatel&#8220;) [&hellip;]<\/p>\n","protected":false},"author":1,"featured_media":0,"parent":0,"menu_order":0,"comment_status":"closed","ping_status":"closed","template":"","meta":{"footnotes":""},"class_list":["post-3985","page","type-page","status-publish","hentry"],"yoast_head":"<!-- This site is optimized with the Yoast SEO plugin v27.0 - https:\/\/yoast.com\/product\/yoast-seo-wordpress\/ -->\n<title>GTC - Easy-Shipping-Online<\/title>\n<meta name=\"description\" content=\"V\u0161eobecn\u00e9 obchodn\u00ed podm\u00ednky (VOP) spole\u010dnosti Easy-Shipping-Online GmbH - pr\u00e1vn\u011b z\u00e1vazn\u00e9 p\u0159edpisy t\u00fdkaj\u00edc\u00ed se smlouvy, slu\u017eeb a pou\u017e\u00edv\u00e1n\u00ed softwaru.\" \/>\n<meta name=\"robots\" content=\"index, follow, max-snippet:-1, max-image-preview:large, max-video-preview:-1\" \/>\n<link rel=\"canonical\" href=\"https:\/\/easy-shipping-online.com\/cs\/gtc\/\" \/>\n<meta property=\"og:locale\" content=\"cs_CZ\" \/>\n<meta property=\"og:type\" content=\"article\" \/>\n<meta property=\"og:title\" content=\"GTC - Easy-Shipping-Online\" \/>\n<meta property=\"og:description\" content=\"V\u0161eobecn\u00e9 obchodn\u00ed podm\u00ednky (VOP) spole\u010dnosti Easy-Shipping-Online GmbH - pr\u00e1vn\u011b z\u00e1vazn\u00e9 p\u0159edpisy t\u00fdkaj\u00edc\u00ed se smlouvy, slu\u017eeb a pou\u017e\u00edv\u00e1n\u00ed softwaru.\" \/>\n<meta property=\"og:url\" content=\"https:\/\/easy-shipping-online.com\/cs\/gtc\/\" \/>\n<meta property=\"og:site_name\" content=\"Easy-Shipping-Online\" \/>\n<meta property=\"article:modified_time\" content=\"2025-07-22T10:22:15+00:00\" \/>\n<meta name=\"twitter:card\" content=\"summary_large_image\" \/>\n<meta name=\"twitter:label1\" content=\"Odhadovan\u00e1 doba \u010dten\u00ed\" \/>\n\t<meta name=\"twitter:data1\" content=\"8 minut\" \/>\n<script type=\"application\/ld+json\" class=\"yoast-schema-graph\">{\"@context\":\"https:\/\/schema.org\",\"@graph\":[{\"@type\":\"WebPage\",\"@id\":\"https:\/\/easy-shipping-online.com\/cs\/gtc\/\",\"url\":\"https:\/\/easy-shipping-online.com\/cs\/gtc\/\",\"name\":\"GTC - Easy-Shipping-Online\",\"isPartOf\":{\"@id\":\"https:\/\/easy-shipping-online.com\/cs\/#website\"},\"datePublished\":\"2025-07-14T14:05:01+00:00\",\"dateModified\":\"2025-07-22T10:22:15+00:00\",\"description\":\"V\u0161eobecn\u00e9 obchodn\u00ed podm\u00ednky (VOP) spole\u010dnosti Easy-Shipping-Online GmbH - pr\u00e1vn\u011b z\u00e1vazn\u00e9 p\u0159edpisy t\u00fdkaj\u00edc\u00ed se smlouvy, slu\u017eeb a pou\u017e\u00edv\u00e1n\u00ed softwaru.\",\"breadcrumb\":{\"@id\":\"https:\/\/easy-shipping-online.com\/cs\/gtc\/#breadcrumb\"},\"inLanguage\":\"cs\",\"potentialAction\":[{\"@type\":\"ReadAction\",\"target\":[\"https:\/\/easy-shipping-online.com\/cs\/gtc\/\"]}]},{\"@type\":\"BreadcrumbList\",\"@id\":\"https:\/\/easy-shipping-online.com\/cs\/gtc\/#breadcrumb\",\"itemListElement\":[{\"@type\":\"ListItem\",\"position\":1,\"name\":\"Startseite\",\"item\":\"https:\/\/easy-shipping-online.com\/cs\/\"},{\"@type\":\"ListItem\",\"position\":2,\"name\":\"GTC\"}]},{\"@type\":\"WebSite\",\"@id\":\"https:\/\/easy-shipping-online.com\/cs\/#website\",\"url\":\"https:\/\/easy-shipping-online.com\/cs\/\",\"name\":\"Easy-Shipping-Online\",\"description\":\"Auftragsmanagement f\u00fcr Transportdienstleister\",\"publisher\":{\"@id\":\"https:\/\/easy-shipping-online.com\/cs\/#organization\"},\"potentialAction\":[{\"@type\":\"SearchAction\",\"target\":{\"@type\":\"EntryPoint\",\"urlTemplate\":\"https:\/\/easy-shipping-online.com\/cs\/?s={search_term_string}\"},\"query-input\":{\"@type\":\"PropertyValueSpecification\",\"valueRequired\":true,\"valueName\":\"search_term_string\"}}],\"inLanguage\":\"cs\"},{\"@type\":\"Organization\",\"@id\":\"https:\/\/easy-shipping-online.com\/cs\/#organization\",\"name\":\"Easy-Shipping-Online GmbH\",\"url\":\"https:\/\/easy-shipping-online.com\/cs\/\",\"logo\":{\"@type\":\"ImageObject\",\"inLanguage\":\"cs\",\"@id\":\"https:\/\/easy-shipping-online.com\/cs\/#\/schema\/logo\/image\/\",\"url\":\"https:\/\/easy-shipping-online.com\/wp-content\/uploads\/2025\/01\/eso_logo_subline.svg\",\"contentUrl\":\"https:\/\/easy-shipping-online.com\/wp-content\/uploads\/2025\/01\/eso_logo_subline.svg\",\"width\":584,\"height\":235,\"caption\":\"Easy-Shipping-Online GmbH\"},\"image\":{\"@id\":\"https:\/\/easy-shipping-online.com\/cs\/#\/schema\/logo\/image\/\"}}]}<\/script>\n<!-- \/ Yoast SEO plugin. -->","yoast_head_json":{"title":"GTC - Easy-Shipping-Online","description":"V\u0161eobecn\u00e9 obchodn\u00ed podm\u00ednky (VOP) spole\u010dnosti Easy-Shipping-Online GmbH - pr\u00e1vn\u011b z\u00e1vazn\u00e9 p\u0159edpisy t\u00fdkaj\u00edc\u00ed se smlouvy, slu\u017eeb a pou\u017e\u00edv\u00e1n\u00ed softwaru.","robots":{"index":"index","follow":"follow","max-snippet":"max-snippet:-1","max-image-preview":"max-image-preview:large","max-video-preview":"max-video-preview:-1"},"canonical":"https:\/\/easy-shipping-online.com\/cs\/gtc\/","og_locale":"cs_CZ","og_type":"article","og_title":"GTC - Easy-Shipping-Online","og_description":"V\u0161eobecn\u00e9 obchodn\u00ed podm\u00ednky (VOP) spole\u010dnosti Easy-Shipping-Online GmbH - pr\u00e1vn\u011b z\u00e1vazn\u00e9 p\u0159edpisy t\u00fdkaj\u00edc\u00ed se smlouvy, slu\u017eeb a pou\u017e\u00edv\u00e1n\u00ed softwaru.","og_url":"https:\/\/easy-shipping-online.com\/cs\/gtc\/","og_site_name":"Easy-Shipping-Online","article_modified_time":"2025-07-22T10:22:15+00:00","twitter_card":"summary_large_image","twitter_misc":{"Odhadovan\u00e1 doba \u010dten\u00ed":"8 minut"},"schema":{"@context":"https:\/\/schema.org","@graph":[{"@type":"WebPage","@id":"https:\/\/easy-shipping-online.com\/cs\/gtc\/","url":"https:\/\/easy-shipping-online.com\/cs\/gtc\/","name":"GTC - Easy-Shipping-Online","isPartOf":{"@id":"https:\/\/easy-shipping-online.com\/cs\/#website"},"datePublished":"2025-07-14T14:05:01+00:00","dateModified":"2025-07-22T10:22:15+00:00","description":"V\u0161eobecn\u00e9 obchodn\u00ed podm\u00ednky (VOP) spole\u010dnosti Easy-Shipping-Online GmbH - pr\u00e1vn\u011b z\u00e1vazn\u00e9 p\u0159edpisy t\u00fdkaj\u00edc\u00ed se smlouvy, slu\u017eeb a pou\u017e\u00edv\u00e1n\u00ed softwaru.","breadcrumb":{"@id":"https:\/\/easy-shipping-online.com\/cs\/gtc\/#breadcrumb"},"inLanguage":"cs","potentialAction":[{"@type":"ReadAction","target":["https:\/\/easy-shipping-online.com\/cs\/gtc\/"]}]},{"@type":"BreadcrumbList","@id":"https:\/\/easy-shipping-online.com\/cs\/gtc\/#breadcrumb","itemListElement":[{"@type":"ListItem","position":1,"name":"Startseite","item":"https:\/\/easy-shipping-online.com\/cs\/"},{"@type":"ListItem","position":2,"name":"GTC"}]},{"@type":"WebSite","@id":"https:\/\/easy-shipping-online.com\/cs\/#website","url":"https:\/\/easy-shipping-online.com\/cs\/","name":"Easy-Shipping-Online","description":"Auftragsmanagement f\u00fcr Transportdienstleister","publisher":{"@id":"https:\/\/easy-shipping-online.com\/cs\/#organization"},"potentialAction":[{"@type":"SearchAction","target":{"@type":"EntryPoint","urlTemplate":"https:\/\/easy-shipping-online.com\/cs\/?s={search_term_string}"},"query-input":{"@type":"PropertyValueSpecification","valueRequired":true,"valueName":"search_term_string"}}],"inLanguage":"cs"},{"@type":"Organization","@id":"https:\/\/easy-shipping-online.com\/cs\/#organization","name":"Easy-Shipping-Online GmbH","url":"https:\/\/easy-shipping-online.com\/cs\/","logo":{"@type":"ImageObject","inLanguage":"cs","@id":"https:\/\/easy-shipping-online.com\/cs\/#\/schema\/logo\/image\/","url":"https:\/\/easy-shipping-online.com\/wp-content\/uploads\/2025\/01\/eso_logo_subline.svg","contentUrl":"https:\/\/easy-shipping-online.com\/wp-content\/uploads\/2025\/01\/eso_logo_subline.svg","width":584,"height":235,"caption":"Easy-Shipping-Online GmbH"},"image":{"@id":"https:\/\/easy-shipping-online.com\/cs\/#\/schema\/logo\/image\/"}}]}},"_links":{"self":[{"href":"https:\/\/easy-shipping-online.com\/cs\/wp-json\/wp\/v2\/pages\/3985","targetHints":{"allow":["GET"]}}],"collection":[{"href":"https:\/\/easy-shipping-online.com\/cs\/wp-json\/wp\/v2\/pages"}],"about":[{"href":"https:\/\/easy-shipping-online.com\/cs\/wp-json\/wp\/v2\/types\/page"}],"author":[{"embeddable":true,"href":"https:\/\/easy-shipping-online.com\/cs\/wp-json\/wp\/v2\/users\/1"}],"replies":[{"embeddable":true,"href":"https:\/\/easy-shipping-online.com\/cs\/wp-json\/wp\/v2\/comments?post=3985"}],"version-history":[{"count":2,"href":"https:\/\/easy-shipping-online.com\/cs\/wp-json\/wp\/v2\/pages\/3985\/revisions"}],"predecessor-version":[{"id":3987,"href":"https:\/\/easy-shipping-online.com\/cs\/wp-json\/wp\/v2\/pages\/3985\/revisions\/3987"}],"wp:attachment":[{"href":"https:\/\/easy-shipping-online.com\/cs\/wp-json\/wp\/v2\/media?parent=3985"}],"curies":[{"name":"wp","href":"https:\/\/api.w.org\/{rel}","templated":true}]}}