{"id":2548,"date":"2025-03-21T10:05:18","date_gmt":"2025-03-21T09:05:18","guid":{"rendered":"https:\/\/easy-shipping-online.com\/pie-de-imprenta\/"},"modified":"2025-07-22T12:18:58","modified_gmt":"2025-07-22T10:18:58","slug":"pie-de-imprenta","status":"publish","type":"page","link":"https:\/\/easy-shipping-online.com\/es\/pie-de-imprenta\/","title":{"rendered":"Pie de imprenta"},"content":{"rendered":"\t\t<div data-elementor-type=\"wp-page\" data-elementor-id=\"2548\" class=\"elementor elementor-2548 elementor-1762\" data-elementor-post-type=\"page\">\n\t\t\t\t<div class=\"elementor-element elementor-element-c2bcd43 e-flex e-con-boxed e-con e-parent\" data-id=\"c2bcd43\" data-element_type=\"container\" data-e-type=\"container\" data-settings=\"{&quot;background_background&quot;:&quot;gradient&quot;}\">\n\t\t\t\t\t<div class=\"e-con-inner\">\n\t\t\t\t<div class=\"elementor-element elementor-element-62727b1 animated-fast elementor-invisible elementor-widget elementor-widget-heading\" data-id=\"62727b1\" data-element_type=\"widget\" data-e-type=\"widget\" data-settings=\"{&quot;_animation&quot;:&quot;fadeInUp&quot;}\" data-widget_type=\"heading.default\">\n\t\t\t\t<div class=\"elementor-widget-container\">\n\t\t\t\t\t<h1 class=\"elementor-heading-title elementor-size-default\">Pie de imprenta<\/h1>\t\t\t\t<\/div>\n\t\t\t\t<\/div>\n\t\t\t\t\t<\/div>\n\t\t\t\t<\/div>\n\t\t<div class=\"elementor-element elementor-element-e7a1273 e-flex e-con-boxed e-con e-parent\" data-id=\"e7a1273\" data-element_type=\"container\" data-e-type=\"container\">\n\t\t\t\t\t<div class=\"e-con-inner\">\n\t\t\t\t<div class=\"elementor-element elementor-element-dbf5822 elementor-widget elementor-widget-text-editor\" data-id=\"dbf5822\" data-element_type=\"widget\" data-e-type=\"widget\" data-widget_type=\"text-editor.default\">\n\t\t\t\t<div class=\"elementor-widget-container\">\n\t\t\t\t\t\t\t\t\t<h4><strong>Informaci\u00f3n seg\u00fan \u00a7 5 TMG<\/strong><\/h4><p>Easy-Shipping-Online GmbH<br>Winzerweg 3<br>79291 Merdingen<\/p><p><strong>Representado por:<\/strong><\/p><p data-prosemirror-content-type=\"node\" data-prosemirror-node-name=\"paragraph\" data-prosemirror-node-block=\"true\" data-pm-slice=\"1 1 []\">Carsten Caliendo, Stefan Caliendo<\/p><p>UST ID: DE449550791<\/p><p>Registro mercantil: HRB 731866<br>Tribunal de registro de Friburgo<\/p><p><strong>Contacta con nosotros<\/strong><\/p><p>Correo electr\u00f3nico: info@easy-shipping-online.com<\/p><p><strong>Resoluci\u00f3n de litigios en la UE<\/strong><\/p><p>La Comisi\u00f3n Europea ofrece una plataforma para la resoluci\u00f3n de litigios en l\u00ednea (OS):<br>https:\/\/ec.europa.eu\/consumers\/odr\/.<br>Puedes encontrar nuestra direcci\u00f3n de correo electr\u00f3nico en el aviso legal anterior.<\/p><p><strong>Resoluci\u00f3n de litigios de consumo\/centro de arbitraje universal<\/strong><\/p><p>No estamos dispuestos ni obligados a participar en procedimientos de resoluci\u00f3n de litigios ante una junta de arbitraje de consumo.<\/p><h3>Responsabilidad por el contenido<\/h3><p>Como proveedor de servicios, somos responsables de nuestro propio contenido en estas p\u00e1ginas de acuerdo con el art\u00edculo 7 (1) de la TMG (Ley alemana de Telemedios) y la legislaci\u00f3n general. Sin embargo, seg\u00fan los \u00a7\u00a7 8 a 10 de la TMG, como proveedor de servicios no estamos obligados a controlar la informaci\u00f3n de terceros transmitida o almacenada, ni a investigar circunstancias que indiquen una actividad ilegal. Esto no afecta a las obligaciones de eliminar o bloquear el uso de informaci\u00f3n de acuerdo con la legislaci\u00f3n general. Sin embargo, la responsabilidad a este respecto s\u00f3lo es posible a partir del momento en que se tiene conocimiento de una infracci\u00f3n concreta. Tan pronto como tengamos conocimiento de tales infracciones, eliminaremos este contenido inmediatamente.     <\/p><h3>Responsabilidad de los enlaces<\/h3><p>Nuestro sitio web contiene enlaces a sitios web externos de terceros sobre cuyo contenido no tenemos ninguna influencia. Por lo tanto, no podemos aceptar ninguna responsabilidad por este contenido de terceros. El respectivo proveedor u operador de las p\u00e1ginas es siempre responsable del contenido de las p\u00e1ginas enlazadas. Las p\u00e1ginas enlazadas se comprobaron en el momento de enlazarlas para detectar posibles infracciones legales. No se reconocieron contenidos ilegales en el momento de establecer el enlace. Sin embargo, la supervisi\u00f3n permanente del contenido de las p\u00e1ginas enlazadas no es razonable sin pruebas concretas de una infracci\u00f3n. Si tenemos conocimiento de alguna infracci\u00f3n legal, eliminaremos dichos enlaces inmediatamente.      <\/p><h3>Derechos de autor<\/h3><p>El contenido y las obras creadas por los operadores del sitio en estas p\u00e1ginas est\u00e1n sujetos a la legislaci\u00f3n alemana sobre derechos de autor. La duplicaci\u00f3n, procesamiento, distribuci\u00f3n y cualquier tipo de utilizaci\u00f3n fuera de los l\u00edmites de la ley de derechos de autor requieren el consentimiento por escrito del autor o creador respectivo. Las descargas y copias de este sitio s\u00f3lo est\u00e1n permitidas para uso privado y no comercial. En la medida en que el contenido de este sitio no haya sido creado por el operador, se respetan los derechos de autor de terceros. En particular, el contenido de terceros est\u00e1 etiquetado como tal. No obstante, si tuvieras conocimiento de una infracci\u00f3n de los derechos de autor, te rogamos que nos lo comuniques. Si tenemos conocimiento de alguna infracci\u00f3n, eliminaremos dicho contenido inmediatamente.      <\/p>\t\t\t\t\t\t\t\t<\/div>\n\t\t\t\t<\/div>\n\t\t\t\t\t<\/div>\n\t\t\t\t<\/div>\n\t\t\t\t<\/div>\n\t\t","protected":false},"excerpt":{"rendered":"<p>Pie de imprenta Informaci\u00f3n seg\u00fan \u00a7 5 TMG Easy-Shipping-Online GmbHWinzerweg 379291 Merdingen Representado por: Carsten Caliendo, Stefan Caliendo UST ID: DE449550791 Registro mercantil: HRB 731866Tribunal de registro de Friburgo Contacta con nosotros Correo electr\u00f3nico: info@easy-shipping-online.com Resoluci\u00f3n de litigios en la UE La Comisi\u00f3n Europea ofrece una plataforma para la resoluci\u00f3n de litigios en l\u00ednea (OS):https:\/\/ec.europa.eu\/consumers\/odr\/.Puedes [&hellip;]<\/p>\n","protected":false},"author":1,"featured_media":0,"parent":0,"menu_order":0,"comment_status":"closed","ping_status":"closed","template":"","meta":{"footnotes":""},"class_list":["post-2548","page","type-page","status-publish","hentry"],"yoast_head":"<!-- This site is optimized with the Yoast SEO plugin v27.0 - https:\/\/yoast.com\/product\/yoast-seo-wordpress\/ -->\n<title>Pie de imprenta - Easy-Shipping-Online<\/title>\n<meta name=\"description\" content=\"Pie de imprenta de Easy-Shipping-Online GmbH - Informaci\u00f3n seg\u00fan \u00a7 5 TMG: Direcci\u00f3n, datos de contacto y representantes legales de un vistazo.\" \/>\n<meta name=\"robots\" content=\"index, follow, max-snippet:-1, max-image-preview:large, max-video-preview:-1\" \/>\n<link rel=\"canonical\" href=\"https:\/\/easy-shipping-online.com\/es\/pie-de-imprenta\/\" \/>\n<meta property=\"og:locale\" content=\"es_ES\" \/>\n<meta property=\"og:type\" content=\"article\" \/>\n<meta property=\"og:title\" content=\"Pie de imprenta - Easy-Shipping-Online\" \/>\n<meta property=\"og:description\" content=\"Pie de imprenta de Easy-Shipping-Online GmbH - Informaci\u00f3n seg\u00fan \u00a7 5 TMG: Direcci\u00f3n, datos de contacto y representantes legales de un vistazo.\" \/>\n<meta property=\"og:url\" content=\"https:\/\/easy-shipping-online.com\/es\/pie-de-imprenta\/\" \/>\n<meta property=\"og:site_name\" content=\"Easy-Shipping-Online\" \/>\n<meta property=\"article:modified_time\" content=\"2025-07-22T10:18:58+00:00\" \/>\n<meta name=\"twitter:card\" content=\"summary_large_image\" \/>\n<meta name=\"twitter:label1\" content=\"Tiempo de lectura\" \/>\n\t<meta name=\"twitter:data1\" content=\"2 minutos\" \/>\n<script type=\"application\/ld+json\" class=\"yoast-schema-graph\">{\"@context\":\"https:\/\/schema.org\",\"@graph\":[{\"@type\":\"WebPage\",\"@id\":\"https:\/\/easy-shipping-online.com\/es\/pie-de-imprenta\/\",\"url\":\"https:\/\/easy-shipping-online.com\/es\/pie-de-imprenta\/\",\"name\":\"Pie de imprenta - Easy-Shipping-Online\",\"isPartOf\":{\"@id\":\"https:\/\/easy-shipping-online.com\/es\/#website\"},\"datePublished\":\"2025-03-21T09:05:18+00:00\",\"dateModified\":\"2025-07-22T10:18:58+00:00\",\"description\":\"Pie de imprenta de Easy-Shipping-Online GmbH - Informaci\u00f3n seg\u00fan \u00a7 5 TMG: Direcci\u00f3n, datos de contacto y representantes legales de un vistazo.\",\"breadcrumb\":{\"@id\":\"https:\/\/easy-shipping-online.com\/es\/pie-de-imprenta\/#breadcrumb\"},\"inLanguage\":\"es\",\"potentialAction\":[{\"@type\":\"ReadAction\",\"target\":[\"https:\/\/easy-shipping-online.com\/es\/pie-de-imprenta\/\"]}]},{\"@type\":\"BreadcrumbList\",\"@id\":\"https:\/\/easy-shipping-online.com\/es\/pie-de-imprenta\/#breadcrumb\",\"itemListElement\":[{\"@type\":\"ListItem\",\"position\":1,\"name\":\"Startseite\",\"item\":\"https:\/\/easy-shipping-online.com\/es\/\"},{\"@type\":\"ListItem\",\"position\":2,\"name\":\"Pie de imprenta\"}]},{\"@type\":\"WebSite\",\"@id\":\"https:\/\/easy-shipping-online.com\/es\/#website\",\"url\":\"https:\/\/easy-shipping-online.com\/es\/\",\"name\":\"Easy-Shipping-Online\",\"description\":\"Auftragsmanagement f\u00fcr Transportdienstleister\",\"publisher\":{\"@id\":\"https:\/\/easy-shipping-online.com\/es\/#organization\"},\"potentialAction\":[{\"@type\":\"SearchAction\",\"target\":{\"@type\":\"EntryPoint\",\"urlTemplate\":\"https:\/\/easy-shipping-online.com\/es\/?s={search_term_string}\"},\"query-input\":{\"@type\":\"PropertyValueSpecification\",\"valueRequired\":true,\"valueName\":\"search_term_string\"}}],\"inLanguage\":\"es\"},{\"@type\":\"Organization\",\"@id\":\"https:\/\/easy-shipping-online.com\/es\/#organization\",\"name\":\"Easy-Shipping-Online GmbH\",\"url\":\"https:\/\/easy-shipping-online.com\/es\/\",\"logo\":{\"@type\":\"ImageObject\",\"inLanguage\":\"es\",\"@id\":\"https:\/\/easy-shipping-online.com\/es\/#\/schema\/logo\/image\/\",\"url\":\"https:\/\/easy-shipping-online.com\/wp-content\/uploads\/2025\/01\/eso_logo_subline.svg\",\"contentUrl\":\"https:\/\/easy-shipping-online.com\/wp-content\/uploads\/2025\/01\/eso_logo_subline.svg\",\"width\":584,\"height\":235,\"caption\":\"Easy-Shipping-Online GmbH\"},\"image\":{\"@id\":\"https:\/\/easy-shipping-online.com\/es\/#\/schema\/logo\/image\/\"}}]}<\/script>\n<!-- \/ Yoast SEO plugin. -->","yoast_head_json":{"title":"Pie de imprenta - Easy-Shipping-Online","description":"Pie de imprenta de Easy-Shipping-Online GmbH - Informaci\u00f3n seg\u00fan \u00a7 5 TMG: Direcci\u00f3n, datos de contacto y representantes legales de un vistazo.","robots":{"index":"index","follow":"follow","max-snippet":"max-snippet:-1","max-image-preview":"max-image-preview:large","max-video-preview":"max-video-preview:-1"},"canonical":"https:\/\/easy-shipping-online.com\/es\/pie-de-imprenta\/","og_locale":"es_ES","og_type":"article","og_title":"Pie de imprenta - Easy-Shipping-Online","og_description":"Pie de imprenta de Easy-Shipping-Online GmbH - Informaci\u00f3n seg\u00fan \u00a7 5 TMG: Direcci\u00f3n, datos de contacto y representantes legales de un vistazo.","og_url":"https:\/\/easy-shipping-online.com\/es\/pie-de-imprenta\/","og_site_name":"Easy-Shipping-Online","article_modified_time":"2025-07-22T10:18:58+00:00","twitter_card":"summary_large_image","twitter_misc":{"Tiempo de lectura":"2 minutos"},"schema":{"@context":"https:\/\/schema.org","@graph":[{"@type":"WebPage","@id":"https:\/\/easy-shipping-online.com\/es\/pie-de-imprenta\/","url":"https:\/\/easy-shipping-online.com\/es\/pie-de-imprenta\/","name":"Pie de imprenta - Easy-Shipping-Online","isPartOf":{"@id":"https:\/\/easy-shipping-online.com\/es\/#website"},"datePublished":"2025-03-21T09:05:18+00:00","dateModified":"2025-07-22T10:18:58+00:00","description":"Pie de imprenta de Easy-Shipping-Online GmbH - Informaci\u00f3n seg\u00fan \u00a7 5 TMG: Direcci\u00f3n, datos de contacto y representantes legales de un vistazo.","breadcrumb":{"@id":"https:\/\/easy-shipping-online.com\/es\/pie-de-imprenta\/#breadcrumb"},"inLanguage":"es","potentialAction":[{"@type":"ReadAction","target":["https:\/\/easy-shipping-online.com\/es\/pie-de-imprenta\/"]}]},{"@type":"BreadcrumbList","@id":"https:\/\/easy-shipping-online.com\/es\/pie-de-imprenta\/#breadcrumb","itemListElement":[{"@type":"ListItem","position":1,"name":"Startseite","item":"https:\/\/easy-shipping-online.com\/es\/"},{"@type":"ListItem","position":2,"name":"Pie de imprenta"}]},{"@type":"WebSite","@id":"https:\/\/easy-shipping-online.com\/es\/#website","url":"https:\/\/easy-shipping-online.com\/es\/","name":"Easy-Shipping-Online","description":"Auftragsmanagement f\u00fcr Transportdienstleister","publisher":{"@id":"https:\/\/easy-shipping-online.com\/es\/#organization"},"potentialAction":[{"@type":"SearchAction","target":{"@type":"EntryPoint","urlTemplate":"https:\/\/easy-shipping-online.com\/es\/?s={search_term_string}"},"query-input":{"@type":"PropertyValueSpecification","valueRequired":true,"valueName":"search_term_string"}}],"inLanguage":"es"},{"@type":"Organization","@id":"https:\/\/easy-shipping-online.com\/es\/#organization","name":"Easy-Shipping-Online GmbH","url":"https:\/\/easy-shipping-online.com\/es\/","logo":{"@type":"ImageObject","inLanguage":"es","@id":"https:\/\/easy-shipping-online.com\/es\/#\/schema\/logo\/image\/","url":"https:\/\/easy-shipping-online.com\/wp-content\/uploads\/2025\/01\/eso_logo_subline.svg","contentUrl":"https:\/\/easy-shipping-online.com\/wp-content\/uploads\/2025\/01\/eso_logo_subline.svg","width":584,"height":235,"caption":"Easy-Shipping-Online GmbH"},"image":{"@id":"https:\/\/easy-shipping-online.com\/es\/#\/schema\/logo\/image\/"}}]}},"_links":{"self":[{"href":"https:\/\/easy-shipping-online.com\/es\/wp-json\/wp\/v2\/pages\/2548","targetHints":{"allow":["GET"]}}],"collection":[{"href":"https:\/\/easy-shipping-online.com\/es\/wp-json\/wp\/v2\/pages"}],"about":[{"href":"https:\/\/easy-shipping-online.com\/es\/wp-json\/wp\/v2\/types\/page"}],"author":[{"embeddable":true,"href":"https:\/\/easy-shipping-online.com\/es\/wp-json\/wp\/v2\/users\/1"}],"replies":[{"embeddable":true,"href":"https:\/\/easy-shipping-online.com\/es\/wp-json\/wp\/v2\/comments?post=2548"}],"version-history":[{"count":5,"href":"https:\/\/easy-shipping-online.com\/es\/wp-json\/wp\/v2\/pages\/2548\/revisions"}],"predecessor-version":[{"id":4219,"href":"https:\/\/easy-shipping-online.com\/es\/wp-json\/wp\/v2\/pages\/2548\/revisions\/4219"}],"wp:attachment":[{"href":"https:\/\/easy-shipping-online.com\/es\/wp-json\/wp\/v2\/media?parent=2548"}],"curies":[{"name":"wp","href":"https:\/\/api.w.org\/{rel}","templated":true}]}}