{"id":4012,"date":"2025-07-14T16:05:01","date_gmt":"2025-07-14T14:05:01","guid":{"rendered":"https:\/\/easy-shipping-online.com\/conditions-generales-de-vente\/"},"modified":"2025-07-22T12:22:15","modified_gmt":"2025-07-22T10:22:15","slug":"conditions-generales-de-vente","status":"publish","type":"page","link":"https:\/\/easy-shipping-online.com\/fr\/conditions-generales-de-vente\/","title":{"rendered":"CONDITIONS G\u00c9N\u00c9RALES DE VENTE"},"content":{"rendered":"\t\t<div data-elementor-type=\"wp-page\" data-elementor-id=\"4012\" class=\"elementor elementor-4012 elementor-3948\" data-elementor-post-type=\"page\">\n\t\t\t\t<div class=\"elementor-element elementor-element-c2bcd43 e-flex e-con-boxed e-con e-parent\" data-id=\"c2bcd43\" data-element_type=\"container\" data-e-type=\"container\" data-settings=\"{&quot;background_background&quot;:&quot;gradient&quot;}\">\n\t\t\t\t\t<div class=\"e-con-inner\">\n\t\t\t\t<div class=\"elementor-element elementor-element-62727b1 animated-fast elementor-invisible elementor-widget elementor-widget-heading\" data-id=\"62727b1\" data-element_type=\"widget\" data-e-type=\"widget\" data-settings=\"{&quot;_animation&quot;:&quot;fadeInUp&quot;}\" data-widget_type=\"heading.default\">\n\t\t\t\t<div class=\"elementor-widget-container\">\n\t\t\t\t\t<h1 class=\"elementor-heading-title elementor-size-default\">CONDITIONS G\u00c9N\u00c9RALES DE VENTE<\/h1>\t\t\t\t<\/div>\n\t\t\t\t<\/div>\n\t\t\t\t\t<\/div>\n\t\t\t\t<\/div>\n\t\t<div class=\"elementor-element elementor-element-e7a1273 e-flex e-con-boxed e-con e-parent\" data-id=\"e7a1273\" data-element_type=\"container\" data-e-type=\"container\">\n\t\t\t\t\t<div class=\"e-con-inner\">\n\t\t\t\t<div class=\"elementor-element elementor-element-dbf5822 elementor-widget elementor-widget-text-editor\" data-id=\"dbf5822\" data-element_type=\"widget\" data-e-type=\"widget\" data-widget_type=\"text-editor.default\">\n\t\t\t\t<div class=\"elementor-widget-container\">\n\t\t\t\t\t\t\t\t\t<h4 style=\"font-weight: 400;\"><strong>Conditions g\u00e9n\u00e9rales de vente (CGV)<\/strong><\/h4><p style=\"font-weight: 400;\">pour l&rsquo;utilisation du logiciel d&rsquo;exp\u00e9dition Internet pr\u00e9pay\u00e9 de Easy-Shipping-Online GmbH<\/p><div><div>Version 3.0 du 17.06.2025<\/div><div> <\/div><\/div><h3>\u00a7 1 Champ d&rsquo;application<\/h3><p>Les pr\u00e9sentes conditions g\u00e9n\u00e9rales de vente (CGV) s&rsquo;appliquent \u00e0 l&rsquo;utilisation du logiciel d&rsquo;exp\u00e9dition par Internet pr\u00e9pay\u00e9 (ci-apr\u00e8s d\u00e9nomm\u00e9 \u00ab\u00a0logiciel\u00a0\u00bb) de la soci\u00e9t\u00e9 Easy-Shipping-Online GmbH, repr\u00e9sent\u00e9e par Carsten Caliendo et Stefan Caliendo, Winzerweg 3, 79291 Merdingen (ci-apr\u00e8s d\u00e9nomm\u00e9 \u00ab\u00a0fournisseur\u00a0\u00bb) et les clients (ci-apr\u00e8s d\u00e9nomm\u00e9s \u00ab\u00a0clients\u00a0\u00bb ou \u00ab\u00a0utilisateurs\u00a0\u00bb).<\/p><p>Le logiciel a \u00e9t\u00e9 sp\u00e9cialement d\u00e9velopp\u00e9 pour le traitement des commandes de transport et s&rsquo;adresse exclusivement aux entrepreneurs selon le \u00a7 14 du Code civil allemand (BGB), tels que les entreprises, les transitaires et les prestataires de services de transport. Les particuliers selon le \u00a7 13 du BGB (Code civil allemand) sont exclus de l&rsquo;utilisation. <\/p><p>Les CGV du client ne sont pas accept\u00e9es, m\u00eame si leur validit\u00e9 n&rsquo;est pas express\u00e9ment contest\u00e9e.<\/p><h3>\u00a7 2 Description des prestations<\/h3><p>Le Fournisseur met \u00e0 la disposition de l&rsquo;Utilisateur un logiciel qui peut \u00eatre utilis\u00e9 selon les tarifs pr\u00e9pay\u00e9s choisis \u00e0 chaque fois. Le logiciel permet \u00e0 l&rsquo;utilisateur d&rsquo;ex\u00e9cuter, de g\u00e9rer et de cr\u00e9er des documents commerciaux tels que des devis, des factures et des ordres de transport. <\/p><p>Les fonctions et caract\u00e9ristiques pr\u00e9cises du logiciel sont d\u00e9taill\u00e9es sur le site web du fournisseur ainsi que dans la description du produit concern\u00e9. L&rsquo;utilisateur doit s&rsquo;informer sur les informations fournies avant de conclure le contrat. <\/p><p>Le Fournisseur garantit le bon fonctionnement du Logiciel conform\u00e9ment aux sp\u00e9cifications indiqu\u00e9es. L&rsquo;utilisation du Logiciel requiert une connexion Internet dont la disponibilit\u00e9 et la qualit\u00e9 ne rel\u00e8vent pas de la responsabilit\u00e9 du Fournisseur. <\/p><p>Le Fournisseur met \u00e0 la disposition de l&rsquo;Utilisateur des mises \u00e0 jour et des am\u00e9liorations r\u00e9guli\u00e8res du Logiciel pendant la dur\u00e9e du Contrat. L&rsquo;Utilisateur est tenu d&rsquo;installer ces mises \u00e0 jour afin d&rsquo;assurer le bon fonctionnement du Logiciel. <\/p><p>Le Fournisseur offre \u00e0 l&rsquo;Utilisateur un support technique joignable pendant les heures de bureau habituelles. Le support comprend l&rsquo;assistance pour les probl\u00e8mes techniques et les questions relatives \u00e0 l&rsquo;utilisation du logiciel. <\/p><p>Le Fournisseur garantit une disponibilit\u00e9 moyenne du Logiciel de 98 % en moyenne annuelle. Sont exclues de cette disponibilit\u00e9 les p\u00e9riodes pendant lesquelles le Logiciel n&rsquo;est pas accessible pour des raisons de maintenance, de mise \u00e0 jour ou de force majeure. Le fournisseur informera l&rsquo;utilisateur en temps utile des travaux de maintenance pr\u00e9vus.  <\/p><p>Le fournisseur ne garantit pas la compatibilit\u00e9 du logiciel avec les terminaux, syst\u00e8mes d&rsquo;exploitation ou autres logiciels utilis\u00e9s par l&rsquo;utilisateur. L&rsquo;Utilisateur est tenu de s&rsquo;assurer, avant d&rsquo;utiliser le Logiciel, que sa configuration technique lui permet d&rsquo;utiliser le Logiciel. <\/p><p>Le Fournisseur se r\u00e9serve le droit de d\u00e9velopper le Logiciel et d&rsquo;apporter des modifications \u00e0 ses fonctions et caract\u00e9ristiques, \u00e0 condition que ces modifications n&rsquo;affectent pas substantiellement les prestations principales convenues dans le Contrat. L&rsquo;utilisateur sera inform\u00e9 de ces modifications en temps utile. <\/p><p>Le fournisseur a le droit d&rsquo;interrompre temporairement ou d\u00e9finitivement le logiciel mis \u00e0 disposition ou une partie de celui-ci, si des raisons importantes l&rsquo;exigent. Dans un tel cas, l&rsquo;utilisateur sera inform\u00e9 en temps utile et, le cas \u00e9ch\u00e9ant, une solution alternative lui sera propos\u00e9e. <\/p><p>L&rsquo;\u00e9tendue des prestations du contrat est d\u00e9termin\u00e9e par le tarif pr\u00e9pay\u00e9 choisi par l&rsquo;utilisateur. L&rsquo;utilisateur n&rsquo;a pas droit \u00e0 des prestations suppl\u00e9mentaires qui ne sont pas express\u00e9ment mentionn\u00e9es dans le contrat ou la description du produit. Toute modification de l&rsquo;\u00e9tendue des prestations requiert la forme \u00e9crite et l&rsquo;accord expr\u00e8s des deux parties.  <\/p><h3>\u00a7 3 Conclusion du contrat<\/h3><p>Le fournisseur met \u00e0 disposition sur son site web ou par d&rsquo;autres moyens de communication des informations sur les logiciels propos\u00e9s et les diff\u00e9rents tarifs pr\u00e9pay\u00e9s. Ces informations sont fournies \u00e0 titre indicatif et ne constituent pas une offre juridiquement contraignante. <\/p><p>Le client peut faire une offre ferme de conclusion de contrat en s\u00e9lectionnant le tarif pr\u00e9pay\u00e9 souhait\u00e9 et en remplissant le formulaire de commande en ligne correspondant. L&rsquo;utilisateur doit alors indiquer ses donn\u00e9es personnelles ainsi que le mode de paiement souhait\u00e9. <\/p><p>Apr\u00e8s l&rsquo;envoi du formulaire de commande en ligne et un paiement anticip\u00e9 r\u00e9ussi, le client re\u00e7oit une confirmation de commande automatique par e-mail. Cette confirmation de commande constitue l&rsquo;acceptation de l&rsquo;offre par le fournisseur. <\/p><p>Le client est tenu de v\u00e9rifier les informations de paiement fournies lors de la commande et de payer les frais d&rsquo;utilisation par paiement anticip\u00e9 dans le d\u00e9lai indiqu\u00e9.<\/p><p>Le contrat est conclu lorsque le client re\u00e7oit la confirmation de commande.<\/p><p>Le fournisseur se r\u00e9serve le droit de refuser l&rsquo;offre du client sans avoir \u00e0 se justifier. Dans ce cas, le client en sera inform\u00e9 et aucun frais ne lui sera factur\u00e9. <\/p><p>La conclusion du contrat se fait en langue allemande. Le fournisseur est autoris\u00e9 \u00e0 proposer la conclusion du contrat dans d&rsquo;autres langues, auquel cas la version allemande du contrat fait foi en cas de doute. <\/p><h3>\u00a7 4 Tarifs et utilisateurs<\/h3><p>Le fournisseur propose l&rsquo;utilisation du logiciel dans diff\u00e9rents tarifs pr\u00e9pay\u00e9s. Les tarifs sont \u00e9chelonn\u00e9s comme suit : <\/p><ul><li><strong>Flex<\/strong>: 29,00 euros, utilisation du logiciel pendant 1 mois<\/li><li><strong>Smart<\/strong>: 87,00 euros, utilisation du logiciel pendant 3 mois<\/li><li><strong>Partenaires<\/strong>: 348,00 euros, utilisation du logiciel pendant 12 mois<\/li><\/ul><p>Chaque tarif comprend l&rsquo;utilisation du logiciel par 3 utilisateurs au maximum. Des utilisateurs suppl\u00e9mentaires (\u00e0 6,90 \u20ac par utilisateur) peuvent \u00eatre ajout\u00e9s lors de la souscription d&rsquo;un nouveau tarif et sont li\u00e9s \u00e0 la dur\u00e9e de ce tarif. <\/p><p>Le client est libre de choisir le nombre d&rsquo;utilisateurs \u00e0 chaque nouvelle souscription de tarif. La souscription d&rsquo;un nouveau forfait entra\u00eene la perte du cr\u00e9dit restant du forfait pr\u00e9c\u00e9dent. <\/p><p>Les frais pour les utilisateurs suppl\u00e9mentaires doivent \u00eatre pay\u00e9s \u00e0 l&rsquo;avance en m\u00eame temps que les frais de tarification. Les utilisateurs suppl\u00e9mentaires seront activ\u00e9s d\u00e8s r\u00e9ception du paiement et pourront utiliser le logiciel imm\u00e9diatement. <\/p><p>Chaque utilisateur ajout\u00e9 doit accepter les CGU et la politique de confidentialit\u00e9 du fournisseur lors de son inscription.<\/p><p>Les modifications de prix seront communiqu\u00e9es \u00e0 l&rsquo;utilisateur en temps utile avant leur entr\u00e9e en vigueur. L&rsquo;Utilisateur peut r\u00e9silier avant l&rsquo;entr\u00e9e en vigueur, faute de quoi les nouveaux prix seront consid\u00e9r\u00e9s comme accept\u00e9s. <\/p><h3>\u00a7 5 Dur\u00e9e et r\u00e9siliation<\/h3><p>La dur\u00e9e d\u00e9pend du tarif pr\u00e9pay\u00e9 choisi :<\/p><ul><li><strong>Flex<\/strong>: 1 mois<\/li><li><strong>Smart<\/strong>: 3 mois<\/li><li><strong>Partenaires<\/strong>: 12 mois<\/li><\/ul><p>Le contrat commence \u00e0 la r\u00e9ception du paiement et se termine automatiquement \u00e0 la fin de la p\u00e9riode r\u00e9serv\u00e9e.<\/p><p>Une r\u00e9siliation anticip\u00e9e par l&rsquo;utilisateur n&rsquo;est pas possible ; la redevance doit \u00eatre pay\u00e9e int\u00e9gralement dans tous les cas.<\/p><p>Le renouvellement se fait par un nouveau paiement. Il n&rsquo;y a pas de renouvellement automatique. <\/p><p>Le fournisseur peut r\u00e9silier le contrat sans pr\u00e9avis pour un motif valable (par exemple, en cas de retard de paiement ou d&rsquo;abus). Les frais d\u00e9j\u00e0 pay\u00e9s ne sont pas rembours\u00e9s. <\/p><p>Une fois termin\u00e9, le logiciel doit cesser imm\u00e9diatement d&rsquo;\u00eatre utilis\u00e9. Les donn\u00e9es sont d\u00e9finitivement supprim\u00e9es au bout d&rsquo;un an, \u00e0 moins qu&rsquo;une nouvelle r\u00e9servation n&rsquo;ait \u00e9t\u00e9 effectu\u00e9e. <\/p><p>Toute modification des conditions de dur\u00e9e ou de r\u00e9siliation doit \u00eatre faite par \u00e9crit et approuv\u00e9e par les deux parties.<\/p><h3>\u00a7 6 Conditions de paiement<\/h3><p>Le paiement des frais d&rsquo;utilisation est effectu\u00e9 par le prestataire de paiement Mollie. Mollie propose notamment les m\u00e9thodes de paiement suivantes : <\/p><ul><li>Carte de cr\u00e9dit<\/li><li>PayPal<\/li><li>Pr\u00e9l\u00e8vement SEPA<\/li><li>Apple Pay<\/li><\/ul><p>Les frais doivent \u00eatre pay\u00e9s int\u00e9gralement \u00e0 l&rsquo;avance avant l&rsquo;utilisation. L&rsquo;utilisateur est responsable en cas de donn\u00e9es de paiement erron\u00e9es. En cas de retard de paiement, le fournisseur peut bloquer le logiciel sans pour autant supprimer l&rsquo;obligation de paiement.  <\/p><p>Tous les prix s&rsquo;entendent nets, TVA l\u00e9gale en sus. Apr\u00e8s paiement, le fournisseur \u00e9met une facture. <\/p><p>Les d\u00e9faillances techniques des prestataires de services de paiement ne rel\u00e8vent pas de la responsabilit\u00e9 du fournisseur ; l&rsquo;utilisateur est alors tenu d&rsquo;utiliser d&rsquo;autres m\u00e9thodes de paiement.<\/p><h3>\u00a7 7 Utilisation du logiciel<\/h3><p>L&rsquo;utilisateur est tenu d&rsquo;utiliser le logiciel conform\u00e9ment aux dispositions l\u00e9gales et aux accords contractuels. Toute utilisation abusive, par exemple la cr\u00e9ation de faux documents, est interdite. <\/p><p>L&rsquo;Utilisateur n&rsquo;est pas autoris\u00e9 \u00e0 transf\u00e9rer ou \u00e0 louer le Logiciel \u00e0 des tiers, sauf si cela est express\u00e9ment convenu par contrat.<\/p><p>L&rsquo;utilisateur doit garder ses donn\u00e9es d&rsquo;acc\u00e8s secr\u00e8tes et est responsable de la sauvegarde de ses donn\u00e9es.<\/p><p>Toute manipulation du logiciel est interdite et peut entra\u00eener son blocage. Le fournisseur surveille l&rsquo;utilisation afin que les conditions soient respect\u00e9es. <\/p><p>Les actions dangereuses pour la s\u00e9curit\u00e9, notamment la diffusion de logiciels malveillants, sont interdites. Les interruptions de maintenance sont annonc\u00e9es en temps utile. <\/p><h3>\u00a7 8 Responsabilit\u00e9<\/h3><p>Le fournisseur est responsable des actes intentionnels et des n\u00e9gligences graves conform\u00e9ment aux dispositions l\u00e9gales. En cas de n\u00e9gligence l\u00e9g\u00e8re, la responsabilit\u00e9 est limit\u00e9e aux dommages pr\u00e9visibles et typiques du contrat. <\/p><p>Toute autre responsabilit\u00e9 est exclue. Ceci s&rsquo;applique \u00e9galement aux auxiliaires d&rsquo;ex\u00e9cution. <\/p><p>En cas de perte de donn\u00e9es, le fournisseur n&rsquo;est responsable que des dommages qui auraient \u00e9t\u00e9 caus\u00e9s m\u00eame si l&rsquo;utilisateur avait correctement sauvegard\u00e9 ses donn\u00e9es. L&rsquo;utilisateur doit effectuer des sauvegardes r\u00e9guli\u00e8res. <\/p><p>Le fournisseur d\u00e9cline toute responsabilit\u00e9 quant \u00e0 l&rsquo;exactitude des documents cr\u00e9\u00e9s \u00e0 l&rsquo;aide du logiciel.<\/p><h3>\u00a7 9 Protection des donn\u00e9es<\/h3><p>Le fournisseur recueille, traite et utilise les donn\u00e9es personnelles de l&rsquo;utilisateur uniquement dans le cadre des dispositions l\u00e9gales.<\/p><p>L&rsquo;int\u00e9gralit\u00e9 de la politique de confidentialit\u00e9 peut \u00eatre consult\u00e9e sur le site web du fournisseur.<\/p><p>L&rsquo;utilisateur consent au traitement des donn\u00e9es dans la mesure o\u00f9 il est n\u00e9cessaire \u00e0 l&rsquo;utilisation du logiciel.<\/p><h3>\u00a7 10 Dispositions finales<\/h3><p>Le droit allemand s&rsquo;applique, \u00e0 l&rsquo;exclusion de la Convention des Nations Unies sur les contrats de vente internationale de marchandises.<\/p><p>Le tribunal comp\u00e9tent est celui du si\u00e8ge du fournisseur.<\/p><p>Si l&rsquo;une ou l&rsquo;autre des dispositions s&rsquo;av\u00e9rait invalide, la validit\u00e9 des autres dispositions n&rsquo;en serait pas affect\u00e9e.<\/p><p>Toute modification ou tout ajout doit \u00eatre fait par \u00e9crit.<\/p>\t\t\t\t\t\t\t\t<\/div>\n\t\t\t\t<\/div>\n\t\t\t\t\t<\/div>\n\t\t\t\t<\/div>\n\t\t\t\t<\/div>\n\t\t","protected":false},"excerpt":{"rendered":"<p>CONDITIONS G\u00c9N\u00c9RALES DE VENTE Conditions g\u00e9n\u00e9rales de vente (CGV) pour l&rsquo;utilisation du logiciel d&rsquo;exp\u00e9dition Internet pr\u00e9pay\u00e9 de Easy-Shipping-Online GmbH Version 3.0 du 17.06.2025 \u00a7 1 Champ d&rsquo;application Les pr\u00e9sentes conditions g\u00e9n\u00e9rales de vente (CGV) s&rsquo;appliquent \u00e0 l&rsquo;utilisation du logiciel d&rsquo;exp\u00e9dition par Internet pr\u00e9pay\u00e9 (ci-apr\u00e8s d\u00e9nomm\u00e9 \u00ab\u00a0logiciel\u00a0\u00bb) de la soci\u00e9t\u00e9 Easy-Shipping-Online GmbH, repr\u00e9sent\u00e9e par Carsten Caliendo [&hellip;]<\/p>\n","protected":false},"author":1,"featured_media":0,"parent":0,"menu_order":0,"comment_status":"closed","ping_status":"closed","template":"","meta":{"footnotes":""},"class_list":["post-4012","page","type-page","status-publish","hentry"],"yoast_head":"<!-- This site is optimized with the Yoast SEO plugin v27.0 - https:\/\/yoast.com\/product\/yoast-seo-wordpress\/ -->\n<title>CONDITIONS G\u00c9N\u00c9RALES DE VENTE - Easy-Shipping-Online<\/title>\n<meta name=\"description\" content=\"Conditions g\u00e9n\u00e9rales de vente (CGV) de Easy-Shipping-Online GmbH - r\u00e8gles juridiquement contraignantes concernant le contrat, les services et l&#039;utilisation du logiciel.\" \/>\n<meta name=\"robots\" content=\"index, follow, max-snippet:-1, max-image-preview:large, max-video-preview:-1\" \/>\n<link rel=\"canonical\" href=\"https:\/\/easy-shipping-online.com\/fr\/conditions-generales-de-vente\/\" \/>\n<meta property=\"og:locale\" content=\"fr_FR\" \/>\n<meta property=\"og:type\" content=\"article\" \/>\n<meta property=\"og:title\" content=\"CONDITIONS G\u00c9N\u00c9RALES DE VENTE - Easy-Shipping-Online\" \/>\n<meta property=\"og:description\" content=\"Conditions g\u00e9n\u00e9rales de vente (CGV) de Easy-Shipping-Online GmbH - r\u00e8gles juridiquement contraignantes concernant le contrat, les services et l&#039;utilisation du logiciel.\" \/>\n<meta property=\"og:url\" content=\"https:\/\/easy-shipping-online.com\/fr\/conditions-generales-de-vente\/\" \/>\n<meta property=\"og:site_name\" content=\"Easy-Shipping-Online\" \/>\n<meta property=\"article:modified_time\" content=\"2025-07-22T10:22:15+00:00\" \/>\n<meta name=\"twitter:card\" content=\"summary_large_image\" \/>\n<meta name=\"twitter:label1\" content=\"Dur\u00e9e de lecture estim\u00e9e\" \/>\n\t<meta name=\"twitter:data1\" content=\"8 minutes\" \/>\n<script type=\"application\/ld+json\" class=\"yoast-schema-graph\">{\"@context\":\"https:\/\/schema.org\",\"@graph\":[{\"@type\":\"WebPage\",\"@id\":\"https:\/\/easy-shipping-online.com\/fr\/conditions-generales-de-vente\/\",\"url\":\"https:\/\/easy-shipping-online.com\/fr\/conditions-generales-de-vente\/\",\"name\":\"CONDITIONS G\u00c9N\u00c9RALES DE VENTE - Easy-Shipping-Online\",\"isPartOf\":{\"@id\":\"https:\/\/easy-shipping-online.com\/fr\/#website\"},\"datePublished\":\"2025-07-14T14:05:01+00:00\",\"dateModified\":\"2025-07-22T10:22:15+00:00\",\"description\":\"Conditions g\u00e9n\u00e9rales de vente (CGV) de Easy-Shipping-Online GmbH - r\u00e8gles juridiquement contraignantes concernant le contrat, les services et l'utilisation du logiciel.\",\"breadcrumb\":{\"@id\":\"https:\/\/easy-shipping-online.com\/fr\/conditions-generales-de-vente\/#breadcrumb\"},\"inLanguage\":\"fr-FR\",\"potentialAction\":[{\"@type\":\"ReadAction\",\"target\":[\"https:\/\/easy-shipping-online.com\/fr\/conditions-generales-de-vente\/\"]}]},{\"@type\":\"BreadcrumbList\",\"@id\":\"https:\/\/easy-shipping-online.com\/fr\/conditions-generales-de-vente\/#breadcrumb\",\"itemListElement\":[{\"@type\":\"ListItem\",\"position\":1,\"name\":\"Startseite\",\"item\":\"https:\/\/easy-shipping-online.com\/fr\/\"},{\"@type\":\"ListItem\",\"position\":2,\"name\":\"CONDITIONS G\u00c9N\u00c9RALES DE VENTE\"}]},{\"@type\":\"WebSite\",\"@id\":\"https:\/\/easy-shipping-online.com\/fr\/#website\",\"url\":\"https:\/\/easy-shipping-online.com\/fr\/\",\"name\":\"Easy-Shipping-Online\",\"description\":\"Auftragsmanagement f\u00fcr Transportdienstleister\",\"publisher\":{\"@id\":\"https:\/\/easy-shipping-online.com\/fr\/#organization\"},\"potentialAction\":[{\"@type\":\"SearchAction\",\"target\":{\"@type\":\"EntryPoint\",\"urlTemplate\":\"https:\/\/easy-shipping-online.com\/fr\/?s={search_term_string}\"},\"query-input\":{\"@type\":\"PropertyValueSpecification\",\"valueRequired\":true,\"valueName\":\"search_term_string\"}}],\"inLanguage\":\"fr-FR\"},{\"@type\":\"Organization\",\"@id\":\"https:\/\/easy-shipping-online.com\/fr\/#organization\",\"name\":\"Easy-Shipping-Online GmbH\",\"url\":\"https:\/\/easy-shipping-online.com\/fr\/\",\"logo\":{\"@type\":\"ImageObject\",\"inLanguage\":\"fr-FR\",\"@id\":\"https:\/\/easy-shipping-online.com\/fr\/#\/schema\/logo\/image\/\",\"url\":\"https:\/\/easy-shipping-online.com\/wp-content\/uploads\/2025\/01\/eso_logo_subline.svg\",\"contentUrl\":\"https:\/\/easy-shipping-online.com\/wp-content\/uploads\/2025\/01\/eso_logo_subline.svg\",\"width\":584,\"height\":235,\"caption\":\"Easy-Shipping-Online GmbH\"},\"image\":{\"@id\":\"https:\/\/easy-shipping-online.com\/fr\/#\/schema\/logo\/image\/\"}}]}<\/script>\n<!-- \/ Yoast SEO plugin. -->","yoast_head_json":{"title":"CONDITIONS G\u00c9N\u00c9RALES DE VENTE - Easy-Shipping-Online","description":"Conditions g\u00e9n\u00e9rales de vente (CGV) de Easy-Shipping-Online GmbH - r\u00e8gles juridiquement contraignantes concernant le contrat, les services et l'utilisation du logiciel.","robots":{"index":"index","follow":"follow","max-snippet":"max-snippet:-1","max-image-preview":"max-image-preview:large","max-video-preview":"max-video-preview:-1"},"canonical":"https:\/\/easy-shipping-online.com\/fr\/conditions-generales-de-vente\/","og_locale":"fr_FR","og_type":"article","og_title":"CONDITIONS G\u00c9N\u00c9RALES DE VENTE - Easy-Shipping-Online","og_description":"Conditions g\u00e9n\u00e9rales de vente (CGV) de Easy-Shipping-Online GmbH - r\u00e8gles juridiquement contraignantes concernant le contrat, les services et l'utilisation du logiciel.","og_url":"https:\/\/easy-shipping-online.com\/fr\/conditions-generales-de-vente\/","og_site_name":"Easy-Shipping-Online","article_modified_time":"2025-07-22T10:22:15+00:00","twitter_card":"summary_large_image","twitter_misc":{"Dur\u00e9e de lecture estim\u00e9e":"8 minutes"},"schema":{"@context":"https:\/\/schema.org","@graph":[{"@type":"WebPage","@id":"https:\/\/easy-shipping-online.com\/fr\/conditions-generales-de-vente\/","url":"https:\/\/easy-shipping-online.com\/fr\/conditions-generales-de-vente\/","name":"CONDITIONS G\u00c9N\u00c9RALES DE VENTE - Easy-Shipping-Online","isPartOf":{"@id":"https:\/\/easy-shipping-online.com\/fr\/#website"},"datePublished":"2025-07-14T14:05:01+00:00","dateModified":"2025-07-22T10:22:15+00:00","description":"Conditions g\u00e9n\u00e9rales de vente (CGV) de Easy-Shipping-Online GmbH - r\u00e8gles juridiquement contraignantes concernant le contrat, les services et l'utilisation du logiciel.","breadcrumb":{"@id":"https:\/\/easy-shipping-online.com\/fr\/conditions-generales-de-vente\/#breadcrumb"},"inLanguage":"fr-FR","potentialAction":[{"@type":"ReadAction","target":["https:\/\/easy-shipping-online.com\/fr\/conditions-generales-de-vente\/"]}]},{"@type":"BreadcrumbList","@id":"https:\/\/easy-shipping-online.com\/fr\/conditions-generales-de-vente\/#breadcrumb","itemListElement":[{"@type":"ListItem","position":1,"name":"Startseite","item":"https:\/\/easy-shipping-online.com\/fr\/"},{"@type":"ListItem","position":2,"name":"CONDITIONS G\u00c9N\u00c9RALES DE VENTE"}]},{"@type":"WebSite","@id":"https:\/\/easy-shipping-online.com\/fr\/#website","url":"https:\/\/easy-shipping-online.com\/fr\/","name":"Easy-Shipping-Online","description":"Auftragsmanagement f\u00fcr Transportdienstleister","publisher":{"@id":"https:\/\/easy-shipping-online.com\/fr\/#organization"},"potentialAction":[{"@type":"SearchAction","target":{"@type":"EntryPoint","urlTemplate":"https:\/\/easy-shipping-online.com\/fr\/?s={search_term_string}"},"query-input":{"@type":"PropertyValueSpecification","valueRequired":true,"valueName":"search_term_string"}}],"inLanguage":"fr-FR"},{"@type":"Organization","@id":"https:\/\/easy-shipping-online.com\/fr\/#organization","name":"Easy-Shipping-Online GmbH","url":"https:\/\/easy-shipping-online.com\/fr\/","logo":{"@type":"ImageObject","inLanguage":"fr-FR","@id":"https:\/\/easy-shipping-online.com\/fr\/#\/schema\/logo\/image\/","url":"https:\/\/easy-shipping-online.com\/wp-content\/uploads\/2025\/01\/eso_logo_subline.svg","contentUrl":"https:\/\/easy-shipping-online.com\/wp-content\/uploads\/2025\/01\/eso_logo_subline.svg","width":584,"height":235,"caption":"Easy-Shipping-Online GmbH"},"image":{"@id":"https:\/\/easy-shipping-online.com\/fr\/#\/schema\/logo\/image\/"}}]}},"_links":{"self":[{"href":"https:\/\/easy-shipping-online.com\/fr\/wp-json\/wp\/v2\/pages\/4012","targetHints":{"allow":["GET"]}}],"collection":[{"href":"https:\/\/easy-shipping-online.com\/fr\/wp-json\/wp\/v2\/pages"}],"about":[{"href":"https:\/\/easy-shipping-online.com\/fr\/wp-json\/wp\/v2\/types\/page"}],"author":[{"embeddable":true,"href":"https:\/\/easy-shipping-online.com\/fr\/wp-json\/wp\/v2\/users\/1"}],"replies":[{"embeddable":true,"href":"https:\/\/easy-shipping-online.com\/fr\/wp-json\/wp\/v2\/comments?post=4012"}],"version-history":[{"count":2,"href":"https:\/\/easy-shipping-online.com\/fr\/wp-json\/wp\/v2\/pages\/4012\/revisions"}],"predecessor-version":[{"id":4014,"href":"https:\/\/easy-shipping-online.com\/fr\/wp-json\/wp\/v2\/pages\/4012\/revisions\/4014"}],"wp:attachment":[{"href":"https:\/\/easy-shipping-online.com\/fr\/wp-json\/wp\/v2\/media?parent=4012"}],"curies":[{"name":"wp","href":"https:\/\/api.w.org\/{rel}","templated":true}]}}