{"id":2389,"date":"2025-03-21T10:05:18","date_gmt":"2025-03-21T09:05:18","guid":{"rendered":"https:\/\/easy-shipping-online.com\/impresszum\/"},"modified":"2025-07-22T12:18:51","modified_gmt":"2025-07-22T10:18:51","slug":"impresszum","status":"publish","type":"page","link":"https:\/\/easy-shipping-online.com\/hu\/impresszum\/","title":{"rendered":"Impresszum"},"content":{"rendered":"\t\t<div data-elementor-type=\"wp-page\" data-elementor-id=\"2389\" class=\"elementor elementor-2389 elementor-1762\" data-elementor-post-type=\"page\">\n\t\t\t\t<div class=\"elementor-element elementor-element-c2bcd43 e-flex e-con-boxed e-con e-parent\" data-id=\"c2bcd43\" data-element_type=\"container\" data-e-type=\"container\" data-settings=\"{&quot;background_background&quot;:&quot;gradient&quot;}\">\n\t\t\t\t\t<div class=\"e-con-inner\">\n\t\t\t\t<div class=\"elementor-element elementor-element-62727b1 animated-fast elementor-invisible elementor-widget elementor-widget-heading\" data-id=\"62727b1\" data-element_type=\"widget\" data-e-type=\"widget\" data-settings=\"{&quot;_animation&quot;:&quot;fadeInUp&quot;}\" data-widget_type=\"heading.default\">\n\t\t\t\t<div class=\"elementor-widget-container\">\n\t\t\t\t\t<h1 class=\"elementor-heading-title elementor-size-default\">Impresszum<\/h1>\t\t\t\t<\/div>\n\t\t\t\t<\/div>\n\t\t\t\t\t<\/div>\n\t\t\t\t<\/div>\n\t\t<div class=\"elementor-element elementor-element-e7a1273 e-flex e-con-boxed e-con e-parent\" data-id=\"e7a1273\" data-element_type=\"container\" data-e-type=\"container\">\n\t\t\t\t\t<div class=\"e-con-inner\">\n\t\t\t\t<div class=\"elementor-element elementor-element-dbf5822 elementor-widget elementor-widget-text-editor\" data-id=\"dbf5822\" data-element_type=\"widget\" data-e-type=\"widget\" data-widget_type=\"text-editor.default\">\n\t\t\t\t<div class=\"elementor-widget-container\">\n\t\t\t\t\t\t\t\t\t<h4><strong>A TMG 5. \u00a7-a szerinti t\u00e1j\u00e9koztat\u00e1s<\/strong><\/h4><p>Easy-Shipping-Online GmbH<br>Winzerweg 3<br>79291 Merdingen<\/p><p><strong>K\u00e9pviseli:<\/strong><\/p><p data-prosemirror-content-type=\"node\" data-prosemirror-node-name=\"paragraph\" data-prosemirror-node-block=\"true\" data-pm-slice=\"1 1 []\">Carsten Caliendo, Stefan Caliendo<\/p><p>UST AZONOS\u00cdT\u00d3: DE449550791<\/p><p>Kereskedelmi nyilv\u00e1ntart\u00e1s: HRB 731866<br>Freiburgi c\u00e9gb\u00edr\u00f3s\u00e1g<\/p><p><strong>Kapcsolatfelv\u00e9tel<\/strong><\/p><p>E-mail: info@easy-shipping-online.com<\/p><p><strong>EU-s vitarendez\u00e9s<\/strong><\/p><p>Az Eur\u00f3pai Bizotts\u00e1g online vitarendez\u00e9si platformot (OS) biztos\u00edt:<br>https:\/\/ec.europa.eu\/consumers\/odr\/.<br>E-mail c\u00edm\u00fcnket a fenti jogi k\u00f6zlem\u00e9nyben tal\u00e1lja.<\/p><p><strong>Fogyaszt\u00f3i jogvit\u00e1k rendez\u00e9se\/egyetemes v\u00e1lasztottb\u00edr\u00f3s\u00e1gi k\u00f6zpont<\/strong><\/p><p>Nem vagyunk hajland\u00f3ak vagy k\u00f6telesek r\u00e9szt venni a fogyaszt\u00f3i d\u00f6nt\u0151bizotts\u00e1g el\u0151tti vitarendez\u00e9si elj\u00e1r\u00e1sban.<\/p><h3>Felel\u0151ss\u00e9g a tartalom\u00e9rt<\/h3><p>Szolg\u00e1ltat\u00f3k\u00e9nt a TMG (n\u00e9met telem\u00e9diat\u00f6rv\u00e9ny) 7. szakasz\u00e1nak (1) bekezd\u00e9se \u00e9s az \u00e1ltal\u00e1nos jogszab\u00e1lyok \u00e9rtelm\u00e9ben felel\u0151sek vagyunk az ezeken az oldalakon tal\u00e1lhat\u00f3 saj\u00e1t tartalmak\u00e9rt. A TMG 8-10. \u00a7-ai szerint azonban szolg\u00e1ltat\u00f3k\u00e9nt nem vagyunk k\u00f6telesek a tov\u00e1bb\u00edtott vagy t\u00e1rolt, harmadik f\u00e9lt\u0151l sz\u00e1rmaz\u00f3 inform\u00e1ci\u00f3kat ellen\u0151rizni, illetve a jogellenes tev\u00e9kenys\u00e9gre utal\u00f3 k\u00f6r\u00fclm\u00e9nyeket kivizsg\u00e1lni. Az \u00e1ltal\u00e1nos jogszab\u00e1lyok szerinti, az inform\u00e1ci\u00f3k elt\u00e1vol\u00edt\u00e1s\u00e1ra vagy letilt\u00e1s\u00e1ra vonatkoz\u00f3 k\u00f6telezetts\u00e9gek ett\u0151l f\u00fcggetlen\u00fcl fennmaradnak. Az ezzel kapcsolatos felel\u0151ss\u00e9gre von\u00e1s azonban csak a konkr\u00e9t jogs\u00e9rt\u00e9sr\u0151l val\u00f3 tudom\u00e1sszerz\u00e9st\u0151l kezdve lehets\u00e9ges. Amint tudom\u00e1st szerz\u00fcnk az ilyen jogs\u00e9rt\u00e9sekr\u0151l, azonnal elt\u00e1vol\u00edtjuk ezt a tartalmat.     <\/p><h3>Felel\u0151ss\u00e9g a linkek\u00e9rt<\/h3><p>Weboldalunk k\u00fcls\u0151, harmadik felek weboldalaira mutat\u00f3 linkeket tartalmaz, amelyek tartalm\u00e1ra nincs befoly\u00e1sunk. Ez\u00e9rt nem tudunk felel\u0151ss\u00e9get v\u00e1llalni ezek\u00e9rt a harmadik f\u00e9lt\u0151l sz\u00e1rmaz\u00f3 tartalmak\u00e9rt. A hivatkozott oldalak tartalm\u00e1\u00e9rt mindig a mindenkori szolg\u00e1ltat\u00f3 vagy az oldalak \u00fczemeltet\u0151je felel\u0151s. A linkelt oldalakat a linkel\u00e9s id\u0151pontj\u00e1ban ellen\u0151rizt\u00fck az esetleges t\u00f6rv\u00e9nys\u00e9rt\u00e9sek szempontj\u00e1b\u00f3l. Jogellenes tartalmak a linkel\u00e9s id\u0151pontj\u00e1ban nem voltak felismerhet\u0151k. A linkelt oldalak tartalm\u00e1nak \u00e1lland\u00f3 ellen\u0151rz\u00e9se azonban nem \u00e9sszer\u0171 a jogs\u00e9rt\u00e9s konkr\u00e9t bizony\u00edt\u00e9ka n\u00e9lk\u00fcl. Amennyiben jogszab\u00e1lys\u00e9rt\u00e9sr\u0151l szerez\u00fcnk tudom\u00e1st, a linkeket halad\u00e9ktalanul elt\u00e1vol\u00edtjuk.      <\/p><h3>Szerz\u0151i jog<\/h3><p>Az oldal \u00fczemeltet\u0151i \u00e1ltal ezen oldalakon l\u00e9trehozott tartalmak \u00e9s m\u0171vek a n\u00e9met szerz\u0151i jog hat\u00e1lya al\u00e1 tartoznak. A sokszoros\u00edt\u00e1s, feldolgoz\u00e1s, terjeszt\u00e9s \u00e9s a szerz\u0151i jogi korl\u00e1tokon k\u00edv\u00fcli b\u00e1rmilyen felhaszn\u00e1l\u00e1s csak az adott szerz\u0151 vagy alkot\u00f3 \u00edr\u00e1sbeli hozz\u00e1j\u00e1rul\u00e1s\u00e1val lehets\u00e9ges. Az oldal let\u00f6lt\u00e9se \u00e9s m\u00e1sol\u00e1sa kiz\u00e1r\u00f3lag mag\u00e1njelleg\u0171, nem kereskedelmi c\u00e9l\u00fa felhaszn\u00e1l\u00e1sra enged\u00e9lyezett. Amennyiben az ezen az oldalon tal\u00e1lhat\u00f3 tartalom nem az \u00fczemeltet\u0151 \u00e1ltal k\u00e9sz\u00fclt, a harmadik felek szerz\u0151i jogait tiszteletben tartjuk. K\u00fcl\u00f6n\u00f6sen a harmadik f\u00e9lt\u0151l sz\u00e1rmaz\u00f3 tartalmakat jel\u00f6lik meg. Amennyiben m\u00e9gis tudom\u00e1s\u00e1ra jutna, hogy a szerz\u0151i jogokat megs\u00e9rtett\u00e9k, k\u00e9rj\u00fck, t\u00e1j\u00e9koztasson minket err\u0151l. Amennyiben jogs\u00e9rt\u00e9sr\u0151l szerez\u00fcnk tudom\u00e1st, azonnal elt\u00e1vol\u00edtjuk az ilyen tartalmakat.      <\/p>\t\t\t\t\t\t\t\t<\/div>\n\t\t\t\t<\/div>\n\t\t\t\t\t<\/div>\n\t\t\t\t<\/div>\n\t\t\t\t<\/div>\n\t\t","protected":false},"excerpt":{"rendered":"<p>Impresszum A TMG 5. \u00a7-a szerinti t\u00e1j\u00e9koztat\u00e1s Easy-Shipping-Online GmbHWinzerweg 379291 Merdingen K\u00e9pviseli: Carsten Caliendo, Stefan Caliendo UST AZONOS\u00cdT\u00d3: DE449550791 Kereskedelmi nyilv\u00e1ntart\u00e1s: HRB 731866Freiburgi c\u00e9gb\u00edr\u00f3s\u00e1g Kapcsolatfelv\u00e9tel E-mail: info@easy-shipping-online.com EU-s vitarendez\u00e9s Az Eur\u00f3pai Bizotts\u00e1g online vitarendez\u00e9si platformot (OS) biztos\u00edt:https:\/\/ec.europa.eu\/consumers\/odr\/.E-mail c\u00edm\u00fcnket a fenti jogi k\u00f6zlem\u00e9nyben tal\u00e1lja. Fogyaszt\u00f3i jogvit\u00e1k rendez\u00e9se\/egyetemes v\u00e1lasztottb\u00edr\u00f3s\u00e1gi k\u00f6zpont Nem vagyunk hajland\u00f3ak vagy k\u00f6telesek r\u00e9szt venni [&hellip;]<\/p>\n","protected":false},"author":1,"featured_media":0,"parent":0,"menu_order":0,"comment_status":"closed","ping_status":"closed","template":"","meta":{"footnotes":""},"class_list":["post-2389","page","type-page","status-publish","hentry"],"yoast_head":"<!-- This site is optimized with the Yoast SEO plugin v27.0 - https:\/\/yoast.com\/product\/yoast-seo-wordpress\/ -->\n<title>Impresszum - Easy-Shipping-Online<\/title>\n<meta name=\"description\" content=\"Az Easy-Shipping-Online GmbH impresszuma - A TMG 5. \u00a7-a szerinti t\u00e1j\u00e9koztat\u00e1s: C\u00edm, el\u00e9rhet\u0151s\u00e9gek \u00e9s t\u00f6rv\u00e9nyes k\u00e9pvisel\u0151k egy pillant\u00e1sra.\" \/>\n<meta name=\"robots\" content=\"index, follow, max-snippet:-1, max-image-preview:large, max-video-preview:-1\" \/>\n<link rel=\"canonical\" href=\"https:\/\/easy-shipping-online.com\/hu\/impresszum\/\" \/>\n<meta property=\"og:locale\" content=\"hu_HU\" \/>\n<meta property=\"og:type\" content=\"article\" \/>\n<meta property=\"og:title\" content=\"Impresszum - Easy-Shipping-Online\" \/>\n<meta property=\"og:description\" content=\"Az Easy-Shipping-Online GmbH impresszuma - A TMG 5. \u00a7-a szerinti t\u00e1j\u00e9koztat\u00e1s: C\u00edm, el\u00e9rhet\u0151s\u00e9gek \u00e9s t\u00f6rv\u00e9nyes k\u00e9pvisel\u0151k egy pillant\u00e1sra.\" \/>\n<meta property=\"og:url\" content=\"https:\/\/easy-shipping-online.com\/hu\/impresszum\/\" \/>\n<meta property=\"og:site_name\" content=\"Easy-Shipping-Online\" \/>\n<meta property=\"article:modified_time\" content=\"2025-07-22T10:18:51+00:00\" \/>\n<meta name=\"twitter:card\" content=\"summary_large_image\" \/>\n<meta name=\"twitter:label1\" content=\"Becs\u00fclt olvas\u00e1si id\u0151\" \/>\n\t<meta name=\"twitter:data1\" content=\"3 perc\" \/>\n<script type=\"application\/ld+json\" class=\"yoast-schema-graph\">{\"@context\":\"https:\/\/schema.org\",\"@graph\":[{\"@type\":\"WebPage\",\"@id\":\"https:\/\/easy-shipping-online.com\/hu\/impresszum\/\",\"url\":\"https:\/\/easy-shipping-online.com\/hu\/impresszum\/\",\"name\":\"Impresszum - Easy-Shipping-Online\",\"isPartOf\":{\"@id\":\"https:\/\/easy-shipping-online.com\/hu\/#website\"},\"datePublished\":\"2025-03-21T09:05:18+00:00\",\"dateModified\":\"2025-07-22T10:18:51+00:00\",\"description\":\"Az Easy-Shipping-Online GmbH impresszuma - A TMG 5. \u00a7-a szerinti t\u00e1j\u00e9koztat\u00e1s: C\u00edm, el\u00e9rhet\u0151s\u00e9gek \u00e9s t\u00f6rv\u00e9nyes k\u00e9pvisel\u0151k egy pillant\u00e1sra.\",\"breadcrumb\":{\"@id\":\"https:\/\/easy-shipping-online.com\/hu\/impresszum\/#breadcrumb\"},\"inLanguage\":\"hu\",\"potentialAction\":[{\"@type\":\"ReadAction\",\"target\":[\"https:\/\/easy-shipping-online.com\/hu\/impresszum\/\"]}]},{\"@type\":\"BreadcrumbList\",\"@id\":\"https:\/\/easy-shipping-online.com\/hu\/impresszum\/#breadcrumb\",\"itemListElement\":[{\"@type\":\"ListItem\",\"position\":1,\"name\":\"Startseite\",\"item\":\"https:\/\/easy-shipping-online.com\/hu\/\"},{\"@type\":\"ListItem\",\"position\":2,\"name\":\"Impresszum\"}]},{\"@type\":\"WebSite\",\"@id\":\"https:\/\/easy-shipping-online.com\/hu\/#website\",\"url\":\"https:\/\/easy-shipping-online.com\/hu\/\",\"name\":\"Easy-Shipping-Online\",\"description\":\"Auftragsmanagement f\u00fcr Transportdienstleister\",\"publisher\":{\"@id\":\"https:\/\/easy-shipping-online.com\/hu\/#organization\"},\"potentialAction\":[{\"@type\":\"SearchAction\",\"target\":{\"@type\":\"EntryPoint\",\"urlTemplate\":\"https:\/\/easy-shipping-online.com\/hu\/?s={search_term_string}\"},\"query-input\":{\"@type\":\"PropertyValueSpecification\",\"valueRequired\":true,\"valueName\":\"search_term_string\"}}],\"inLanguage\":\"hu\"},{\"@type\":\"Organization\",\"@id\":\"https:\/\/easy-shipping-online.com\/hu\/#organization\",\"name\":\"Easy-Shipping-Online GmbH\",\"url\":\"https:\/\/easy-shipping-online.com\/hu\/\",\"logo\":{\"@type\":\"ImageObject\",\"inLanguage\":\"hu\",\"@id\":\"https:\/\/easy-shipping-online.com\/hu\/#\/schema\/logo\/image\/\",\"url\":\"https:\/\/easy-shipping-online.com\/wp-content\/uploads\/2025\/01\/eso_logo_subline.svg\",\"contentUrl\":\"https:\/\/easy-shipping-online.com\/wp-content\/uploads\/2025\/01\/eso_logo_subline.svg\",\"width\":584,\"height\":235,\"caption\":\"Easy-Shipping-Online GmbH\"},\"image\":{\"@id\":\"https:\/\/easy-shipping-online.com\/hu\/#\/schema\/logo\/image\/\"}}]}<\/script>\n<!-- \/ Yoast SEO plugin. -->","yoast_head_json":{"title":"Impresszum - Easy-Shipping-Online","description":"Az Easy-Shipping-Online GmbH impresszuma - A TMG 5. \u00a7-a szerinti t\u00e1j\u00e9koztat\u00e1s: C\u00edm, el\u00e9rhet\u0151s\u00e9gek \u00e9s t\u00f6rv\u00e9nyes k\u00e9pvisel\u0151k egy pillant\u00e1sra.","robots":{"index":"index","follow":"follow","max-snippet":"max-snippet:-1","max-image-preview":"max-image-preview:large","max-video-preview":"max-video-preview:-1"},"canonical":"https:\/\/easy-shipping-online.com\/hu\/impresszum\/","og_locale":"hu_HU","og_type":"article","og_title":"Impresszum - Easy-Shipping-Online","og_description":"Az Easy-Shipping-Online GmbH impresszuma - A TMG 5. \u00a7-a szerinti t\u00e1j\u00e9koztat\u00e1s: C\u00edm, el\u00e9rhet\u0151s\u00e9gek \u00e9s t\u00f6rv\u00e9nyes k\u00e9pvisel\u0151k egy pillant\u00e1sra.","og_url":"https:\/\/easy-shipping-online.com\/hu\/impresszum\/","og_site_name":"Easy-Shipping-Online","article_modified_time":"2025-07-22T10:18:51+00:00","twitter_card":"summary_large_image","twitter_misc":{"Becs\u00fclt olvas\u00e1si id\u0151":"3 perc"},"schema":{"@context":"https:\/\/schema.org","@graph":[{"@type":"WebPage","@id":"https:\/\/easy-shipping-online.com\/hu\/impresszum\/","url":"https:\/\/easy-shipping-online.com\/hu\/impresszum\/","name":"Impresszum - Easy-Shipping-Online","isPartOf":{"@id":"https:\/\/easy-shipping-online.com\/hu\/#website"},"datePublished":"2025-03-21T09:05:18+00:00","dateModified":"2025-07-22T10:18:51+00:00","description":"Az Easy-Shipping-Online GmbH impresszuma - A TMG 5. \u00a7-a szerinti t\u00e1j\u00e9koztat\u00e1s: C\u00edm, el\u00e9rhet\u0151s\u00e9gek \u00e9s t\u00f6rv\u00e9nyes k\u00e9pvisel\u0151k egy pillant\u00e1sra.","breadcrumb":{"@id":"https:\/\/easy-shipping-online.com\/hu\/impresszum\/#breadcrumb"},"inLanguage":"hu","potentialAction":[{"@type":"ReadAction","target":["https:\/\/easy-shipping-online.com\/hu\/impresszum\/"]}]},{"@type":"BreadcrumbList","@id":"https:\/\/easy-shipping-online.com\/hu\/impresszum\/#breadcrumb","itemListElement":[{"@type":"ListItem","position":1,"name":"Startseite","item":"https:\/\/easy-shipping-online.com\/hu\/"},{"@type":"ListItem","position":2,"name":"Impresszum"}]},{"@type":"WebSite","@id":"https:\/\/easy-shipping-online.com\/hu\/#website","url":"https:\/\/easy-shipping-online.com\/hu\/","name":"Easy-Shipping-Online","description":"Auftragsmanagement f\u00fcr Transportdienstleister","publisher":{"@id":"https:\/\/easy-shipping-online.com\/hu\/#organization"},"potentialAction":[{"@type":"SearchAction","target":{"@type":"EntryPoint","urlTemplate":"https:\/\/easy-shipping-online.com\/hu\/?s={search_term_string}"},"query-input":{"@type":"PropertyValueSpecification","valueRequired":true,"valueName":"search_term_string"}}],"inLanguage":"hu"},{"@type":"Organization","@id":"https:\/\/easy-shipping-online.com\/hu\/#organization","name":"Easy-Shipping-Online GmbH","url":"https:\/\/easy-shipping-online.com\/hu\/","logo":{"@type":"ImageObject","inLanguage":"hu","@id":"https:\/\/easy-shipping-online.com\/hu\/#\/schema\/logo\/image\/","url":"https:\/\/easy-shipping-online.com\/wp-content\/uploads\/2025\/01\/eso_logo_subline.svg","contentUrl":"https:\/\/easy-shipping-online.com\/wp-content\/uploads\/2025\/01\/eso_logo_subline.svg","width":584,"height":235,"caption":"Easy-Shipping-Online GmbH"},"image":{"@id":"https:\/\/easy-shipping-online.com\/hu\/#\/schema\/logo\/image\/"}}]}},"_links":{"self":[{"href":"https:\/\/easy-shipping-online.com\/hu\/wp-json\/wp\/v2\/pages\/2389","targetHints":{"allow":["GET"]}}],"collection":[{"href":"https:\/\/easy-shipping-online.com\/hu\/wp-json\/wp\/v2\/pages"}],"about":[{"href":"https:\/\/easy-shipping-online.com\/hu\/wp-json\/wp\/v2\/types\/page"}],"author":[{"embeddable":true,"href":"https:\/\/easy-shipping-online.com\/hu\/wp-json\/wp\/v2\/users\/1"}],"replies":[{"embeddable":true,"href":"https:\/\/easy-shipping-online.com\/hu\/wp-json\/wp\/v2\/comments?post=2389"}],"version-history":[{"count":7,"href":"https:\/\/easy-shipping-online.com\/hu\/wp-json\/wp\/v2\/pages\/2389\/revisions"}],"predecessor-version":[{"id":4031,"href":"https:\/\/easy-shipping-online.com\/hu\/wp-json\/wp\/v2\/pages\/2389\/revisions\/4031"}],"wp:attachment":[{"href":"https:\/\/easy-shipping-online.com\/hu\/wp-json\/wp\/v2\/media?parent=2389"}],"curies":[{"name":"wp","href":"https:\/\/api.w.org\/{rel}","templated":true}]}}