{"id":4005,"date":"2025-07-14T16:05:01","date_gmt":"2025-07-14T14:05:01","guid":{"rendered":"https:\/\/easy-shipping-online.com\/gtc\/"},"modified":"2025-07-22T12:22:15","modified_gmt":"2025-07-22T10:22:15","slug":"gtc","status":"publish","type":"page","link":"https:\/\/easy-shipping-online.com\/hu\/gtc\/","title":{"rendered":"GTC"},"content":{"rendered":"\t\t<div data-elementor-type=\"wp-page\" data-elementor-id=\"4005\" class=\"elementor elementor-4005 elementor-3948\" data-elementor-post-type=\"page\">\n\t\t\t\t<div class=\"elementor-element elementor-element-c2bcd43 e-flex e-con-boxed e-con e-parent\" data-id=\"c2bcd43\" data-element_type=\"container\" data-e-type=\"container\" data-settings=\"{&quot;background_background&quot;:&quot;gradient&quot;}\">\n\t\t\t\t\t<div class=\"e-con-inner\">\n\t\t\t\t<div class=\"elementor-element elementor-element-62727b1 animated-fast elementor-invisible elementor-widget elementor-widget-heading\" data-id=\"62727b1\" data-element_type=\"widget\" data-e-type=\"widget\" data-settings=\"{&quot;_animation&quot;:&quot;fadeInUp&quot;}\" data-widget_type=\"heading.default\">\n\t\t\t\t<div class=\"elementor-widget-container\">\n\t\t\t\t\t<h1 class=\"elementor-heading-title elementor-size-default\">GTC<\/h1>\t\t\t\t<\/div>\n\t\t\t\t<\/div>\n\t\t\t\t\t<\/div>\n\t\t\t\t<\/div>\n\t\t<div class=\"elementor-element elementor-element-e7a1273 e-flex e-con-boxed e-con e-parent\" data-id=\"e7a1273\" data-element_type=\"container\" data-e-type=\"container\">\n\t\t\t\t\t<div class=\"e-con-inner\">\n\t\t\t\t<div class=\"elementor-element elementor-element-dbf5822 elementor-widget elementor-widget-text-editor\" data-id=\"dbf5822\" data-element_type=\"widget\" data-e-type=\"widget\" data-widget_type=\"text-editor.default\">\n\t\t\t\t<div class=\"elementor-widget-container\">\n\t\t\t\t\t\t\t\t\t<h4 style=\"font-weight: 400;\"><strong>\u00c1ltal\u00e1nos Szerz\u0151d\u00e9si Felt\u00e9telek (AGB)<\/strong><\/h4><p style=\"font-weight: 400;\">az Easy-Shipping-Online GmbH el\u0151re fizetett internetes sz\u00e1ll\u00edtm\u00e1nyoz\u00e1si szoftver\u00e9nek haszn\u00e1lat\u00e1\u00e9rt<\/p><div><div>3.0 verzi\u00f3 17\/06\/2025-t\u0151l<\/div><div> <\/div><\/div><h3>\u00a7 1 Alkalmaz\u00e1si k\u00f6r<\/h3><p>A jelen \u00c1ltal\u00e1nos Szerz\u0151d\u00e9si Felt\u00e9telek (\u00c1SZF) a Carsten Caliendo \u00e9s Stefan Caliendo, Winzerweg 3, 79291 Merdingen (a tov\u00e1bbiakban: &#8222;Szolg\u00e1ltat\u00f3&#8221;) \u00e1ltal k\u00e9pviselt Easy-Shipping-Online GmbH (a tov\u00e1bbiakban: &#8222;Szolg\u00e1ltat\u00f3&#8221;) \u00e9s az \u00fcgyf\u00e9l (a tov\u00e1bbiakban: &#8222;\u00dcgyf\u00e9l&#8221; vagy &#8222;Felhaszn\u00e1l\u00f3&#8221;) el\u0151re fizetett internetes sz\u00e1ll\u00edtm\u00e1nyoz\u00e1si szoftver\u00e9nek (a tov\u00e1bbiakban: &#8222;Szoftver&#8221;) haszn\u00e1lat\u00e1ra vonatkoznak.<\/p><p>A szoftvert kifejezetten a fuvaroz\u00e1si megb\u00edz\u00e1sok feldolgoz\u00e1s\u00e1ra fejlesztett\u00e9k ki, \u00e9s kiz\u00e1r\u00f3lag a n\u00e9met polg\u00e1ri t\u00f6rv\u00e9nyk\u00f6nyv (BGB) 14. szakasza szerinti v\u00e1llalkoz\u00f3knak, p\u00e9ld\u00e1ul v\u00e1llalatoknak, sz\u00e1ll\u00edtm\u00e1nyoz\u00f3knak \u00e9s fuvaroz\u00e1si szolg\u00e1ltat\u00f3knak sz\u00e1nt\u00e1k. A BGB 13. \u00a7-a szerinti mag\u00e1nszem\u00e9lyek a haszn\u00e1latb\u00f3l ki vannak z\u00e1rva. <\/p><p>Az \u00fcgyf\u00e9l \u00e1ltal\u00e1nos szerz\u0151d\u00e9si felt\u00e9teleit nem fogadjuk el, m\u00e9g akkor sem, ha azok \u00e9rv\u00e9nyess\u00e9g\u00e9vel nem mondanak kifejezetten ellent.<\/p><h3>\u00a7 2 Szolg\u00e1ltat\u00e1s le\u00edr\u00e1sa<\/h3><p>A szolg\u00e1ltat\u00f3 a felhaszn\u00e1l\u00f3 rendelkez\u00e9s\u00e9re bocs\u00e1tja a kiv\u00e1lasztott el\u0151re fizetett tarif\u00e1knak megfelel\u0151en haszn\u00e1lhat\u00f3 szoftvert. A szoftver lehet\u0151v\u00e9 teszi a felhaszn\u00e1l\u00f3 sz\u00e1m\u00e1ra, hogy \u00fczleti dokumentumokat, p\u00e9ld\u00e1ul aj\u00e1nlatokat, sz\u00e1ml\u00e1kat \u00e9s sz\u00e1ll\u00edt\u00e1si megb\u00edz\u00e1sokat hajtson v\u00e9gre, kezeljen \u00e9s hozzon l\u00e9tre. <\/p><p>A szoftver pontos funkci\u00f3i \u00e9s jellemz\u0151i r\u00e9szletesen fel vannak sorolva a szolg\u00e1ltat\u00f3 weboldal\u00e1n \u00e9s a vonatkoz\u00f3 term\u00e9kle\u00edr\u00e1sban. A felhaszn\u00e1l\u00f3nak a szerz\u0151d\u00e9s megk\u00f6t\u00e9se el\u0151tt t\u00e1j\u00e9koz\u00f3dnia kell a megadott inform\u00e1ci\u00f3kr\u00f3l. <\/p><p>A szolg\u00e1ltat\u00f3 garant\u00e1lja, hogy a szoftver a megadott specifik\u00e1ci\u00f3knak megfelel\u0151en m\u0171k\u00f6dik. A szoftver haszn\u00e1lat\u00e1hoz internetkapcsolat sz\u00fcks\u00e9ges, amelynek el\u00e9rhet\u0151s\u00e9ge \u00e9s min\u0151s\u00e9ge nem tartozik a szolg\u00e1ltat\u00f3 felel\u0151ss\u00e9gi k\u00f6r\u00e9be. <\/p><p>A szolg\u00e1ltat\u00f3 a szerz\u0151d\u00e9s id\u0151tartama alatt rendszeresen friss\u00edti \u00e9s fejleszti a szoftvert a felhaszn\u00e1l\u00f3 sz\u00e1m\u00e1ra. A felhaszn\u00e1l\u00f3 k\u00f6teles ezeket a friss\u00edt\u00e9seket telep\u00edteni a szoftver megfelel\u0151 m\u0171k\u00f6d\u00e9s\u00e9nek biztos\u00edt\u00e1sa \u00e9rdek\u00e9ben. <\/p><p>A szolg\u00e1ltat\u00f3 technikai t\u00e1mogat\u00e1st ny\u00fajt a felhaszn\u00e1l\u00f3nak, amely a szok\u00e1sos munkaid\u0151ben el\u00e9rhet\u0151. A t\u00e1mogat\u00e1s mag\u00e1ban foglalja a szoftver m\u0171k\u00f6d\u00e9s\u00e9vel kapcsolatos technikai probl\u00e9m\u00e1k \u00e9s k\u00e9rd\u00e9sek eset\u00e9n ny\u00fajtott seg\u00edts\u00e9get. <\/p><p>A szolg\u00e1ltat\u00f3 garant\u00e1lja a szoftver 98%-os \u00e1tlagos \u00e9ves rendelkez\u00e9sre \u00e1ll\u00e1s\u00e1t. Ez a rendelkez\u00e9sre \u00e1ll\u00e1s nem tartalmazza azokat az id\u0151szakokat, amikor a szoftver karbantart\u00e1si munk\u00e1latok, friss\u00edt\u00e9sek vagy vis maior miatt nem \u00e9rhet\u0151 el. A szolg\u00e1ltat\u00f3 a tervezett karbantart\u00e1si munk\u00e1latokr\u00f3l id\u0151ben t\u00e1j\u00e9koztatja a felhaszn\u00e1l\u00f3t.  <\/p><p>A szolg\u00e1ltat\u00f3 nem garant\u00e1lja a szoftver kompatibilit\u00e1s\u00e1t a felhaszn\u00e1l\u00f3 \u00e1ltal haszn\u00e1lt v\u00e9gberendez\u00e9sekkel, oper\u00e1ci\u00f3s rendszerekkel vagy egy\u00e9b szoftverekkel. A felhaszn\u00e1l\u00f3 a szoftver haszn\u00e1lata el\u0151tt k\u00f6teles meggy\u0151z\u0151dni arr\u00f3l, hogy m\u0171szaki k\u00f6vetelm\u00e9nyei lehet\u0151v\u00e9 teszik-e a szoftver haszn\u00e1lat\u00e1t. <\/p><p>A szolg\u00e1ltat\u00f3 fenntartja a jogot a szoftver tov\u00e1bbfejleszt\u00e9s\u00e9re, valamint a funkci\u00f3k \u00e9s teljes\u00edtm\u00e9nyjellemz\u0151k m\u00f3dos\u00edt\u00e1s\u00e1ra, felt\u00e9ve, hogy ezek a m\u00f3dos\u00edt\u00e1sok nem rontj\u00e1k jelent\u0151sen a szerz\u0151d\u00e9sben v\u00e1llalt f\u0151 szolg\u00e1ltat\u00e1sokat. Az ilyen v\u00e1ltoz\u00e1sokr\u00f3l a felhaszn\u00e1l\u00f3t id\u0151ben t\u00e1j\u00e9koztatni kell. <\/p><p>A szolg\u00e1ltat\u00f3 jogosult a rendelkez\u00e9sre bocs\u00e1tott szoftvert vagy annak r\u00e9szeit ideiglenesen vagy v\u00e9glegesen megsz\u00fcntetni, ha fontos okok ezt sz\u00fcks\u00e9gess\u00e9 teszik. Ilyen esetben a felhaszn\u00e1l\u00f3t id\u0151ben t\u00e1j\u00e9koztatja, \u00e9s sz\u00fcks\u00e9g eset\u00e9n alternat\u00edv megold\u00e1st k\u00edn\u00e1l. <\/p><p>A szerz\u0151d\u00e9s hat\u00e1lya a felhaszn\u00e1l\u00f3 \u00e1ltal v\u00e1lasztott el\u0151re fizetett tarif\u00e1t\u00f3l f\u00fcgg. A felhaszn\u00e1l\u00f3 nem jogosult olyan kieg\u00e9sz\u00edt\u0151 szolg\u00e1ltat\u00e1sokra, amelyek nem szerepelnek kifejezetten a szerz\u0151d\u00e9sben vagy a term\u00e9kle\u00edr\u00e1sban. A szolg\u00e1ltat\u00e1sok k\u00f6r\u00e9nek m\u00f3dos\u00edt\u00e1s\u00e1t \u00edr\u00e1sban kell megtenni, \u00e9s ahhoz mindk\u00e9t szerz\u0151d\u0151 f\u00e9l kifejezett hozz\u00e1j\u00e1rul\u00e1sa sz\u00fcks\u00e9ges.  <\/p><h3>\u00a7 3 Szerz\u0151d\u00e9sk\u00f6t\u00e9s<\/h3><p>A szolg\u00e1ltat\u00f3 a honlapj\u00e1n vagy m\u00e1s kommunik\u00e1ci\u00f3s csatorn\u00e1kon kereszt\u00fcl t\u00e1j\u00e9koztat\u00e1st ny\u00fajt a k\u00edn\u00e1lt szoftverekr\u0151l \u00e9s a k\u00fcl\u00f6nb\u00f6z\u0151 el\u0151re fizetett tarif\u00e1kr\u00f3l. Ez a t\u00e1j\u00e9koztat\u00e1s nem k\u00f6telez\u0151 \u00e9rv\u00e9ny\u0171, \u00e9s nem min\u0151s\u00fcl jogilag k\u00f6telez\u0151 \u00e9rv\u00e9ny\u0171 aj\u00e1nlatnak. <\/p><p>Az \u00fcgyf\u00e9l a k\u00edv\u00e1nt el\u0151re fizetett tarifa kiv\u00e1laszt\u00e1s\u00e1val \u00e9s a megfelel\u0151 online megrendel\u0151lap kit\u00f6lt\u00e9s\u00e9vel adhat k\u00f6telez\u0151 \u00e9rv\u00e9ny\u0171 aj\u00e1nlatot a szerz\u0151d\u00e9s megk\u00f6t\u00e9s\u00e9re. A felhaszn\u00e1l\u00f3nak meg kell adnia szem\u00e9lyes adatait \u00e9s a k\u00edv\u00e1nt fizet\u00e9si m\u00f3dot. <\/p><p>Az online megrendel\u0151lap elk\u00fcld\u00e9s\u00e9t \u00e9s a sikeres el\u0151refizet\u00e9st k\u00f6vet\u0151en az \u00fcgyf\u00e9l e-mailben automatikus visszaigazol\u00e1st kap a megrendel\u00e9sr\u0151l. Ez a rendel\u00e9s visszaigazol\u00e1sa az aj\u00e1nlatnak a szolg\u00e1ltat\u00f3 \u00e1ltali elfogad\u00e1s\u00e1t jelenti. <\/p><p>Az \u00fcgyf\u00e9l k\u00f6teles ellen\u0151rizni a megrendel\u00e9sben szerepl\u0151 fizet\u00e9si inform\u00e1ci\u00f3kat, \u00e9s a megadott hat\u00e1rid\u0151n bel\u00fcl el\u0151re megfizetni a haszn\u00e1lati d\u00edjat.<\/p><p>A szerz\u0151d\u00e9s akkor j\u00f6n l\u00e9tre, amikor a megrendel\u00e9s visszaigazol\u00e1s\u00e1t a megrendel\u0151 megkapja.<\/p><p>A szolg\u00e1ltat\u00f3 fenntartja a jogot, hogy az \u00fcgyf\u00e9l aj\u00e1nlat\u00e1t indokl\u00e1s n\u00e9lk\u00fcl elutas\u00edtsa. Ebben az esetben az \u00fcgyfelet \u00e9rtes\u00edtik, \u00e9s nem sz\u00e1molnak fel neki semmilyen k\u00f6lts\u00e9get. <\/p><p>A szerz\u0151d\u00e9st n\u00e9met nyelven kell megk\u00f6tni. A szolg\u00e1ltat\u00f3 jogosult a szerz\u0151d\u00e9s megk\u00f6t\u00e9s\u00e9t m\u00e1s nyelven is felaj\u00e1nlani, ebben az esetben azonban k\u00e9ts\u00e9g eset\u00e9n a szerz\u0151d\u00e9s n\u00e9met nyelv\u0171 v\u00e1ltozata az ir\u00e1nyad\u00f3. <\/p><h3>\u00a7 4 Tarif\u00e1k \u00e9s felhaszn\u00e1l\u00f3k<\/h3><p>A szolg\u00e1ltat\u00f3 a szoftver haszn\u00e1lat\u00e1t k\u00fcl\u00f6nb\u00f6z\u0151 el\u0151re fizetett tarif\u00e1kban k\u00edn\u00e1lja. A tarif\u00e1k az al\u00e1bbiak szerint oszlanak meg: <\/p><ul><li><strong>Flex<\/strong>: 29,00 Euro, a szoftver 1 h\u00f3napos haszn\u00e1lata<\/li><li><strong>Smart<\/strong>: 87,00 Euro, a szoftver 3 h\u00f3napos haszn\u00e1lata<\/li><li><strong>Partner<\/strong>: 348,00 Euro, a szoftver haszn\u00e1lata 12 h\u00f3napig.<\/li><\/ul><p>Minden d\u00edjszab\u00e1s tartalmazza a szoftver haszn\u00e1lat\u00e1t legfeljebb 3 felhaszn\u00e1l\u00f3 sz\u00e1m\u00e1ra. Tov\u00e1bbi felhaszn\u00e1l\u00f3k (6,90 \u20ac\/felhaszn\u00e1l\u00f3 \u00e1ron) az \u00faj tarifa megk\u00f6t\u00e9sekor adhat\u00f3k hozz\u00e1, \u00e9s a tarifa felt\u00e9teleihez k\u00f6t\u00f6ttek. <\/p><p>Az \u00fcgyf\u00e9l szabadon megv\u00e1laszthatja az egyes \u00faj tarif\u00e1khoz tartoz\u00f3 felhaszn\u00e1l\u00f3k sz\u00e1m\u00e1t. Az \u00faj tarifa ig\u00e9nybev\u00e9telekor az el\u0151z\u0151 tarifa fennmarad\u00f3 kreditje lej\u00e1r. <\/p><p>A tov\u00e1bbi felhaszn\u00e1l\u00f3k d\u00edj\u00e1t a d\u00edjszab\u00e1ssal egy\u00fctt el\u0151re kell megfizetni. A tov\u00e1bbi felhaszn\u00e1l\u00f3k a fizet\u00e9s be\u00e9rkez\u00e9se ut\u00e1n aktiv\u00e1l\u00f3dnak, \u00e9s azonnal haszn\u00e1lhatj\u00e1k a szoftvert. <\/p><p>Minden hozz\u00e1adott felhaszn\u00e1l\u00f3nak a regisztr\u00e1ci\u00f3 sor\u00e1n el kell fogadnia a szolg\u00e1ltat\u00f3 \u00e1ltal\u00e1nos szerz\u0151d\u00e9si felt\u00e9teleit \u00e9s adatv\u00e9delmi rendelkez\u00e9seit.<\/p><p>Az \u00e1rv\u00e1ltoz\u00e1sokr\u00f3l a felhaszn\u00e1l\u00f3t id\u0151ben, m\u00e9g a hat\u00e1lybal\u00e9p\u00e9s el\u0151tt t\u00e1j\u00e9koztatjuk. A felhaszn\u00e1l\u00f3 a hat\u00e1lyba l\u00e9p\u00e9s el\u0151tt felmondhatja a szerz\u0151d\u00e9st, ellenkez\u0151 esetben az \u00faj \u00e1rakat elfogadottnak kell tekinteni. <\/p><h3>\u00a7 5 Hat\u00e1rid\u0151 \u00e9s felmond\u00e1s<\/h3><p>A futamid\u0151 a kiv\u00e1lasztott el\u0151re fizetett tarif\u00e1t\u00f3l f\u00fcgg:<\/p><ul><li><strong>Flex<\/strong>: 1 h\u00f3nap<\/li><li><strong>Smart<\/strong>: 3 h\u00f3nap<\/li><li><strong>Partner<\/strong>: 12 h\u00f3nap<\/li><\/ul><p>A szerz\u0151d\u00e9s a fizet\u00e9s be\u00e9rkez\u00e9sekor kezd\u0151dik \u00e9s automatikusan megsz\u0171nik a lefoglalt id\u0151szak v\u00e9g\u00e9n.<\/p><p>A felhaszn\u00e1l\u00f3 \u00e1ltali id\u0151 el\u0151tti lemond\u00e1s nem lehets\u00e9ges; a d\u00edjat minden esetben teljes eg\u00e9sz\u00e9ben ki kell fizetni.<\/p><p>A meg\u00faj\u00edt\u00e1s meg\u00faj\u00edtott fizet\u00e9ssel t\u00f6rt\u00e9nik. Nincs automatikus meg\u00faj\u00edt\u00e1s. <\/p><p>A szolg\u00e1ltat\u00f3 a szerz\u0151d\u00e9st alapos okb\u00f3l (pl. fizet\u00e9si k\u00e9sedelem vagy vissza\u00e9l\u00e9sszer\u0171 haszn\u00e1lat eset\u00e9n) felmondhatja felmond\u00e1s n\u00e9lk\u00fcl. A m\u00e1r befizetett d\u00edjak nem ker\u00fclnek visszat\u00e9r\u00edt\u00e9sre. <\/p><p>A megsz\u00fcntet\u00e9s ut\u00e1n a szoftvert azonnal nem szabad tov\u00e1bb haszn\u00e1lni. Az adatok egy \u00e9v eltelt\u00e9vel v\u00e9glegesen t\u00f6rl\u0151dnek, hacsak nem t\u00f6rt\u00e9nik \u00faj foglal\u00e1s. <\/p><p>A felt\u00e9telek vagy a felmond\u00e1si felt\u00e9telek m\u00f3dos\u00edt\u00e1s\u00e1t \u00edr\u00e1sban kell megtenni, \u00e9s mindk\u00e9t f\u00e9l beleegyez\u00e9s\u00e9hez sz\u00fcks\u00e9ges.<\/p><h3>\u00a7 6 Fizet\u00e9si felt\u00e9telek<\/h3><p>A felhaszn\u00e1l\u00f3i d\u00edjakat a Mollie fizet\u00e9si szolg\u00e1ltat\u00f3n kereszt\u00fcl fizetik. A Mollie t\u00f6bbek k\u00f6z\u00f6tt a k\u00f6vetkez\u0151 fizet\u00e9si m\u00f3dokat k\u00edn\u00e1lja: <\/p><ul><li>Hitelk\u00e1rtya<\/li><li>PayPal<\/li><li>SEPA beszed\u00e9si megb\u00edz\u00e1s<\/li><li>Apple Pay<\/li><\/ul><p>A d\u00edjat a haszn\u00e1lat el\u0151tt teljes eg\u00e9sz\u00e9ben ki kell fizetni. A helytelen fizet\u00e9si adatok\u00e9rt a felhaszn\u00e1l\u00f3 felel. K\u00e9sedelmes fizet\u00e9s eset\u00e9n a szolg\u00e1ltat\u00f3 a fizet\u00e9si k\u00f6telezetts\u00e9g t\u00f6rl\u00e9se n\u00e9lk\u00fcl is letilthatja a szoftvert.  <\/p><p>Minden \u00e1r nett\u00f3 \u00e1r plusz a t\u00f6rv\u00e9nyes \u00e1fa. A sz\u00e1ll\u00edt\u00f3 a kifizet\u00e9st k\u00f6vet\u0151en \u00e1ll\u00edt ki sz\u00e1ml\u00e1t. <\/p><p>A p\u00e9nzforgalmi szolg\u00e1ltat\u00f3k m\u0171szaki hib\u00e1i nem tartoznak a szolg\u00e1ltat\u00f3 felel\u0151ss\u00e9gi k\u00f6r\u00e9be; a felhaszn\u00e1l\u00f3 ilyenkor k\u00f6teles alternat\u00edv fizet\u00e9si m\u00f3dokat haszn\u00e1lni.<\/p><h3>\u00a7 7 A szoftver haszn\u00e1lata<\/h3><p>A felhaszn\u00e1l\u00f3 k\u00f6teles a szoftvert a jogszab\u00e1lyi rendelkez\u00e9seknek \u00e9s a szerz\u0151d\u00e9ses meg\u00e1llapod\u00e1soknak megfelel\u0151en haszn\u00e1lni. A vissza\u00e9l\u00e9sszer\u0171 haszn\u00e1lat, p\u00e9ld\u00e1ul hamis dokumentumok l\u00e9trehoz\u00e1sa tilos. <\/p><p>A felhaszn\u00e1l\u00f3 nem adhatja tov\u00e1bb vagy adhatja b\u00e9rbe a szoftvert harmadik f\u00e9lnek, kiv\u00e9ve, ha err\u0151l kifejezetten szerz\u0151d\u00e9sben \u00e1llapodtak meg.<\/p><p>A felhaszn\u00e1l\u00f3knak titokban kell tartaniuk a hozz\u00e1f\u00e9r\u00e9si adataikat, \u00e9s \u0151k felel\u0151sek saj\u00e1t adataik biztons\u00e1gi ment\u00e9s\u00e9\u00e9rt.<\/p><p>A szoftver manipul\u00e1l\u00e1sa tilos, \u00e9s a szoftver letilt\u00e1s\u00e1hoz vezethet. A szolg\u00e1ltat\u00f3 a felt\u00e9telek betart\u00e1sa \u00e9rdek\u00e9ben ellen\u0151rzi a haszn\u00e1latot. <\/p><p>A biztons\u00e1got vesz\u00e9lyeztet\u0151 tev\u00e9kenys\u00e9gek, k\u00fcl\u00f6n\u00f6sen a rosszindulat\u00fa szoftverek terjeszt\u00e9se tilos. A karbantart\u00e1si sz\u00fcneteket id\u0151ben bejelentj\u00fck. <\/p><h3>\u00a7 8 Felel\u0151ss\u00e9g<\/h3><p>A szolg\u00e1ltat\u00f3 a t\u00f6rv\u00e9nyi rendelkez\u00e9seknek megfelel\u0151en felel a sz\u00e1nd\u00e9koss\u00e1g\u00e9rt \u00e9s a s\u00falyos gondatlans\u00e1g\u00e9rt. Enyhe gondatlans\u00e1g eset\u00e9n a felel\u0151ss\u00e9g a szerz\u0151d\u00e9sre jellemz\u0151 el\u0151re l\u00e1that\u00f3 k\u00e1rra korl\u00e1toz\u00f3dik. <\/p><p>Minden tov\u00e1bbi felel\u0151ss\u00e9g kiz\u00e1rva. Ez a helyettesekre is vonatkozik. <\/p><p>Adatveszt\u00e9s eset\u00e9n a szolg\u00e1ltat\u00f3 csak azok\u00e9rt a k\u00e1rok\u00e9rt felel, amelyek akkor is bek\u00f6vetkeztek volna, ha a felhaszn\u00e1l\u00f3 megfelel\u0151 biztons\u00e1gi ment\u00e9st k\u00e9sz\u00edtett volna az adatokr\u00f3l. A felhaszn\u00e1l\u00f3 k\u00f6teles rendszeresen biztons\u00e1gi ment\u00e9seket k\u00e9sz\u00edteni. <\/p><p>A szolg\u00e1ltat\u00f3 nem v\u00e1llal felel\u0151ss\u00e9get a szoftverrel l\u00e9trehozott dokumentumok pontoss\u00e1g\u00e1\u00e9rt.<\/p><h3>\u00a7 9 Adatv\u00e9delem<\/h3><p>A szolg\u00e1ltat\u00f3 a felhaszn\u00e1l\u00f3 szem\u00e9lyes adatait kiz\u00e1r\u00f3lag a jogszab\u00e1lyi rendelkez\u00e9sek keretein bel\u00fcl gy\u0171jti, kezeli \u00e9s haszn\u00e1lja fel.<\/p><p>Az adatv\u00e9delmi rendelkez\u00e9sek teljes terjedelm\u00fckben megtekinthet\u0151k a szolg\u00e1ltat\u00f3 weboldal\u00e1n.<\/p><p>A felhaszn\u00e1l\u00f3 hozz\u00e1j\u00e1rul az adatfeldolgoz\u00e1shoz, amennyiben az a szoftver haszn\u00e1lat\u00e1hoz sz\u00fcks\u00e9ges.<\/p><h3>\u00a7 10 Z\u00e1r\u00f3 rendelkez\u00e9sek<\/h3><p>Az \u00e1ruk nemzetk\u00f6zi ad\u00e1sv\u00e9teli szerz\u0151d\u00e9seir\u0151l sz\u00f3l\u00f3 ENSZ-egyezm\u00e9ny kiz\u00e1r\u00e1s\u00e1val a n\u00e9met jog alkalmazand\u00f3.<\/p><p>A joghat\u00f3s\u00e1g helye a szolg\u00e1ltat\u00f3 bejegyzett sz\u00e9khelye.<\/p><p>Amennyiben egyes rendelkez\u00e9sek \u00e9rv\u00e9nytelenek, a t\u00f6bbi rendelkez\u00e9s \u00e9rv\u00e9nyess\u00e9g\u00e9t ez nem \u00e9rinti.<\/p><p>A m\u00f3dos\u00edt\u00e1sokat vagy kieg\u00e9sz\u00edt\u00e9seket \u00edr\u00e1sban kell megtenni.<\/p>\t\t\t\t\t\t\t\t<\/div>\n\t\t\t\t<\/div>\n\t\t\t\t\t<\/div>\n\t\t\t\t<\/div>\n\t\t\t\t<\/div>\n\t\t","protected":false},"excerpt":{"rendered":"<p>GTC \u00c1ltal\u00e1nos Szerz\u0151d\u00e9si Felt\u00e9telek (AGB) az Easy-Shipping-Online GmbH el\u0151re fizetett internetes sz\u00e1ll\u00edtm\u00e1nyoz\u00e1si szoftver\u00e9nek haszn\u00e1lat\u00e1\u00e9rt 3.0 verzi\u00f3 17\/06\/2025-t\u0151l \u00a7 1 Alkalmaz\u00e1si k\u00f6r A jelen \u00c1ltal\u00e1nos Szerz\u0151d\u00e9si Felt\u00e9telek (\u00c1SZF) a Carsten Caliendo \u00e9s Stefan Caliendo, Winzerweg 3, 79291 Merdingen (a tov\u00e1bbiakban: &#8222;Szolg\u00e1ltat\u00f3&#8221;) \u00e1ltal k\u00e9pviselt Easy-Shipping-Online GmbH (a tov\u00e1bbiakban: &#8222;Szolg\u00e1ltat\u00f3&#8221;) \u00e9s az \u00fcgyf\u00e9l (a tov\u00e1bbiakban: &#8222;\u00dcgyf\u00e9l&#8221; vagy &#8222;Felhaszn\u00e1l\u00f3&#8221;) [&hellip;]<\/p>\n","protected":false},"author":1,"featured_media":0,"parent":0,"menu_order":0,"comment_status":"closed","ping_status":"closed","template":"","meta":{"footnotes":""},"class_list":["post-4005","page","type-page","status-publish","hentry"],"yoast_head":"<!-- This site is optimized with the Yoast SEO plugin v27.0 - https:\/\/yoast.com\/product\/yoast-seo-wordpress\/ -->\n<title>GTC - Easy-Shipping-Online<\/title>\n<meta name=\"description\" content=\"Az Easy-Shipping-Online GmbH \u00e1ltal\u00e1nos szerz\u0151d\u00e9si felt\u00e9telei (\u00c1SZF) - a szerz\u0151d\u00e9s, a szolg\u00e1ltat\u00e1sok \u00e9s a szoftver haszn\u00e1lat\u00e1nak jogilag k\u00f6telez\u0151 \u00e9rv\u00e9ny\u0171 szab\u00e1lyoz\u00e1sa.\" \/>\n<meta name=\"robots\" content=\"index, follow, max-snippet:-1, max-image-preview:large, max-video-preview:-1\" \/>\n<link rel=\"canonical\" href=\"https:\/\/easy-shipping-online.com\/hu\/gtc\/\" \/>\n<meta property=\"og:locale\" content=\"hu_HU\" \/>\n<meta property=\"og:type\" content=\"article\" \/>\n<meta property=\"og:title\" content=\"GTC - Easy-Shipping-Online\" \/>\n<meta property=\"og:description\" content=\"Az Easy-Shipping-Online GmbH \u00e1ltal\u00e1nos szerz\u0151d\u00e9si felt\u00e9telei (\u00c1SZF) - a szerz\u0151d\u00e9s, a szolg\u00e1ltat\u00e1sok \u00e9s a szoftver haszn\u00e1lat\u00e1nak jogilag k\u00f6telez\u0151 \u00e9rv\u00e9ny\u0171 szab\u00e1lyoz\u00e1sa.\" \/>\n<meta property=\"og:url\" content=\"https:\/\/easy-shipping-online.com\/hu\/gtc\/\" \/>\n<meta property=\"og:site_name\" content=\"Easy-Shipping-Online\" \/>\n<meta property=\"article:modified_time\" content=\"2025-07-22T10:22:15+00:00\" \/>\n<meta name=\"twitter:card\" content=\"summary_large_image\" \/>\n<meta name=\"twitter:label1\" content=\"Becs\u00fclt olvas\u00e1si id\u0151\" \/>\n\t<meta name=\"twitter:data1\" content=\"10 perc\" \/>\n<script type=\"application\/ld+json\" class=\"yoast-schema-graph\">{\"@context\":\"https:\/\/schema.org\",\"@graph\":[{\"@type\":\"WebPage\",\"@id\":\"https:\/\/easy-shipping-online.com\/hu\/gtc\/\",\"url\":\"https:\/\/easy-shipping-online.com\/hu\/gtc\/\",\"name\":\"GTC - Easy-Shipping-Online\",\"isPartOf\":{\"@id\":\"https:\/\/easy-shipping-online.com\/hu\/#website\"},\"datePublished\":\"2025-07-14T14:05:01+00:00\",\"dateModified\":\"2025-07-22T10:22:15+00:00\",\"description\":\"Az Easy-Shipping-Online GmbH \u00e1ltal\u00e1nos szerz\u0151d\u00e9si felt\u00e9telei (\u00c1SZF) - a szerz\u0151d\u00e9s, a szolg\u00e1ltat\u00e1sok \u00e9s a szoftver haszn\u00e1lat\u00e1nak jogilag k\u00f6telez\u0151 \u00e9rv\u00e9ny\u0171 szab\u00e1lyoz\u00e1sa.\",\"breadcrumb\":{\"@id\":\"https:\/\/easy-shipping-online.com\/hu\/gtc\/#breadcrumb\"},\"inLanguage\":\"hu\",\"potentialAction\":[{\"@type\":\"ReadAction\",\"target\":[\"https:\/\/easy-shipping-online.com\/hu\/gtc\/\"]}]},{\"@type\":\"BreadcrumbList\",\"@id\":\"https:\/\/easy-shipping-online.com\/hu\/gtc\/#breadcrumb\",\"itemListElement\":[{\"@type\":\"ListItem\",\"position\":1,\"name\":\"Startseite\",\"item\":\"https:\/\/easy-shipping-online.com\/hu\/\"},{\"@type\":\"ListItem\",\"position\":2,\"name\":\"GTC\"}]},{\"@type\":\"WebSite\",\"@id\":\"https:\/\/easy-shipping-online.com\/hu\/#website\",\"url\":\"https:\/\/easy-shipping-online.com\/hu\/\",\"name\":\"Easy-Shipping-Online\",\"description\":\"Auftragsmanagement f\u00fcr Transportdienstleister\",\"publisher\":{\"@id\":\"https:\/\/easy-shipping-online.com\/hu\/#organization\"},\"potentialAction\":[{\"@type\":\"SearchAction\",\"target\":{\"@type\":\"EntryPoint\",\"urlTemplate\":\"https:\/\/easy-shipping-online.com\/hu\/?s={search_term_string}\"},\"query-input\":{\"@type\":\"PropertyValueSpecification\",\"valueRequired\":true,\"valueName\":\"search_term_string\"}}],\"inLanguage\":\"hu\"},{\"@type\":\"Organization\",\"@id\":\"https:\/\/easy-shipping-online.com\/hu\/#organization\",\"name\":\"Easy-Shipping-Online GmbH\",\"url\":\"https:\/\/easy-shipping-online.com\/hu\/\",\"logo\":{\"@type\":\"ImageObject\",\"inLanguage\":\"hu\",\"@id\":\"https:\/\/easy-shipping-online.com\/hu\/#\/schema\/logo\/image\/\",\"url\":\"https:\/\/easy-shipping-online.com\/wp-content\/uploads\/2025\/01\/eso_logo_subline.svg\",\"contentUrl\":\"https:\/\/easy-shipping-online.com\/wp-content\/uploads\/2025\/01\/eso_logo_subline.svg\",\"width\":584,\"height\":235,\"caption\":\"Easy-Shipping-Online GmbH\"},\"image\":{\"@id\":\"https:\/\/easy-shipping-online.com\/hu\/#\/schema\/logo\/image\/\"}}]}<\/script>\n<!-- \/ Yoast SEO plugin. -->","yoast_head_json":{"title":"GTC - Easy-Shipping-Online","description":"Az Easy-Shipping-Online GmbH \u00e1ltal\u00e1nos szerz\u0151d\u00e9si felt\u00e9telei (\u00c1SZF) - a szerz\u0151d\u00e9s, a szolg\u00e1ltat\u00e1sok \u00e9s a szoftver haszn\u00e1lat\u00e1nak jogilag k\u00f6telez\u0151 \u00e9rv\u00e9ny\u0171 szab\u00e1lyoz\u00e1sa.","robots":{"index":"index","follow":"follow","max-snippet":"max-snippet:-1","max-image-preview":"max-image-preview:large","max-video-preview":"max-video-preview:-1"},"canonical":"https:\/\/easy-shipping-online.com\/hu\/gtc\/","og_locale":"hu_HU","og_type":"article","og_title":"GTC - Easy-Shipping-Online","og_description":"Az Easy-Shipping-Online GmbH \u00e1ltal\u00e1nos szerz\u0151d\u00e9si felt\u00e9telei (\u00c1SZF) - a szerz\u0151d\u00e9s, a szolg\u00e1ltat\u00e1sok \u00e9s a szoftver haszn\u00e1lat\u00e1nak jogilag k\u00f6telez\u0151 \u00e9rv\u00e9ny\u0171 szab\u00e1lyoz\u00e1sa.","og_url":"https:\/\/easy-shipping-online.com\/hu\/gtc\/","og_site_name":"Easy-Shipping-Online","article_modified_time":"2025-07-22T10:22:15+00:00","twitter_card":"summary_large_image","twitter_misc":{"Becs\u00fclt olvas\u00e1si id\u0151":"10 perc"},"schema":{"@context":"https:\/\/schema.org","@graph":[{"@type":"WebPage","@id":"https:\/\/easy-shipping-online.com\/hu\/gtc\/","url":"https:\/\/easy-shipping-online.com\/hu\/gtc\/","name":"GTC - Easy-Shipping-Online","isPartOf":{"@id":"https:\/\/easy-shipping-online.com\/hu\/#website"},"datePublished":"2025-07-14T14:05:01+00:00","dateModified":"2025-07-22T10:22:15+00:00","description":"Az Easy-Shipping-Online GmbH \u00e1ltal\u00e1nos szerz\u0151d\u00e9si felt\u00e9telei (\u00c1SZF) - a szerz\u0151d\u00e9s, a szolg\u00e1ltat\u00e1sok \u00e9s a szoftver haszn\u00e1lat\u00e1nak jogilag k\u00f6telez\u0151 \u00e9rv\u00e9ny\u0171 szab\u00e1lyoz\u00e1sa.","breadcrumb":{"@id":"https:\/\/easy-shipping-online.com\/hu\/gtc\/#breadcrumb"},"inLanguage":"hu","potentialAction":[{"@type":"ReadAction","target":["https:\/\/easy-shipping-online.com\/hu\/gtc\/"]}]},{"@type":"BreadcrumbList","@id":"https:\/\/easy-shipping-online.com\/hu\/gtc\/#breadcrumb","itemListElement":[{"@type":"ListItem","position":1,"name":"Startseite","item":"https:\/\/easy-shipping-online.com\/hu\/"},{"@type":"ListItem","position":2,"name":"GTC"}]},{"@type":"WebSite","@id":"https:\/\/easy-shipping-online.com\/hu\/#website","url":"https:\/\/easy-shipping-online.com\/hu\/","name":"Easy-Shipping-Online","description":"Auftragsmanagement f\u00fcr Transportdienstleister","publisher":{"@id":"https:\/\/easy-shipping-online.com\/hu\/#organization"},"potentialAction":[{"@type":"SearchAction","target":{"@type":"EntryPoint","urlTemplate":"https:\/\/easy-shipping-online.com\/hu\/?s={search_term_string}"},"query-input":{"@type":"PropertyValueSpecification","valueRequired":true,"valueName":"search_term_string"}}],"inLanguage":"hu"},{"@type":"Organization","@id":"https:\/\/easy-shipping-online.com\/hu\/#organization","name":"Easy-Shipping-Online GmbH","url":"https:\/\/easy-shipping-online.com\/hu\/","logo":{"@type":"ImageObject","inLanguage":"hu","@id":"https:\/\/easy-shipping-online.com\/hu\/#\/schema\/logo\/image\/","url":"https:\/\/easy-shipping-online.com\/wp-content\/uploads\/2025\/01\/eso_logo_subline.svg","contentUrl":"https:\/\/easy-shipping-online.com\/wp-content\/uploads\/2025\/01\/eso_logo_subline.svg","width":584,"height":235,"caption":"Easy-Shipping-Online GmbH"},"image":{"@id":"https:\/\/easy-shipping-online.com\/hu\/#\/schema\/logo\/image\/"}}]}},"_links":{"self":[{"href":"https:\/\/easy-shipping-online.com\/hu\/wp-json\/wp\/v2\/pages\/4005","targetHints":{"allow":["GET"]}}],"collection":[{"href":"https:\/\/easy-shipping-online.com\/hu\/wp-json\/wp\/v2\/pages"}],"about":[{"href":"https:\/\/easy-shipping-online.com\/hu\/wp-json\/wp\/v2\/types\/page"}],"author":[{"embeddable":true,"href":"https:\/\/easy-shipping-online.com\/hu\/wp-json\/wp\/v2\/users\/1"}],"replies":[{"embeddable":true,"href":"https:\/\/easy-shipping-online.com\/hu\/wp-json\/wp\/v2\/comments?post=4005"}],"version-history":[{"count":2,"href":"https:\/\/easy-shipping-online.com\/hu\/wp-json\/wp\/v2\/pages\/4005\/revisions"}],"predecessor-version":[{"id":4008,"href":"https:\/\/easy-shipping-online.com\/hu\/wp-json\/wp\/v2\/pages\/4005\/revisions\/4008"}],"wp:attachment":[{"href":"https:\/\/easy-shipping-online.com\/hu\/wp-json\/wp\/v2\/media?parent=4005"}],"curies":[{"name":"wp","href":"https:\/\/api.w.org\/{rel}","templated":true}]}}