{"id":2375,"date":"2025-03-21T10:05:18","date_gmt":"2025-03-21T09:05:18","guid":{"rendered":"https:\/\/easy-shipping-online.com\/atspaudas\/"},"modified":"2025-07-22T12:18:57","modified_gmt":"2025-07-22T10:18:57","slug":"atspaudas","status":"publish","type":"page","link":"https:\/\/easy-shipping-online.com\/lt\/atspaudas\/","title":{"rendered":"Atspaudas"},"content":{"rendered":"\t\t<div data-elementor-type=\"wp-page\" data-elementor-id=\"2375\" class=\"elementor elementor-2375 elementor-1762\" data-elementor-post-type=\"page\">\n\t\t\t\t<div class=\"elementor-element elementor-element-c2bcd43 e-flex e-con-boxed e-con e-parent\" data-id=\"c2bcd43\" data-element_type=\"container\" data-e-type=\"container\" data-settings=\"{&quot;background_background&quot;:&quot;gradient&quot;}\">\n\t\t\t\t\t<div class=\"e-con-inner\">\n\t\t\t\t<div class=\"elementor-element elementor-element-62727b1 animated-fast elementor-invisible elementor-widget elementor-widget-heading\" data-id=\"62727b1\" data-element_type=\"widget\" data-e-type=\"widget\" data-settings=\"{&quot;_animation&quot;:&quot;fadeInUp&quot;}\" data-widget_type=\"heading.default\">\n\t\t\t\t<div class=\"elementor-widget-container\">\n\t\t\t\t\t<h1 class=\"elementor-heading-title elementor-size-default\">Atspaudas<\/h1>\t\t\t\t<\/div>\n\t\t\t\t<\/div>\n\t\t\t\t\t<\/div>\n\t\t\t\t<\/div>\n\t\t<div class=\"elementor-element elementor-element-e7a1273 e-flex e-con-boxed e-con e-parent\" data-id=\"e7a1273\" data-element_type=\"container\" data-e-type=\"container\">\n\t\t\t\t\t<div class=\"e-con-inner\">\n\t\t\t\t<div class=\"elementor-element elementor-element-dbf5822 elementor-widget elementor-widget-text-editor\" data-id=\"dbf5822\" data-element_type=\"widget\" data-e-type=\"widget\" data-widget_type=\"text-editor.default\">\n\t\t\t\t<div class=\"elementor-widget-container\">\n\t\t\t\t\t\t\t\t\t<h4><strong>Informacija pagal TMG 5 straipsn\u012f<\/strong><\/h4><p>Easy-Shipping-Online GmbH<br>Winzerweg 3<br>79291 Merdingen<\/p><p><strong>Atstovauja:<\/strong><\/p><p data-prosemirror-content-type=\"node\" data-prosemirror-node-name=\"paragraph\" data-prosemirror-node-block=\"true\" data-pm-slice=\"1 1 []\">Carsten Caliendo, Stefan Caliendo<\/p><p>UST ID: DE44955050791<\/p><p>Komercinis registras: HRB 731866<br>Freiburgo registro teismas<\/p><p><strong>Susisiekite su mumis<\/strong><\/p><p>El. pa\u0161tas: info@easy-shipping-online.com<\/p><p><strong>ES gin\u010d\u0173 sprendimas<\/strong><\/p><p>Europos Komisija teikia internetinio gin\u010d\u0173 sprendimo (OS) platform\u0105:<br>https:\/\/ec.europa.eu\/consumers\/odr\/.<br>M\u016bs\u0173 el. pa\u0161to adres\u0105 rasite pirmiau pateiktame teisiniame prane\u0161ime.<\/p><p><strong>Vartotoj\u0173 gin\u010d\u0173 sprendimo ir (arba) visuotinio arbitra\u017eo centras<\/strong><\/p><p>Nenorime ir neprivalome dalyvauti gin\u010d\u0173 sprendimo proced\u016brose vartotoj\u0173 arbitra\u017ee.<\/p><h3>Atsakomyb\u0117 u\u017e turin\u012f<\/h3><p>B\u016bdami paslaug\u0173 teik\u0117jai, esame atsakingi u\u017e savo turin\u012f \u0161iuose puslapiuose pagal TMG (Vokietijos telemedijos \u012fstatymo) 7 straipsnio 1 dal\u012f ir bendruosius teis\u0117s aktus. Ta\u010diau pagal TMG 8-10 straipsnius mes, kaip paslaug\u0173 teik\u0117jas, neprivalome steb\u0117ti perduodamos ar saugomos tre\u010di\u0173j\u0173 \u0161ali\u0173 informacijos arba tirti aplinkybi\u0173, rodan\u010di\u0173 neteis\u0117t\u0105 veikl\u0105. Tai neturi \u012ftakos prievol\u0117ms pa\u0161alinti arba blokuoti informacijos naudojim\u0105 pagal bendruosius teis\u0117s aktus. Ta\u010diau atsakomyb\u0117 \u0161iuo at\u017evilgiu galima tik nuo tada, kai su\u017einoma apie konkret\u0173 pa\u017eeidim\u0105. Kai tik su\u017einosime apie tokius pa\u017eeidimus, nedelsdami pa\u0161alinsime \u0161\u012f turin\u012f.     <\/p><h3>Atsakomyb\u0117 u\u017e nuorodas<\/h3><p>M\u016bs\u0173 svetain\u0117je yra nuorod\u0173 \u012f i\u0161orines tre\u010di\u0173j\u0173 \u0161ali\u0173 svetaines, kuri\u0173 turiniui neturime jokios \u012ftakos. Tod\u0117l mes negalime prisiimti jokios atsakomyb\u0117s u\u017e \u0161\u012f tre\u010di\u0173j\u0173 \u0161ali\u0173 turin\u012f. U\u017e puslapi\u0173, \u012f kuriuos pateikiamos nuorodos, turin\u012f visuomet atsako atitinkamas puslapi\u0173 teik\u0117jas arba valdytojas. Nuorod\u0173 pateikimo metu buvo patikrinta, ar nuorod\u0173 puslapiuose n\u0117ra galim\u0173 teisini\u0173 pa\u017eeidim\u0173. Neteis\u0117to turinio nuorod\u0173 pateikimo metu nebuvo galima atpa\u017einti. Ta\u010diau nuolatinis susiet\u0173 puslapi\u0173 turinio steb\u0117jimas yra netikslingas, jei n\u0117ra konkre\u010di\u0173 pa\u017eeidimo \u012frodym\u0173. Jei su\u017einosime apie teisinius pa\u017eeidimus, nedelsdami pa\u0161alinsime tokias nuorodas.      <\/p><h3>Autorin\u0117s teis\u0117s<\/h3><p>\u0160iuose puslapiuose esan\u010diam svetain\u0117s operatori\u0173 sukurtam turiniui ir k\u016briniams taikomi Vokietijos autori\u0173 teisi\u0173 \u012fstatymai. Kopijavimui, apdorojimui, platinimui ir bet kokiam panaudojimui u\u017e autori\u0173 teisi\u0173 \u012fstatymo rib\u0173 reikalingas ra\u0161ti\u0161kas atitinkamo autoriaus ar k\u016br\u0117jo sutikimas. Atsisi\u0173sti ir kopijuoti \u0161i\u0105 svetain\u0119 leid\u017eiama tik asmeniniam, nekomerciniam naudojimui. Jei \u0161ios svetain\u0117s turin\u012f suk\u016br\u0117 ne operatorius, tre\u010di\u0173j\u0173 \u0161ali\u0173 autori\u0173 teis\u0117s yra gerbiamos. Vis\u0173 pirma, tre\u010di\u0173j\u0173 \u0161ali\u0173 turinys yra pa\u017eym\u0117tas kaip toks. Jei vis d\u0117lto su\u017einotum\u0117te apie autori\u0173 teisi\u0173 pa\u017eeidim\u0105, prane\u0161kite mums apie tai. Su\u017einoj\u0119 apie pa\u017eeidimus, nedelsdami pa\u0161alinsime tok\u012f turin\u012f.      <\/p>\t\t\t\t\t\t\t\t<\/div>\n\t\t\t\t<\/div>\n\t\t\t\t\t<\/div>\n\t\t\t\t<\/div>\n\t\t\t\t<\/div>\n\t\t","protected":false},"excerpt":{"rendered":"<p>Atspaudas Informacija pagal TMG 5 straipsn\u012f Easy-Shipping-Online GmbHWinzerweg 379291 Merdingen Atstovauja: Carsten Caliendo, Stefan Caliendo UST ID: DE44955050791 Komercinis registras: HRB 731866Freiburgo registro teismas Susisiekite su mumis El. pa\u0161tas: info@easy-shipping-online.com ES gin\u010d\u0173 sprendimas Europos Komisija teikia internetinio gin\u010d\u0173 sprendimo (OS) platform\u0105:https:\/\/ec.europa.eu\/consumers\/odr\/.M\u016bs\u0173 el. pa\u0161to adres\u0105 rasite pirmiau pateiktame teisiniame prane\u0161ime. Vartotoj\u0173 gin\u010d\u0173 sprendimo ir (arba) visuotinio [&hellip;]<\/p>\n","protected":false},"author":1,"featured_media":0,"parent":0,"menu_order":0,"comment_status":"closed","ping_status":"closed","template":"","meta":{"footnotes":""},"class_list":["post-2375","page","type-page","status-publish","hentry"],"yoast_head":"<!-- This site is optimized with the Yoast SEO plugin v27.0 - https:\/\/yoast.com\/product\/yoast-seo-wordpress\/ -->\n<title>Atspaudas - Easy-Shipping-Online<\/title>\n<meta name=\"description\" content=\"&quot;Easy-Shipping-Online GmbH&quot; atspaudas - Informacija pagal TMG 5 straipsn\u012f: Adresas, kontaktin\u0117 informacija ir teisiniai atstovai i\u0161 pirmo \u017evilgsnio.\" \/>\n<meta name=\"robots\" content=\"index, follow, max-snippet:-1, max-image-preview:large, max-video-preview:-1\" \/>\n<link rel=\"canonical\" href=\"https:\/\/easy-shipping-online.com\/lt\/atspaudas\/\" \/>\n<meta property=\"og:locale\" content=\"lt_LT\" \/>\n<meta property=\"og:type\" content=\"article\" \/>\n<meta property=\"og:title\" content=\"Atspaudas - Easy-Shipping-Online\" \/>\n<meta property=\"og:description\" content=\"&quot;Easy-Shipping-Online GmbH&quot; atspaudas - Informacija pagal TMG 5 straipsn\u012f: Adresas, kontaktin\u0117 informacija ir teisiniai atstovai i\u0161 pirmo \u017evilgsnio.\" \/>\n<meta property=\"og:url\" content=\"https:\/\/easy-shipping-online.com\/lt\/atspaudas\/\" \/>\n<meta property=\"og:site_name\" content=\"Easy-Shipping-Online\" \/>\n<meta property=\"article:modified_time\" content=\"2025-07-22T10:18:57+00:00\" \/>\n<meta name=\"twitter:card\" content=\"summary_large_image\" \/>\n<meta name=\"twitter:label1\" content=\"Est. reading time\" \/>\n\t<meta name=\"twitter:data1\" content=\"2 minut\u0117s\" \/>\n<script type=\"application\/ld+json\" class=\"yoast-schema-graph\">{\"@context\":\"https:\/\/schema.org\",\"@graph\":[{\"@type\":\"WebPage\",\"@id\":\"https:\/\/easy-shipping-online.com\/lt\/atspaudas\/\",\"url\":\"https:\/\/easy-shipping-online.com\/lt\/atspaudas\/\",\"name\":\"Atspaudas - Easy-Shipping-Online\",\"isPartOf\":{\"@id\":\"https:\/\/easy-shipping-online.com\/lt\/#website\"},\"datePublished\":\"2025-03-21T09:05:18+00:00\",\"dateModified\":\"2025-07-22T10:18:57+00:00\",\"description\":\"\\\"Easy-Shipping-Online GmbH\\\" atspaudas - Informacija pagal TMG 5 straipsn\u012f: Adresas, kontaktin\u0117 informacija ir teisiniai atstovai i\u0161 pirmo \u017evilgsnio.\",\"breadcrumb\":{\"@id\":\"https:\/\/easy-shipping-online.com\/lt\/atspaudas\/#breadcrumb\"},\"inLanguage\":\"lt-LT\",\"potentialAction\":[{\"@type\":\"ReadAction\",\"target\":[\"https:\/\/easy-shipping-online.com\/lt\/atspaudas\/\"]}]},{\"@type\":\"BreadcrumbList\",\"@id\":\"https:\/\/easy-shipping-online.com\/lt\/atspaudas\/#breadcrumb\",\"itemListElement\":[{\"@type\":\"ListItem\",\"position\":1,\"name\":\"Startseite\",\"item\":\"https:\/\/easy-shipping-online.com\/lt\/\"},{\"@type\":\"ListItem\",\"position\":2,\"name\":\"Atspaudas\"}]},{\"@type\":\"WebSite\",\"@id\":\"https:\/\/easy-shipping-online.com\/lt\/#website\",\"url\":\"https:\/\/easy-shipping-online.com\/lt\/\",\"name\":\"Easy-Shipping-Online\",\"description\":\"Auftragsmanagement f\u00fcr Transportdienstleister\",\"publisher\":{\"@id\":\"https:\/\/easy-shipping-online.com\/lt\/#organization\"},\"potentialAction\":[{\"@type\":\"SearchAction\",\"target\":{\"@type\":\"EntryPoint\",\"urlTemplate\":\"https:\/\/easy-shipping-online.com\/lt\/?s={search_term_string}\"},\"query-input\":{\"@type\":\"PropertyValueSpecification\",\"valueRequired\":true,\"valueName\":\"search_term_string\"}}],\"inLanguage\":\"lt-LT\"},{\"@type\":\"Organization\",\"@id\":\"https:\/\/easy-shipping-online.com\/lt\/#organization\",\"name\":\"\\\"Easy-Shipping-Online GmbH\",\"url\":\"https:\/\/easy-shipping-online.com\/lt\/\",\"logo\":{\"@type\":\"ImageObject\",\"inLanguage\":\"lt-LT\",\"@id\":\"https:\/\/easy-shipping-online.com\/lt\/#\/schema\/logo\/image\/\",\"url\":\"https:\/\/easy-shipping-online.com\/wp-content\/uploads\/2025\/01\/eso_logo_subline.svg\",\"contentUrl\":\"https:\/\/easy-shipping-online.com\/wp-content\/uploads\/2025\/01\/eso_logo_subline.svg\",\"width\":584,\"height\":235,\"caption\":\"\\\"Easy-Shipping-Online GmbH\"},\"image\":{\"@id\":\"https:\/\/easy-shipping-online.com\/lt\/#\/schema\/logo\/image\/\"}}]}<\/script>\n<!-- \/ Yoast SEO plugin. -->","yoast_head_json":{"title":"Atspaudas - Easy-Shipping-Online","description":"\"Easy-Shipping-Online GmbH\" atspaudas - Informacija pagal TMG 5 straipsn\u012f: Adresas, kontaktin\u0117 informacija ir teisiniai atstovai i\u0161 pirmo \u017evilgsnio.","robots":{"index":"index","follow":"follow","max-snippet":"max-snippet:-1","max-image-preview":"max-image-preview:large","max-video-preview":"max-video-preview:-1"},"canonical":"https:\/\/easy-shipping-online.com\/lt\/atspaudas\/","og_locale":"lt_LT","og_type":"article","og_title":"Atspaudas - Easy-Shipping-Online","og_description":"\"Easy-Shipping-Online GmbH\" atspaudas - Informacija pagal TMG 5 straipsn\u012f: Adresas, kontaktin\u0117 informacija ir teisiniai atstovai i\u0161 pirmo \u017evilgsnio.","og_url":"https:\/\/easy-shipping-online.com\/lt\/atspaudas\/","og_site_name":"Easy-Shipping-Online","article_modified_time":"2025-07-22T10:18:57+00:00","twitter_card":"summary_large_image","twitter_misc":{"Est. reading time":"2 minut\u0117s"},"schema":{"@context":"https:\/\/schema.org","@graph":[{"@type":"WebPage","@id":"https:\/\/easy-shipping-online.com\/lt\/atspaudas\/","url":"https:\/\/easy-shipping-online.com\/lt\/atspaudas\/","name":"Atspaudas - Easy-Shipping-Online","isPartOf":{"@id":"https:\/\/easy-shipping-online.com\/lt\/#website"},"datePublished":"2025-03-21T09:05:18+00:00","dateModified":"2025-07-22T10:18:57+00:00","description":"\"Easy-Shipping-Online GmbH\" atspaudas - Informacija pagal TMG 5 straipsn\u012f: Adresas, kontaktin\u0117 informacija ir teisiniai atstovai i\u0161 pirmo \u017evilgsnio.","breadcrumb":{"@id":"https:\/\/easy-shipping-online.com\/lt\/atspaudas\/#breadcrumb"},"inLanguage":"lt-LT","potentialAction":[{"@type":"ReadAction","target":["https:\/\/easy-shipping-online.com\/lt\/atspaudas\/"]}]},{"@type":"BreadcrumbList","@id":"https:\/\/easy-shipping-online.com\/lt\/atspaudas\/#breadcrumb","itemListElement":[{"@type":"ListItem","position":1,"name":"Startseite","item":"https:\/\/easy-shipping-online.com\/lt\/"},{"@type":"ListItem","position":2,"name":"Atspaudas"}]},{"@type":"WebSite","@id":"https:\/\/easy-shipping-online.com\/lt\/#website","url":"https:\/\/easy-shipping-online.com\/lt\/","name":"Easy-Shipping-Online","description":"Auftragsmanagement f\u00fcr Transportdienstleister","publisher":{"@id":"https:\/\/easy-shipping-online.com\/lt\/#organization"},"potentialAction":[{"@type":"SearchAction","target":{"@type":"EntryPoint","urlTemplate":"https:\/\/easy-shipping-online.com\/lt\/?s={search_term_string}"},"query-input":{"@type":"PropertyValueSpecification","valueRequired":true,"valueName":"search_term_string"}}],"inLanguage":"lt-LT"},{"@type":"Organization","@id":"https:\/\/easy-shipping-online.com\/lt\/#organization","name":"\"Easy-Shipping-Online GmbH","url":"https:\/\/easy-shipping-online.com\/lt\/","logo":{"@type":"ImageObject","inLanguage":"lt-LT","@id":"https:\/\/easy-shipping-online.com\/lt\/#\/schema\/logo\/image\/","url":"https:\/\/easy-shipping-online.com\/wp-content\/uploads\/2025\/01\/eso_logo_subline.svg","contentUrl":"https:\/\/easy-shipping-online.com\/wp-content\/uploads\/2025\/01\/eso_logo_subline.svg","width":584,"height":235,"caption":"\"Easy-Shipping-Online GmbH"},"image":{"@id":"https:\/\/easy-shipping-online.com\/lt\/#\/schema\/logo\/image\/"}}]}},"_links":{"self":[{"href":"https:\/\/easy-shipping-online.com\/lt\/wp-json\/wp\/v2\/pages\/2375","targetHints":{"allow":["GET"]}}],"collection":[{"href":"https:\/\/easy-shipping-online.com\/lt\/wp-json\/wp\/v2\/pages"}],"about":[{"href":"https:\/\/easy-shipping-online.com\/lt\/wp-json\/wp\/v2\/types\/page"}],"author":[{"embeddable":true,"href":"https:\/\/easy-shipping-online.com\/lt\/wp-json\/wp\/v2\/users\/1"}],"replies":[{"embeddable":true,"href":"https:\/\/easy-shipping-online.com\/lt\/wp-json\/wp\/v2\/comments?post=2375"}],"version-history":[{"count":5,"href":"https:\/\/easy-shipping-online.com\/lt\/wp-json\/wp\/v2\/pages\/2375\/revisions"}],"predecessor-version":[{"id":4218,"href":"https:\/\/easy-shipping-online.com\/lt\/wp-json\/wp\/v2\/pages\/2375\/revisions\/4218"}],"wp:attachment":[{"href":"https:\/\/easy-shipping-online.com\/lt\/wp-json\/wp\/v2\/media?parent=2375"}],"curies":[{"name":"wp","href":"https:\/\/api.w.org\/{rel}","templated":true}]}}