{"id":2398,"date":"2025-03-21T10:05:18","date_gmt":"2025-03-21T09:05:18","guid":{"rendered":"https:\/\/easy-shipping-online.com\/imprint\/"},"modified":"2025-07-22T12:18:55","modified_gmt":"2025-07-22T10:18:55","slug":"imprint","status":"publish","type":"page","link":"https:\/\/easy-shipping-online.com\/ro\/imprint\/","title":{"rendered":"Imprint"},"content":{"rendered":"\t\t<div data-elementor-type=\"wp-page\" data-elementor-id=\"2398\" class=\"elementor elementor-2398 elementor-1762\" data-elementor-post-type=\"page\">\n\t\t\t\t<div class=\"elementor-element elementor-element-c2bcd43 e-flex e-con-boxed e-con e-parent\" data-id=\"c2bcd43\" data-element_type=\"container\" data-e-type=\"container\" data-settings=\"{&quot;background_background&quot;:&quot;gradient&quot;}\">\n\t\t\t\t\t<div class=\"e-con-inner\">\n\t\t\t\t<div class=\"elementor-element elementor-element-62727b1 animated-fast elementor-invisible elementor-widget elementor-widget-heading\" data-id=\"62727b1\" data-element_type=\"widget\" data-e-type=\"widget\" data-settings=\"{&quot;_animation&quot;:&quot;fadeInUp&quot;}\" data-widget_type=\"heading.default\">\n\t\t\t\t<div class=\"elementor-widget-container\">\n\t\t\t\t\t<h1 class=\"elementor-heading-title elementor-size-default\">Imprint<\/h1>\t\t\t\t<\/div>\n\t\t\t\t<\/div>\n\t\t\t\t\t<\/div>\n\t\t\t\t<\/div>\n\t\t<div class=\"elementor-element elementor-element-e7a1273 e-flex e-con-boxed e-con e-parent\" data-id=\"e7a1273\" data-element_type=\"container\" data-e-type=\"container\">\n\t\t\t\t\t<div class=\"e-con-inner\">\n\t\t\t\t<div class=\"elementor-element elementor-element-dbf5822 elementor-widget elementor-widget-text-editor\" data-id=\"dbf5822\" data-element_type=\"widget\" data-e-type=\"widget\" data-widget_type=\"text-editor.default\">\n\t\t\t\t<div class=\"elementor-widget-container\">\n\t\t\t\t\t\t\t\t\t<h4><strong>Informa\u021bii \u00een conformitate cu \u00a7 5 TMG<\/strong><\/h4><p>Easy-Shipping-Online GmbH<br>Winzerweg 3<br>79291 Merdingen<\/p><p><strong>Reprezentat\u0103 de:<\/strong><\/p><p data-prosemirror-content-type=\"node\" data-prosemirror-node-name=\"paragraph\" data-prosemirror-node-block=\"true\" data-pm-slice=\"1 1 []\">Carsten Caliendo, Stefan Caliendo<\/p><p>ID UST: DE449550791<\/p><p>Registrul comer\u021bului: HRB 731866<br>Tribunalul de \u00eenregistrare din Freiburg<\/p><p><strong>Contacta\u021bi-ne<\/strong><\/p><p>E-mail: info@easy-shipping-online.com<\/p><p><strong>Solu\u021bionarea litigiilor \u00een cadrul UE<\/strong><\/p><p>Comisia European\u0103 pune la dispozi\u021bie o platform\u0103 pentru solu\u021bionarea online a litigiilor (OS):<br>https:\/\/ec.europa.eu\/consumers\/odr\/.<br>Pute\u021bi g\u0103si adresa noastr\u0103 de e-mail \u00een avizul juridic de mai sus.<\/p><p><strong>Solu\u021bionarea litigiilor \u00een materie de consum\/centrul universal de arbitraj<\/strong><\/p><p>Nu suntem dispu\u0219i sau obliga\u021bi s\u0103 particip\u0103m la procedurile de solu\u021bionare a litigiilor \u00een fa\u021ba unei comisii de arbitraj a consumatorilor.<\/p><h3>R\u0103spunderea pentru con\u021binut<\/h3><p>\u00cen calitate de furnizor de servicii, suntem responsabili pentru propriul nostru con\u021binut de pe aceste pagini, \u00een conformitate cu articolul 7 alineatul (1) din TMG (Legea german\u0103 privind telemedia) \u0219i cu legisla\u021bia general\u0103. Cu toate acestea, \u00een conformitate cu \u00a7\u00a7 8-10 TMG, noi, \u00een calitate de furnizor de servicii, nu suntem obliga\u021bi s\u0103 monitoriz\u0103m informa\u021biile transmise sau stocate de ter\u021bi sau s\u0103 investig\u0103m circumstan\u021bele care indic\u0103 o activitate ilegal\u0103. Obliga\u021biile de a elimina sau de a bloca utilizarea informa\u021biilor \u00een conformitate cu legisla\u021bia general\u0103 r\u0103m\u00e2n neafectate de aceasta. Cu toate acestea, r\u0103spunderea \u00een aceast\u0103 privin\u021b\u0103 este posibil\u0103 numai din momentul cunoa\u0219terii unei \u00eenc\u0103lc\u0103ri specifice. Imediat ce lu\u0103m cuno\u0219tin\u021b\u0103 de astfel de \u00eenc\u0103lc\u0103ri, vom elimina imediat acest con\u021binut.     <\/p><h3>R\u0103spunderea pentru linkuri<\/h3><p>Site-ul nostru web con\u021bine linkuri c\u0103tre site-uri externe ale unor ter\u021be p\u0103r\u021bi asupra con\u021binutului c\u0103rora nu avem nicio influen\u021b\u0103. Prin urmare, nu putem accepta nicio r\u0103spundere pentru acest con\u021binut al ter\u021bilor. Furnizorul sau operatorul respectiv al paginilor este \u00eentotdeauna responsabil pentru con\u021binutul paginilor legate. Paginile conectate au fost verificate \u00een momentul conect\u0103rii pentru eventuale \u00eenc\u0103lc\u0103ri ale legii. Con\u021binuturile ilegale nu au fost recunoscute la momentul conect\u0103rii. Cu toate acestea, monitorizarea permanent\u0103 a con\u021binutului paginilor legate nu este rezonabil\u0103 f\u0103r\u0103 dovezi concrete ale unei \u00eenc\u0103lc\u0103ri. \u00cen cazul \u00een care lu\u0103m cuno\u0219tin\u021b\u0103 de \u00eenc\u0103lc\u0103ri ale legii, vom elimina imediat aceste linkuri.      <\/p><h3>Drepturi de autor<\/h3><p>Con\u021binutul \u0219i lucr\u0103rile create de operatorii site-ului pe aceste pagini sunt supuse legisla\u021biei germane privind drepturile de autor. Copierea, prelucrarea, distribuirea \u0219i orice tip de utilizare \u00een afara limitelor legii drepturilor de autor necesit\u0103 acordul scris al autorului sau creatorului respectiv. Desc\u0103rc\u0103rile \u0219i copiile de pe acest site sunt permise numai pentru uz privat, necomercial. \u00cen m\u0103sura \u00een care con\u021binutul acestui site nu a fost creat de operator, sunt respectate drepturile de autor ale p\u0103r\u021bilor ter\u021be. \u00cen special, con\u021binutul ter\u021bilor este etichetat ca atare. \u00cen cazul \u00een care, cu toate acestea, lua\u021bi cuno\u0219tin\u021b\u0103 de o \u00eenc\u0103lcare a drepturilor de autor, v\u0103 rug\u0103m s\u0103 ne informa\u021bi \u00een consecin\u021b\u0103. Dac\u0103 lu\u0103m cuno\u0219tin\u021b\u0103 de orice \u00eenc\u0103lcare, vom elimina imediat con\u021binutul respectiv.      <\/p>\t\t\t\t\t\t\t\t<\/div>\n\t\t\t\t<\/div>\n\t\t\t\t\t<\/div>\n\t\t\t\t<\/div>\n\t\t\t\t<\/div>\n\t\t","protected":false},"excerpt":{"rendered":"<p>Imprint Informa\u021bii \u00een conformitate cu \u00a7 5 TMG Easy-Shipping-Online GmbHWinzerweg 379291 Merdingen Reprezentat\u0103 de: Carsten Caliendo, Stefan Caliendo ID UST: DE449550791 Registrul comer\u021bului: HRB 731866Tribunalul de \u00eenregistrare din Freiburg Contacta\u021bi-ne E-mail: info@easy-shipping-online.com Solu\u021bionarea litigiilor \u00een cadrul UE Comisia European\u0103 pune la dispozi\u021bie o platform\u0103 pentru solu\u021bionarea online a litigiilor (OS):https:\/\/ec.europa.eu\/consumers\/odr\/.Pute\u021bi g\u0103si adresa noastr\u0103 de e-mail [&hellip;]<\/p>\n","protected":false},"author":1,"featured_media":0,"parent":0,"menu_order":0,"comment_status":"closed","ping_status":"closed","template":"","meta":{"footnotes":""},"class_list":["post-2398","page","type-page","status-publish","hentry"],"yoast_head":"<!-- This site is optimized with the Yoast SEO plugin v27.0 - https:\/\/yoast.com\/product\/yoast-seo-wordpress\/ -->\n<title>Imprint - Easy-Shipping-Online<\/title>\n<meta name=\"description\" content=\"Imprint al Easy-Shipping-Online GmbH - Informa\u021bii conform \u00a7 5 TMG: Adres\u0103, informa\u021bii de contact \u0219i reprezentan\u021bi legali dintr-o privire.\" \/>\n<meta name=\"robots\" content=\"index, follow, max-snippet:-1, max-image-preview:large, max-video-preview:-1\" \/>\n<link rel=\"canonical\" href=\"https:\/\/easy-shipping-online.com\/ro\/imprint\/\" \/>\n<meta property=\"og:locale\" content=\"ro_RO\" \/>\n<meta property=\"og:type\" content=\"article\" \/>\n<meta property=\"og:title\" content=\"Imprint - Easy-Shipping-Online\" \/>\n<meta property=\"og:description\" content=\"Imprint al Easy-Shipping-Online GmbH - Informa\u021bii conform \u00a7 5 TMG: Adres\u0103, informa\u021bii de contact \u0219i reprezentan\u021bi legali dintr-o privire.\" \/>\n<meta property=\"og:url\" content=\"https:\/\/easy-shipping-online.com\/ro\/imprint\/\" \/>\n<meta property=\"og:site_name\" content=\"Easy-Shipping-Online\" \/>\n<meta property=\"article:modified_time\" content=\"2025-07-22T10:18:55+00:00\" \/>\n<meta name=\"twitter:card\" content=\"summary_large_image\" \/>\n<meta name=\"twitter:label1\" content=\"Timp estimat pentru citire\" \/>\n\t<meta name=\"twitter:data1\" content=\"3 minute\" \/>\n<script type=\"application\/ld+json\" class=\"yoast-schema-graph\">{\"@context\":\"https:\/\/schema.org\",\"@graph\":[{\"@type\":\"WebPage\",\"@id\":\"https:\/\/easy-shipping-online.com\/ro\/imprint\/\",\"url\":\"https:\/\/easy-shipping-online.com\/ro\/imprint\/\",\"name\":\"Imprint - Easy-Shipping-Online\",\"isPartOf\":{\"@id\":\"https:\/\/easy-shipping-online.com\/ro\/#website\"},\"datePublished\":\"2025-03-21T09:05:18+00:00\",\"dateModified\":\"2025-07-22T10:18:55+00:00\",\"description\":\"Imprint al Easy-Shipping-Online GmbH - Informa\u021bii conform \u00a7 5 TMG: Adres\u0103, informa\u021bii de contact \u0219i reprezentan\u021bi legali dintr-o privire.\",\"breadcrumb\":{\"@id\":\"https:\/\/easy-shipping-online.com\/ro\/imprint\/#breadcrumb\"},\"inLanguage\":\"ro-RO\",\"potentialAction\":[{\"@type\":\"ReadAction\",\"target\":[\"https:\/\/easy-shipping-online.com\/ro\/imprint\/\"]}]},{\"@type\":\"BreadcrumbList\",\"@id\":\"https:\/\/easy-shipping-online.com\/ro\/imprint\/#breadcrumb\",\"itemListElement\":[{\"@type\":\"ListItem\",\"position\":1,\"name\":\"Startseite\",\"item\":\"https:\/\/easy-shipping-online.com\/ro\/\"},{\"@type\":\"ListItem\",\"position\":2,\"name\":\"Imprint\"}]},{\"@type\":\"WebSite\",\"@id\":\"https:\/\/easy-shipping-online.com\/ro\/#website\",\"url\":\"https:\/\/easy-shipping-online.com\/ro\/\",\"name\":\"Easy-Shipping-Online\",\"description\":\"Auftragsmanagement f\u00fcr Transportdienstleister\",\"publisher\":{\"@id\":\"https:\/\/easy-shipping-online.com\/ro\/#organization\"},\"potentialAction\":[{\"@type\":\"SearchAction\",\"target\":{\"@type\":\"EntryPoint\",\"urlTemplate\":\"https:\/\/easy-shipping-online.com\/ro\/?s={search_term_string}\"},\"query-input\":{\"@type\":\"PropertyValueSpecification\",\"valueRequired\":true,\"valueName\":\"search_term_string\"}}],\"inLanguage\":\"ro-RO\"},{\"@type\":\"Organization\",\"@id\":\"https:\/\/easy-shipping-online.com\/ro\/#organization\",\"name\":\"Easy-Shipping-Online GmbH\",\"url\":\"https:\/\/easy-shipping-online.com\/ro\/\",\"logo\":{\"@type\":\"ImageObject\",\"inLanguage\":\"ro-RO\",\"@id\":\"https:\/\/easy-shipping-online.com\/ro\/#\/schema\/logo\/image\/\",\"url\":\"https:\/\/easy-shipping-online.com\/wp-content\/uploads\/2025\/01\/eso_logo_subline.svg\",\"contentUrl\":\"https:\/\/easy-shipping-online.com\/wp-content\/uploads\/2025\/01\/eso_logo_subline.svg\",\"width\":584,\"height\":235,\"caption\":\"Easy-Shipping-Online GmbH\"},\"image\":{\"@id\":\"https:\/\/easy-shipping-online.com\/ro\/#\/schema\/logo\/image\/\"}}]}<\/script>\n<!-- \/ Yoast SEO plugin. -->","yoast_head_json":{"title":"Imprint - Easy-Shipping-Online","description":"Imprint al Easy-Shipping-Online GmbH - Informa\u021bii conform \u00a7 5 TMG: Adres\u0103, informa\u021bii de contact \u0219i reprezentan\u021bi legali dintr-o privire.","robots":{"index":"index","follow":"follow","max-snippet":"max-snippet:-1","max-image-preview":"max-image-preview:large","max-video-preview":"max-video-preview:-1"},"canonical":"https:\/\/easy-shipping-online.com\/ro\/imprint\/","og_locale":"ro_RO","og_type":"article","og_title":"Imprint - Easy-Shipping-Online","og_description":"Imprint al Easy-Shipping-Online GmbH - Informa\u021bii conform \u00a7 5 TMG: Adres\u0103, informa\u021bii de contact \u0219i reprezentan\u021bi legali dintr-o privire.","og_url":"https:\/\/easy-shipping-online.com\/ro\/imprint\/","og_site_name":"Easy-Shipping-Online","article_modified_time":"2025-07-22T10:18:55+00:00","twitter_card":"summary_large_image","twitter_misc":{"Timp estimat pentru citire":"3 minute"},"schema":{"@context":"https:\/\/schema.org","@graph":[{"@type":"WebPage","@id":"https:\/\/easy-shipping-online.com\/ro\/imprint\/","url":"https:\/\/easy-shipping-online.com\/ro\/imprint\/","name":"Imprint - Easy-Shipping-Online","isPartOf":{"@id":"https:\/\/easy-shipping-online.com\/ro\/#website"},"datePublished":"2025-03-21T09:05:18+00:00","dateModified":"2025-07-22T10:18:55+00:00","description":"Imprint al Easy-Shipping-Online GmbH - Informa\u021bii conform \u00a7 5 TMG: Adres\u0103, informa\u021bii de contact \u0219i reprezentan\u021bi legali dintr-o privire.","breadcrumb":{"@id":"https:\/\/easy-shipping-online.com\/ro\/imprint\/#breadcrumb"},"inLanguage":"ro-RO","potentialAction":[{"@type":"ReadAction","target":["https:\/\/easy-shipping-online.com\/ro\/imprint\/"]}]},{"@type":"BreadcrumbList","@id":"https:\/\/easy-shipping-online.com\/ro\/imprint\/#breadcrumb","itemListElement":[{"@type":"ListItem","position":1,"name":"Startseite","item":"https:\/\/easy-shipping-online.com\/ro\/"},{"@type":"ListItem","position":2,"name":"Imprint"}]},{"@type":"WebSite","@id":"https:\/\/easy-shipping-online.com\/ro\/#website","url":"https:\/\/easy-shipping-online.com\/ro\/","name":"Easy-Shipping-Online","description":"Auftragsmanagement f\u00fcr Transportdienstleister","publisher":{"@id":"https:\/\/easy-shipping-online.com\/ro\/#organization"},"potentialAction":[{"@type":"SearchAction","target":{"@type":"EntryPoint","urlTemplate":"https:\/\/easy-shipping-online.com\/ro\/?s={search_term_string}"},"query-input":{"@type":"PropertyValueSpecification","valueRequired":true,"valueName":"search_term_string"}}],"inLanguage":"ro-RO"},{"@type":"Organization","@id":"https:\/\/easy-shipping-online.com\/ro\/#organization","name":"Easy-Shipping-Online GmbH","url":"https:\/\/easy-shipping-online.com\/ro\/","logo":{"@type":"ImageObject","inLanguage":"ro-RO","@id":"https:\/\/easy-shipping-online.com\/ro\/#\/schema\/logo\/image\/","url":"https:\/\/easy-shipping-online.com\/wp-content\/uploads\/2025\/01\/eso_logo_subline.svg","contentUrl":"https:\/\/easy-shipping-online.com\/wp-content\/uploads\/2025\/01\/eso_logo_subline.svg","width":584,"height":235,"caption":"Easy-Shipping-Online GmbH"},"image":{"@id":"https:\/\/easy-shipping-online.com\/ro\/#\/schema\/logo\/image\/"}}]}},"_links":{"self":[{"href":"https:\/\/easy-shipping-online.com\/ro\/wp-json\/wp\/v2\/pages\/2398","targetHints":{"allow":["GET"]}}],"collection":[{"href":"https:\/\/easy-shipping-online.com\/ro\/wp-json\/wp\/v2\/pages"}],"about":[{"href":"https:\/\/easy-shipping-online.com\/ro\/wp-json\/wp\/v2\/types\/page"}],"author":[{"embeddable":true,"href":"https:\/\/easy-shipping-online.com\/ro\/wp-json\/wp\/v2\/users\/1"}],"replies":[{"embeddable":true,"href":"https:\/\/easy-shipping-online.com\/ro\/wp-json\/wp\/v2\/comments?post=2398"}],"version-history":[{"count":5,"href":"https:\/\/easy-shipping-online.com\/ro\/wp-json\/wp\/v2\/pages\/2398\/revisions"}],"predecessor-version":[{"id":4216,"href":"https:\/\/easy-shipping-online.com\/ro\/wp-json\/wp\/v2\/pages\/2398\/revisions\/4216"}],"wp:attachment":[{"href":"https:\/\/easy-shipping-online.com\/ro\/wp-json\/wp\/v2\/media?parent=2398"}],"curies":[{"name":"wp","href":"https:\/\/api.w.org\/{rel}","templated":true}]}}