{"id":2393,"date":"2025-03-21T10:05:18","date_gmt":"2025-03-21T09:05:18","guid":{"rendered":"https:\/\/easy-shipping-online.com\/odtlacok\/"},"modified":"2025-07-22T12:18:55","modified_gmt":"2025-07-22T10:18:55","slug":"odtlacok","status":"publish","type":"page","link":"https:\/\/easy-shipping-online.com\/sk\/odtlacok\/","title":{"rendered":"Odtla\u010dok"},"content":{"rendered":"\t\t<div data-elementor-type=\"wp-page\" data-elementor-id=\"2393\" class=\"elementor elementor-2393 elementor-1762\" data-elementor-post-type=\"page\">\n\t\t\t\t<div class=\"elementor-element elementor-element-c2bcd43 e-flex e-con-boxed e-con e-parent\" data-id=\"c2bcd43\" data-element_type=\"container\" data-e-type=\"container\" data-settings=\"{&quot;background_background&quot;:&quot;gradient&quot;}\">\n\t\t\t\t\t<div class=\"e-con-inner\">\n\t\t\t\t<div class=\"elementor-element elementor-element-62727b1 animated-fast elementor-invisible elementor-widget elementor-widget-heading\" data-id=\"62727b1\" data-element_type=\"widget\" data-e-type=\"widget\" data-settings=\"{&quot;_animation&quot;:&quot;fadeInUp&quot;}\" data-widget_type=\"heading.default\">\n\t\t\t\t<div class=\"elementor-widget-container\">\n\t\t\t\t\t<h1 class=\"elementor-heading-title elementor-size-default\">Odtla\u010dok<\/h1>\t\t\t\t<\/div>\n\t\t\t\t<\/div>\n\t\t\t\t\t<\/div>\n\t\t\t\t<\/div>\n\t\t<div class=\"elementor-element elementor-element-e7a1273 e-flex e-con-boxed e-con e-parent\" data-id=\"e7a1273\" data-element_type=\"container\" data-e-type=\"container\">\n\t\t\t\t\t<div class=\"e-con-inner\">\n\t\t\t\t<div class=\"elementor-element elementor-element-dbf5822 elementor-widget elementor-widget-text-editor\" data-id=\"dbf5822\" data-element_type=\"widget\" data-e-type=\"widget\" data-widget_type=\"text-editor.default\">\n\t\t\t\t<div class=\"elementor-widget-container\">\n\t\t\t\t\t\t\t\t\t<h4><strong>Inform\u00e1cie pod\u013ea \u00a7 5 TMG<\/strong><\/h4><p>Easy-Shipping-Online GmbH<br>Winzerweg 3<br>79291 Merdingen<\/p><p><strong>Zast\u00fapen\u00e1:<\/strong><\/p><p data-prosemirror-content-type=\"node\" data-prosemirror-node-name=\"paragraph\" data-prosemirror-node-block=\"true\" data-pm-slice=\"1 1 []\">Carsten Caliendo, Stefan Caliendo<\/p><p>UST ID: DE449550791<\/p><p>Obchodn\u00fd register: HRB 731866<br>Registra\u010dn\u00fd s\u00fad Freiburg<\/p><p><strong>Kontaktujte n\u00e1s<\/strong><\/p><p>E-mail: info@easy-shipping-online.com<\/p><p><strong>Rie\u0161enie sporov v E\u00da<\/strong><\/p><p>Eur\u00f3pska komisia poskytuje platformu na rie\u0161enie sporov online (OS):<br>https:\/\/ec.europa.eu\/consumers\/odr\/.<br>. Na\u0161u e-mailov\u00fa adresu n\u00e1jdete v pr\u00e1vnom ozn\u00e1men\u00ed vy\u0161\u0161ie.<\/p><p><strong>Rie\u0161enie spotrebite\u013esk\u00fdch sporov\/univerz\u00e1lne rozhodcovsk\u00e9 centrum<\/strong><\/p><p>Nie sme ochotn\u00ed ani povinn\u00ed z\u00fa\u010dastni\u0165 sa na konan\u00ed o rie\u0161en\u00ed sporu pred spotrebite\u013eskou arbitr\u00e1\u017enou komisiou.<\/p><h3>Zodpovednos\u0165 za obsah<\/h3><p>Ako poskytovate\u013e slu\u017eieb sme zodpovedn\u00ed za vlastn\u00fd obsah na t\u00fdchto str\u00e1nkach v s\u00falade s \u00a7 7 ods. 1 TMG (nemeck\u00fd z\u00e1kon o telem\u00e9di\u00e1ch) a v\u0161eobecn\u00fdmi pr\u00e1vnymi predpismi. Pod\u013ea \u00a7\u00a7 8 a\u017e 10 TMG v\u0161ak ako poskytovate\u013e slu\u017eieb nie sme povinn\u00ed monitorova\u0165 pren\u00e1\u0161an\u00e9 alebo ulo\u017een\u00e9 inform\u00e1cie tret\u00edch str\u00e1n alebo vy\u0161etrova\u0165 okolnosti, ktor\u00e9 nazna\u010duj\u00fa nez\u00e1konn\u00fa \u010dinnos\u0165. Povinnosti odstr\u00e1ni\u0165 alebo zablokova\u0165 pou\u017e\u00edvanie inform\u00e1ci\u00ed v s\u00falade so v\u0161eobecn\u00fdmi pr\u00e1vnymi predpismi t\u00fdm nie s\u00fa dotknut\u00e9. Zodpovednos\u0165 v tomto oh\u013eade je v\u0161ak mo\u017en\u00e1 a\u017e od okamihu, ke\u010f sa dozviete o konkr\u00e9tnom poru\u0161en\u00ed. Hne\u010f ako sa o takomto poru\u0161en\u00ed dozvieme, tento obsah okam\u017eite odstr\u00e1nime.     <\/p><h3>Zodpovednos\u0165 za odkazy<\/h3><p>Na\u0161a webov\u00e1 str\u00e1nka obsahuje odkazy na extern\u00e9 webov\u00e9 str\u00e1nky tret\u00edch str\u00e1n, na ktor\u00fdch obsah nem\u00e1me \u017eiadny vplyv. Preto nem\u00f4\u017eeme prevzia\u0165 \u017eiadnu zodpovednos\u0165 za tento obsah tret\u00edch str\u00e1n. Za obsah odkazovan\u00fdch str\u00e1nok je v\u017edy zodpovedn\u00fd pr\u00edslu\u0161n\u00fd poskytovate\u013e alebo prev\u00e1dzkovate\u013e str\u00e1nok. Prepojen\u00e9 str\u00e1nky boli v \u010dase prepojenia skontrolovan\u00e9 z h\u013eadiska mo\u017en\u00e9ho poru\u0161enia pr\u00e1vnych predpisov. Nez\u00e1konn\u00fd obsah nebol v \u010dase prepojenia rozpoznan\u00fd. Permanentn\u00e9 monitorovanie obsahu odkazovan\u00fdch str\u00e1nok v\u0161ak nie je \u00fa\u010deln\u00e9 bez konkr\u00e9tnych d\u00f4kazov o poru\u0161en\u00ed. Ak zist\u00edme poru\u0161enie pr\u00e1vnych predpisov, tak\u00e9to odkazy okam\u017eite odstr\u00e1nime.      <\/p><h3>Autorsk\u00e9 pr\u00e1va<\/h3><p>Obsah a diela vytvoren\u00e9 prev\u00e1dzkovate\u013emi str\u00e1nok na t\u00fdchto str\u00e1nkach podliehaj\u00fa nemeck\u00e9mu autorsk\u00e9mu pr\u00e1vu. Rozmno\u017eovanie, spracovanie, \u0161\u00edrenie a ak\u00fdko\u013evek druh vyu\u017eitia nad r\u00e1mec autorsk\u00e9ho z\u00e1kona si vy\u017eaduje p\u00edsomn\u00fd s\u00fahlas pr\u00edslu\u0161n\u00e9ho autora alebo tvorcu. S\u0165ahovanie a kop\u00edrovanie t\u00fdchto str\u00e1nok je povolen\u00e9 len na s\u00fakromn\u00e9, nekomer\u010dn\u00e9 pou\u017eitie. Pokia\u013e obsah na tejto str\u00e1nke nevytvoril prev\u00e1dzkovate\u013e, re\u0161pektuj\u00fa sa autorsk\u00e9 pr\u00e1va tret\u00edch str\u00e1n. Najm\u00e4 obsah tret\u00edch str\u00e1n je takto ozna\u010den\u00fd. Ak sa napriek tomu dozviete o poru\u0161en\u00ed autorsk\u00fdch pr\u00e1v, informujte n\u00e1s o tom. Ak sa o poru\u0161en\u00ed dozvieme, tak\u00fdto obsah okam\u017eite odstr\u00e1nime.      <\/p>\t\t\t\t\t\t\t\t<\/div>\n\t\t\t\t<\/div>\n\t\t\t\t\t<\/div>\n\t\t\t\t<\/div>\n\t\t\t\t<\/div>\n\t\t","protected":false},"excerpt":{"rendered":"<p>Odtla\u010dok Inform\u00e1cie pod\u013ea \u00a7 5 TMG Easy-Shipping-Online GmbHWinzerweg 379291 Merdingen Zast\u00fapen\u00e1: Carsten Caliendo, Stefan Caliendo UST ID: DE449550791 Obchodn\u00fd register: HRB 731866Registra\u010dn\u00fd s\u00fad Freiburg Kontaktujte n\u00e1s E-mail: info@easy-shipping-online.com Rie\u0161enie sporov v E\u00da Eur\u00f3pska komisia poskytuje platformu na rie\u0161enie sporov online (OS):https:\/\/ec.europa.eu\/consumers\/odr\/.. Na\u0161u e-mailov\u00fa adresu n\u00e1jdete v pr\u00e1vnom ozn\u00e1men\u00ed vy\u0161\u0161ie. Rie\u0161enie spotrebite\u013esk\u00fdch sporov\/univerz\u00e1lne rozhodcovsk\u00e9 centrum Nie [&hellip;]<\/p>\n","protected":false},"author":1,"featured_media":0,"parent":0,"menu_order":0,"comment_status":"closed","ping_status":"closed","template":"","meta":{"footnotes":""},"class_list":["post-2393","page","type-page","status-publish","hentry"],"yoast_head":"<!-- This site is optimized with the Yoast SEO plugin v27.0 - https:\/\/yoast.com\/product\/yoast-seo-wordpress\/ -->\n<title>Odtla\u010dok - Easy-Shipping-Online<\/title>\n<meta name=\"description\" content=\"Impressum spolo\u010dnosti Easy-Shipping-Online GmbH - Inform\u00e1cie pod\u013ea \u00a7 5 TMG: Adresa, kontaktn\u00e9 \u00fadaje a \u0161tatut\u00e1rni z\u00e1stupcovia na prv\u00fd poh\u013ead.\" \/>\n<meta name=\"robots\" content=\"index, follow, max-snippet:-1, max-image-preview:large, max-video-preview:-1\" \/>\n<link rel=\"canonical\" href=\"https:\/\/easy-shipping-online.com\/sk\/odtlacok\/\" \/>\n<meta property=\"og:locale\" content=\"sk_SK\" \/>\n<meta property=\"og:type\" content=\"article\" \/>\n<meta property=\"og:title\" content=\"Odtla\u010dok - Easy-Shipping-Online\" \/>\n<meta property=\"og:description\" content=\"Impressum spolo\u010dnosti Easy-Shipping-Online GmbH - Inform\u00e1cie pod\u013ea \u00a7 5 TMG: Adresa, kontaktn\u00e9 \u00fadaje a \u0161tatut\u00e1rni z\u00e1stupcovia na prv\u00fd poh\u013ead.\" \/>\n<meta property=\"og:url\" content=\"https:\/\/easy-shipping-online.com\/sk\/odtlacok\/\" \/>\n<meta property=\"og:site_name\" content=\"Easy-Shipping-Online\" \/>\n<meta property=\"article:modified_time\" content=\"2025-07-22T10:18:55+00:00\" \/>\n<meta name=\"twitter:card\" content=\"summary_large_image\" \/>\n<meta name=\"twitter:label1\" content=\"Predpokladan\u00fd \u010das \u010d\u00edtania\" \/>\n\t<meta name=\"twitter:data1\" content=\"2 min\u00faty\" \/>\n<script type=\"application\/ld+json\" class=\"yoast-schema-graph\">{\"@context\":\"https:\/\/schema.org\",\"@graph\":[{\"@type\":\"WebPage\",\"@id\":\"https:\/\/easy-shipping-online.com\/sk\/odtlacok\/\",\"url\":\"https:\/\/easy-shipping-online.com\/sk\/odtlacok\/\",\"name\":\"Odtla\u010dok - Easy-Shipping-Online\",\"isPartOf\":{\"@id\":\"https:\/\/easy-shipping-online.com\/sk\/#website\"},\"datePublished\":\"2025-03-21T09:05:18+00:00\",\"dateModified\":\"2025-07-22T10:18:55+00:00\",\"description\":\"Impressum spolo\u010dnosti Easy-Shipping-Online GmbH - Inform\u00e1cie pod\u013ea \u00a7 5 TMG: Adresa, kontaktn\u00e9 \u00fadaje a \u0161tatut\u00e1rni z\u00e1stupcovia na prv\u00fd poh\u013ead.\",\"breadcrumb\":{\"@id\":\"https:\/\/easy-shipping-online.com\/sk\/odtlacok\/#breadcrumb\"},\"inLanguage\":\"sk-SK\",\"potentialAction\":[{\"@type\":\"ReadAction\",\"target\":[\"https:\/\/easy-shipping-online.com\/sk\/odtlacok\/\"]}]},{\"@type\":\"BreadcrumbList\",\"@id\":\"https:\/\/easy-shipping-online.com\/sk\/odtlacok\/#breadcrumb\",\"itemListElement\":[{\"@type\":\"ListItem\",\"position\":1,\"name\":\"Startseite\",\"item\":\"https:\/\/easy-shipping-online.com\/sk\/\"},{\"@type\":\"ListItem\",\"position\":2,\"name\":\"Odtla\u010dok\"}]},{\"@type\":\"WebSite\",\"@id\":\"https:\/\/easy-shipping-online.com\/sk\/#website\",\"url\":\"https:\/\/easy-shipping-online.com\/sk\/\",\"name\":\"Easy-Shipping-Online\",\"description\":\"Auftragsmanagement f\u00fcr Transportdienstleister\",\"publisher\":{\"@id\":\"https:\/\/easy-shipping-online.com\/sk\/#organization\"},\"potentialAction\":[{\"@type\":\"SearchAction\",\"target\":{\"@type\":\"EntryPoint\",\"urlTemplate\":\"https:\/\/easy-shipping-online.com\/sk\/?s={search_term_string}\"},\"query-input\":{\"@type\":\"PropertyValueSpecification\",\"valueRequired\":true,\"valueName\":\"search_term_string\"}}],\"inLanguage\":\"sk-SK\"},{\"@type\":\"Organization\",\"@id\":\"https:\/\/easy-shipping-online.com\/sk\/#organization\",\"name\":\"Easy-Shipping-Online GmbH\",\"url\":\"https:\/\/easy-shipping-online.com\/sk\/\",\"logo\":{\"@type\":\"ImageObject\",\"inLanguage\":\"sk-SK\",\"@id\":\"https:\/\/easy-shipping-online.com\/sk\/#\/schema\/logo\/image\/\",\"url\":\"https:\/\/easy-shipping-online.com\/wp-content\/uploads\/2025\/01\/eso_logo_subline.svg\",\"contentUrl\":\"https:\/\/easy-shipping-online.com\/wp-content\/uploads\/2025\/01\/eso_logo_subline.svg\",\"width\":584,\"height\":235,\"caption\":\"Easy-Shipping-Online GmbH\"},\"image\":{\"@id\":\"https:\/\/easy-shipping-online.com\/sk\/#\/schema\/logo\/image\/\"}}]}<\/script>\n<!-- \/ Yoast SEO plugin. -->","yoast_head_json":{"title":"Odtla\u010dok - Easy-Shipping-Online","description":"Impressum spolo\u010dnosti Easy-Shipping-Online GmbH - Inform\u00e1cie pod\u013ea \u00a7 5 TMG: Adresa, kontaktn\u00e9 \u00fadaje a \u0161tatut\u00e1rni z\u00e1stupcovia na prv\u00fd poh\u013ead.","robots":{"index":"index","follow":"follow","max-snippet":"max-snippet:-1","max-image-preview":"max-image-preview:large","max-video-preview":"max-video-preview:-1"},"canonical":"https:\/\/easy-shipping-online.com\/sk\/odtlacok\/","og_locale":"sk_SK","og_type":"article","og_title":"Odtla\u010dok - Easy-Shipping-Online","og_description":"Impressum spolo\u010dnosti Easy-Shipping-Online GmbH - Inform\u00e1cie pod\u013ea \u00a7 5 TMG: Adresa, kontaktn\u00e9 \u00fadaje a \u0161tatut\u00e1rni z\u00e1stupcovia na prv\u00fd poh\u013ead.","og_url":"https:\/\/easy-shipping-online.com\/sk\/odtlacok\/","og_site_name":"Easy-Shipping-Online","article_modified_time":"2025-07-22T10:18:55+00:00","twitter_card":"summary_large_image","twitter_misc":{"Predpokladan\u00fd \u010das \u010d\u00edtania":"2 min\u00faty"},"schema":{"@context":"https:\/\/schema.org","@graph":[{"@type":"WebPage","@id":"https:\/\/easy-shipping-online.com\/sk\/odtlacok\/","url":"https:\/\/easy-shipping-online.com\/sk\/odtlacok\/","name":"Odtla\u010dok - Easy-Shipping-Online","isPartOf":{"@id":"https:\/\/easy-shipping-online.com\/sk\/#website"},"datePublished":"2025-03-21T09:05:18+00:00","dateModified":"2025-07-22T10:18:55+00:00","description":"Impressum spolo\u010dnosti Easy-Shipping-Online GmbH - Inform\u00e1cie pod\u013ea \u00a7 5 TMG: Adresa, kontaktn\u00e9 \u00fadaje a \u0161tatut\u00e1rni z\u00e1stupcovia na prv\u00fd poh\u013ead.","breadcrumb":{"@id":"https:\/\/easy-shipping-online.com\/sk\/odtlacok\/#breadcrumb"},"inLanguage":"sk-SK","potentialAction":[{"@type":"ReadAction","target":["https:\/\/easy-shipping-online.com\/sk\/odtlacok\/"]}]},{"@type":"BreadcrumbList","@id":"https:\/\/easy-shipping-online.com\/sk\/odtlacok\/#breadcrumb","itemListElement":[{"@type":"ListItem","position":1,"name":"Startseite","item":"https:\/\/easy-shipping-online.com\/sk\/"},{"@type":"ListItem","position":2,"name":"Odtla\u010dok"}]},{"@type":"WebSite","@id":"https:\/\/easy-shipping-online.com\/sk\/#website","url":"https:\/\/easy-shipping-online.com\/sk\/","name":"Easy-Shipping-Online","description":"Auftragsmanagement f\u00fcr Transportdienstleister","publisher":{"@id":"https:\/\/easy-shipping-online.com\/sk\/#organization"},"potentialAction":[{"@type":"SearchAction","target":{"@type":"EntryPoint","urlTemplate":"https:\/\/easy-shipping-online.com\/sk\/?s={search_term_string}"},"query-input":{"@type":"PropertyValueSpecification","valueRequired":true,"valueName":"search_term_string"}}],"inLanguage":"sk-SK"},{"@type":"Organization","@id":"https:\/\/easy-shipping-online.com\/sk\/#organization","name":"Easy-Shipping-Online GmbH","url":"https:\/\/easy-shipping-online.com\/sk\/","logo":{"@type":"ImageObject","inLanguage":"sk-SK","@id":"https:\/\/easy-shipping-online.com\/sk\/#\/schema\/logo\/image\/","url":"https:\/\/easy-shipping-online.com\/wp-content\/uploads\/2025\/01\/eso_logo_subline.svg","contentUrl":"https:\/\/easy-shipping-online.com\/wp-content\/uploads\/2025\/01\/eso_logo_subline.svg","width":584,"height":235,"caption":"Easy-Shipping-Online GmbH"},"image":{"@id":"https:\/\/easy-shipping-online.com\/sk\/#\/schema\/logo\/image\/"}}]}},"_links":{"self":[{"href":"https:\/\/easy-shipping-online.com\/sk\/wp-json\/wp\/v2\/pages\/2393","targetHints":{"allow":["GET"]}}],"collection":[{"href":"https:\/\/easy-shipping-online.com\/sk\/wp-json\/wp\/v2\/pages"}],"about":[{"href":"https:\/\/easy-shipping-online.com\/sk\/wp-json\/wp\/v2\/types\/page"}],"author":[{"embeddable":true,"href":"https:\/\/easy-shipping-online.com\/sk\/wp-json\/wp\/v2\/users\/1"}],"replies":[{"embeddable":true,"href":"https:\/\/easy-shipping-online.com\/sk\/wp-json\/wp\/v2\/comments?post=2393"}],"version-history":[{"count":5,"href":"https:\/\/easy-shipping-online.com\/sk\/wp-json\/wp\/v2\/pages\/2393\/revisions"}],"predecessor-version":[{"id":4215,"href":"https:\/\/easy-shipping-online.com\/sk\/wp-json\/wp\/v2\/pages\/2393\/revisions\/4215"}],"wp:attachment":[{"href":"https:\/\/easy-shipping-online.com\/sk\/wp-json\/wp\/v2\/media?parent=2393"}],"curies":[{"name":"wp","href":"https:\/\/api.w.org\/{rel}","templated":true}]}}