{"id":2535,"date":"2025-03-21T10:05:18","date_gmt":"2025-03-21T09:05:18","guid":{"rendered":"https:\/\/easy-shipping-online.com\/odtis\/"},"modified":"2025-07-22T12:18:56","modified_gmt":"2025-07-22T10:18:56","slug":"odtis","status":"publish","type":"page","link":"https:\/\/easy-shipping-online.com\/sl\/odtis\/","title":{"rendered":"Odtis"},"content":{"rendered":"\t\t<div data-elementor-type=\"wp-page\" data-elementor-id=\"2535\" class=\"elementor elementor-2535 elementor-1762\" data-elementor-post-type=\"page\">\n\t\t\t\t<div class=\"elementor-element elementor-element-c2bcd43 e-flex e-con-boxed e-con e-parent\" data-id=\"c2bcd43\" data-element_type=\"container\" data-e-type=\"container\" data-settings=\"{&quot;background_background&quot;:&quot;gradient&quot;}\">\n\t\t\t\t\t<div class=\"e-con-inner\">\n\t\t\t\t<div class=\"elementor-element elementor-element-62727b1 animated-fast elementor-invisible elementor-widget elementor-widget-heading\" data-id=\"62727b1\" data-element_type=\"widget\" data-e-type=\"widget\" data-settings=\"{&quot;_animation&quot;:&quot;fadeInUp&quot;}\" data-widget_type=\"heading.default\">\n\t\t\t\t<div class=\"elementor-widget-container\">\n\t\t\t\t\t<h1 class=\"elementor-heading-title elementor-size-default\">Odtis<\/h1>\t\t\t\t<\/div>\n\t\t\t\t<\/div>\n\t\t\t\t\t<\/div>\n\t\t\t\t<\/div>\n\t\t<div class=\"elementor-element elementor-element-e7a1273 e-flex e-con-boxed e-con e-parent\" data-id=\"e7a1273\" data-element_type=\"container\" data-e-type=\"container\">\n\t\t\t\t\t<div class=\"e-con-inner\">\n\t\t\t\t<div class=\"elementor-element elementor-element-dbf5822 elementor-widget elementor-widget-text-editor\" data-id=\"dbf5822\" data-element_type=\"widget\" data-e-type=\"widget\" data-widget_type=\"text-editor.default\">\n\t\t\t\t<div class=\"elementor-widget-container\">\n\t\t\t\t\t\t\t\t\t<h4><strong>Informacije v skladu s \u00a7 5 TMG<\/strong><\/h4><p>Easy-Shipping-Online GmbH<br>Winzerweg 3<br>79291 Merdingen<\/p><p><strong>Zastopnik: dr:<\/strong><\/p><p data-prosemirror-content-type=\"node\" data-prosemirror-node-name=\"paragraph\" data-prosemirror-node-block=\"true\" data-pm-slice=\"1 1 []\">Carsten Caliendo, Stefan Caliendo<\/p><p>UST ID: DE449550791<\/p><p>Poslovni register: HRB 731866<br>Registrsko sodi\u0161\u010de Freiburg<\/p><p><strong>Pi\u0161ite nam<\/strong><\/p><p>E-naslov: info@easy-shipping-online.com<\/p><p><strong>Re\u0161evanje sporov v EU<\/strong><\/p><p>Evropska komisija zagotavlja platformo za spletno re\u0161evanje sporov (OS):<br>https:\/\/ec.europa.eu\/consumers\/odr\/.<br>Na\u0161 e-po\u0161tni naslov najdete v zgornjem pravnem obvestilu.<\/p><p><strong>Re\u0161evanje potro\u0161ni\u0161kih sporov\/univerzalni arbitra\u017eni center<\/strong><\/p><p>Nismo pripravljeni ali dol\u017eni sodelovati v postopku re\u0161evanja sporov pred potro\u0161ni\u0161ko arbitra\u017eo.<\/p><h3>Odgovornost za vsebino<\/h3><p>Kot ponudnik storitev smo v skladu s \u010dlenom 7(1) TMG (nem\u0161ki zakon o telemedijih) in splo\u0161no zakonodajo odgovorni za lastno vsebino na teh straneh. V skladu s \u00a7\u00a7 8 do 10 TMG pa kot ponudnik storitev nismo dol\u017eni spremljati prenesenih ali shranjenih podatkov tretjih oseb ali preiskovati okoli\u0161\u010din, ki ka\u017eejo na nezakonito dejavnost. Obveznosti za odstranitev ali blokiranje uporabe informacij v skladu s splo\u0161no zakonodajo ostajajo nespremenjene. Vendar je odgovornost v zvezi s tem mogo\u010da \u0161ele od trenutka, ko smo izvedeli za dolo\u010deno kr\u0161itev. Takoj, ko bomo izvedeli za tak\u0161ne kr\u0161itve, bomo to vsebino nemudoma odstranili.     <\/p><h3>Odgovornost za povezave<\/h3><p>Na\u0161e spletno mesto vsebuje povezave do zunanjih spletnih mest tretjih oseb, na katerih vsebino nimamo vpliva. Zato ne moremo prevzeti nobene odgovornosti za to vsebino tretjih oseb. Za vsebino povezanih strani je vedno odgovoren ustrezni ponudnik ali upravljavec strani. Povezane strani so bile v \u010dasu povezovanja preverjene glede morebitnih pravnih kr\u0161itev. V \u010dasu povezovanja nezakonite vsebine niso bile prepoznane. Vendar pa stalno spremljanje vsebine povezanih strani ni smiselno brez konkretnih dokazov o kr\u0161itvi. \u010ce bomo izvedeli za kakr\u0161ne koli pravne kr\u0161itve, bomo tak\u0161ne povezave nemudoma odstranili.      <\/p><h3>Avtorske pravice<\/h3><p>Za vsebino in dela, ki jih ustvarijo upravljavci spletnega mesta na teh straneh, velja nem\u0161ko avtorsko pravo. Za razmno\u017eevanje, obdelavo, distribucijo in kakr\u0161no koli uporabo zunaj meja avtorskega prava je potrebno pisno soglasje zadevnega avtorja ali ustvarjalca. Prenosi in kopije te strani so dovoljeni le za zasebno, nekomercialno uporabo. \u010ce vsebine na tem spletnem mestu ni ustvaril upravljavec, se spo\u0161tujejo avtorske pravice tretjih oseb. Zlasti vsebine tretjih oseb so ozna\u010dene kot take. \u010ce kljub temu opazite kr\u0161itev avtorskih pravic, nas o tem ustrezno obvestite. \u010ce bomo izvedeli za kakr\u0161no koli kr\u0161itev, bomo tak\u0161no vsebino nemudoma odstranili.      <\/p>\t\t\t\t\t\t\t\t<\/div>\n\t\t\t\t<\/div>\n\t\t\t\t\t<\/div>\n\t\t\t\t<\/div>\n\t\t\t\t<\/div>\n\t\t","protected":false},"excerpt":{"rendered":"<p>Odtis Informacije v skladu s \u00a7 5 TMG Easy-Shipping-Online GmbHWinzerweg 379291 Merdingen Zastopnik: dr: Carsten Caliendo, Stefan Caliendo UST ID: DE449550791 Poslovni register: HRB 731866Registrsko sodi\u0161\u010de Freiburg Pi\u0161ite nam E-naslov: info@easy-shipping-online.com Re\u0161evanje sporov v EU Evropska komisija zagotavlja platformo za spletno re\u0161evanje sporov (OS):https:\/\/ec.europa.eu\/consumers\/odr\/.Na\u0161 e-po\u0161tni naslov najdete v zgornjem pravnem obvestilu. Re\u0161evanje potro\u0161ni\u0161kih sporov\/univerzalni arbitra\u017eni [&hellip;]<\/p>\n","protected":false},"author":1,"featured_media":0,"parent":0,"menu_order":0,"comment_status":"closed","ping_status":"closed","template":"","meta":{"footnotes":""},"class_list":["post-2535","page","type-page","status-publish","hentry"],"yoast_head":"<!-- This site is optimized with the Yoast SEO plugin v27.0 - https:\/\/yoast.com\/product\/yoast-seo-wordpress\/ -->\n<title>Odtis - Easy-Shipping-Online<\/title>\n<meta name=\"description\" content=\"Odtis podjetja Easy-Shipping-Online GmbH - Informacije v skladu s \u00a7 5 TMG: V skladu z zakonom TMG: naslov, kontaktni podatki in zakoniti zastopniki na prvi pogled.\" \/>\n<meta name=\"robots\" content=\"index, follow, max-snippet:-1, max-image-preview:large, max-video-preview:-1\" \/>\n<link rel=\"canonical\" href=\"https:\/\/easy-shipping-online.com\/sl\/odtis\/\" \/>\n<meta property=\"og:locale\" content=\"sl_SI\" \/>\n<meta property=\"og:type\" content=\"article\" \/>\n<meta property=\"og:title\" content=\"Odtis - Easy-Shipping-Online\" \/>\n<meta property=\"og:description\" content=\"Odtis podjetja Easy-Shipping-Online GmbH - Informacije v skladu s \u00a7 5 TMG: V skladu z zakonom TMG: naslov, kontaktni podatki in zakoniti zastopniki na prvi pogled.\" \/>\n<meta property=\"og:url\" content=\"https:\/\/easy-shipping-online.com\/sl\/odtis\/\" \/>\n<meta property=\"og:site_name\" content=\"Easy-Shipping-Online\" \/>\n<meta property=\"article:modified_time\" content=\"2025-07-22T10:18:56+00:00\" \/>\n<meta name=\"twitter:card\" content=\"summary_large_image\" \/>\n<meta name=\"twitter:label1\" content=\"Est. reading time\" \/>\n\t<meta name=\"twitter:data1\" content=\"2 minuti\" \/>\n<script type=\"application\/ld+json\" class=\"yoast-schema-graph\">{\"@context\":\"https:\/\/schema.org\",\"@graph\":[{\"@type\":\"WebPage\",\"@id\":\"https:\/\/easy-shipping-online.com\/sl\/odtis\/\",\"url\":\"https:\/\/easy-shipping-online.com\/sl\/odtis\/\",\"name\":\"Odtis - Easy-Shipping-Online\",\"isPartOf\":{\"@id\":\"https:\/\/easy-shipping-online.com\/sl\/#website\"},\"datePublished\":\"2025-03-21T09:05:18+00:00\",\"dateModified\":\"2025-07-22T10:18:56+00:00\",\"description\":\"Odtis podjetja Easy-Shipping-Online GmbH - Informacije v skladu s \u00a7 5 TMG: V skladu z zakonom TMG: naslov, kontaktni podatki in zakoniti zastopniki na prvi pogled.\",\"breadcrumb\":{\"@id\":\"https:\/\/easy-shipping-online.com\/sl\/odtis\/#breadcrumb\"},\"inLanguage\":\"sl-SI\",\"potentialAction\":[{\"@type\":\"ReadAction\",\"target\":[\"https:\/\/easy-shipping-online.com\/sl\/odtis\/\"]}]},{\"@type\":\"BreadcrumbList\",\"@id\":\"https:\/\/easy-shipping-online.com\/sl\/odtis\/#breadcrumb\",\"itemListElement\":[{\"@type\":\"ListItem\",\"position\":1,\"name\":\"Startseite\",\"item\":\"https:\/\/easy-shipping-online.com\/sl\/\"},{\"@type\":\"ListItem\",\"position\":2,\"name\":\"Odtis\"}]},{\"@type\":\"WebSite\",\"@id\":\"https:\/\/easy-shipping-online.com\/sl\/#website\",\"url\":\"https:\/\/easy-shipping-online.com\/sl\/\",\"name\":\"Easy-Shipping-Online\",\"description\":\"Auftragsmanagement f\u00fcr Transportdienstleister\",\"publisher\":{\"@id\":\"https:\/\/easy-shipping-online.com\/sl\/#organization\"},\"potentialAction\":[{\"@type\":\"SearchAction\",\"target\":{\"@type\":\"EntryPoint\",\"urlTemplate\":\"https:\/\/easy-shipping-online.com\/sl\/?s={search_term_string}\"},\"query-input\":{\"@type\":\"PropertyValueSpecification\",\"valueRequired\":true,\"valueName\":\"search_term_string\"}}],\"inLanguage\":\"sl-SI\"},{\"@type\":\"Organization\",\"@id\":\"https:\/\/easy-shipping-online.com\/sl\/#organization\",\"name\":\"Easy-Shipping-Online GmbH\",\"url\":\"https:\/\/easy-shipping-online.com\/sl\/\",\"logo\":{\"@type\":\"ImageObject\",\"inLanguage\":\"sl-SI\",\"@id\":\"https:\/\/easy-shipping-online.com\/sl\/#\/schema\/logo\/image\/\",\"url\":\"https:\/\/easy-shipping-online.com\/wp-content\/uploads\/2025\/01\/eso_logo_subline.svg\",\"contentUrl\":\"https:\/\/easy-shipping-online.com\/wp-content\/uploads\/2025\/01\/eso_logo_subline.svg\",\"width\":584,\"height\":235,\"caption\":\"Easy-Shipping-Online GmbH\"},\"image\":{\"@id\":\"https:\/\/easy-shipping-online.com\/sl\/#\/schema\/logo\/image\/\"}}]}<\/script>\n<!-- \/ Yoast SEO plugin. -->","yoast_head_json":{"title":"Odtis - Easy-Shipping-Online","description":"Odtis podjetja Easy-Shipping-Online GmbH - Informacije v skladu s \u00a7 5 TMG: V skladu z zakonom TMG: naslov, kontaktni podatki in zakoniti zastopniki na prvi pogled.","robots":{"index":"index","follow":"follow","max-snippet":"max-snippet:-1","max-image-preview":"max-image-preview:large","max-video-preview":"max-video-preview:-1"},"canonical":"https:\/\/easy-shipping-online.com\/sl\/odtis\/","og_locale":"sl_SI","og_type":"article","og_title":"Odtis - Easy-Shipping-Online","og_description":"Odtis podjetja Easy-Shipping-Online GmbH - Informacije v skladu s \u00a7 5 TMG: V skladu z zakonom TMG: naslov, kontaktni podatki in zakoniti zastopniki na prvi pogled.","og_url":"https:\/\/easy-shipping-online.com\/sl\/odtis\/","og_site_name":"Easy-Shipping-Online","article_modified_time":"2025-07-22T10:18:56+00:00","twitter_card":"summary_large_image","twitter_misc":{"Est. reading time":"2 minuti"},"schema":{"@context":"https:\/\/schema.org","@graph":[{"@type":"WebPage","@id":"https:\/\/easy-shipping-online.com\/sl\/odtis\/","url":"https:\/\/easy-shipping-online.com\/sl\/odtis\/","name":"Odtis - Easy-Shipping-Online","isPartOf":{"@id":"https:\/\/easy-shipping-online.com\/sl\/#website"},"datePublished":"2025-03-21T09:05:18+00:00","dateModified":"2025-07-22T10:18:56+00:00","description":"Odtis podjetja Easy-Shipping-Online GmbH - Informacije v skladu s \u00a7 5 TMG: V skladu z zakonom TMG: naslov, kontaktni podatki in zakoniti zastopniki na prvi pogled.","breadcrumb":{"@id":"https:\/\/easy-shipping-online.com\/sl\/odtis\/#breadcrumb"},"inLanguage":"sl-SI","potentialAction":[{"@type":"ReadAction","target":["https:\/\/easy-shipping-online.com\/sl\/odtis\/"]}]},{"@type":"BreadcrumbList","@id":"https:\/\/easy-shipping-online.com\/sl\/odtis\/#breadcrumb","itemListElement":[{"@type":"ListItem","position":1,"name":"Startseite","item":"https:\/\/easy-shipping-online.com\/sl\/"},{"@type":"ListItem","position":2,"name":"Odtis"}]},{"@type":"WebSite","@id":"https:\/\/easy-shipping-online.com\/sl\/#website","url":"https:\/\/easy-shipping-online.com\/sl\/","name":"Easy-Shipping-Online","description":"Auftragsmanagement f\u00fcr Transportdienstleister","publisher":{"@id":"https:\/\/easy-shipping-online.com\/sl\/#organization"},"potentialAction":[{"@type":"SearchAction","target":{"@type":"EntryPoint","urlTemplate":"https:\/\/easy-shipping-online.com\/sl\/?s={search_term_string}"},"query-input":{"@type":"PropertyValueSpecification","valueRequired":true,"valueName":"search_term_string"}}],"inLanguage":"sl-SI"},{"@type":"Organization","@id":"https:\/\/easy-shipping-online.com\/sl\/#organization","name":"Easy-Shipping-Online GmbH","url":"https:\/\/easy-shipping-online.com\/sl\/","logo":{"@type":"ImageObject","inLanguage":"sl-SI","@id":"https:\/\/easy-shipping-online.com\/sl\/#\/schema\/logo\/image\/","url":"https:\/\/easy-shipping-online.com\/wp-content\/uploads\/2025\/01\/eso_logo_subline.svg","contentUrl":"https:\/\/easy-shipping-online.com\/wp-content\/uploads\/2025\/01\/eso_logo_subline.svg","width":584,"height":235,"caption":"Easy-Shipping-Online GmbH"},"image":{"@id":"https:\/\/easy-shipping-online.com\/sl\/#\/schema\/logo\/image\/"}}]}},"_links":{"self":[{"href":"https:\/\/easy-shipping-online.com\/sl\/wp-json\/wp\/v2\/pages\/2535","targetHints":{"allow":["GET"]}}],"collection":[{"href":"https:\/\/easy-shipping-online.com\/sl\/wp-json\/wp\/v2\/pages"}],"about":[{"href":"https:\/\/easy-shipping-online.com\/sl\/wp-json\/wp\/v2\/types\/page"}],"author":[{"embeddable":true,"href":"https:\/\/easy-shipping-online.com\/sl\/wp-json\/wp\/v2\/users\/1"}],"replies":[{"embeddable":true,"href":"https:\/\/easy-shipping-online.com\/sl\/wp-json\/wp\/v2\/comments?post=2535"}],"version-history":[{"count":5,"href":"https:\/\/easy-shipping-online.com\/sl\/wp-json\/wp\/v2\/pages\/2535\/revisions"}],"predecessor-version":[{"id":4220,"href":"https:\/\/easy-shipping-online.com\/sl\/wp-json\/wp\/v2\/pages\/2535\/revisions\/4220"}],"wp:attachment":[{"href":"https:\/\/easy-shipping-online.com\/sl\/wp-json\/wp\/v2\/media?parent=2535"}],"curies":[{"name":"wp","href":"https:\/\/api.w.org\/{rel}","templated":true}]}}